{"id":774,"date":"2023-04-24T11:56:04","date_gmt":"2023-04-24T11:56:04","guid":{"rendered":"http:\/\/tannis-ausritte.de\/?page_id=774"},"modified":"2025-07-26T12:57:39","modified_gmt":"2025-07-26T10:57:39","slug":"erikas-horse-farm-privatausritt","status":"publish","type":"page","link":"https:\/\/tannis-ausritte.de\/en\/erikas-horse-farm-privatausritt\/","title":{"rendered":"Erikas Horse Farm Privatausritt"},"content":{"rendered":"\t\t<div data-elementor-type=\"wp-page\" data-elementor-id=\"774\" class=\"elementor elementor-774\" data-elementor-post-type=\"page\">\n\t\t\t\t\t\t<section class=\"elementor-section elementor-top-section elementor-element elementor-element-96e8643 elementor-section-boxed elementor-section-height-default elementor-section-height-default\" data-id=\"96e8643\" data-element_type=\"section\" data-e-type=\"section\">\n\t\t\t\t\t\t<div class=\"elementor-container elementor-column-gap-default\">\n\t\t\t\t\t<div class=\"elementor-column elementor-col-100 elementor-top-column elementor-element elementor-element-4540cfa\" data-id=\"4540cfa\" data-element_type=\"column\" data-e-type=\"column\">\n\t\t\t<div class=\"elementor-widget-wrap elementor-element-populated\">\n\t\t\t\t\t\t<div class=\"elementor-element elementor-element-ca57c6a elementor-widget elementor-widget-heading\" data-id=\"ca57c6a\" data-element_type=\"widget\" data-e-type=\"widget\" data-widget_type=\"heading.default\">\n\t\t\t\t<div class=\"elementor-widget-container\">\n\t\t\t\t\t<h2 class=\"elementor-heading-title elementor-size-default\">Erikas Horse Farm<\/h2>\t\t\t\t<\/div>\n\t\t\t\t<\/div>\n\t\t\t\t<div class=\"elementor-element elementor-element-1c754bb elementor-widget elementor-widget-heading\" data-id=\"1c754bb\" data-element_type=\"widget\" data-e-type=\"widget\" data-widget_type=\"heading.default\">\n\t\t\t\t<div class=\"elementor-widget-container\">\n\t\t\t\t\t<h2 class=\"elementor-heading-title elementor-size-default\">1 Stunde Privatausritt<\/h2>\t\t\t\t<\/div>\n\t\t\t\t<\/div>\n\t\t\t\t<div class=\"elementor-element elementor-element-1de849b elementor-widget elementor-widget-heading\" data-id=\"1de849b\" data-element_type=\"widget\" data-e-type=\"widget\" data-widget_type=\"heading.default\">\n\t\t\t\t<div class=\"elementor-widget-container\">\n\t\t\t\t\t<h6 class=\"elementor-heading-title elementor-size-default\"><a href=\"http:\/\/tannis-ausritte.de\/werbung-und-affiliate-links\/\">Dieser Bericht enth\u00e4lt Werbelinks und\/oder werbende Inhalte. Mehr dazu hier!<\/a><\/h6>\t\t\t\t<\/div>\n\t\t\t\t<\/div>\n\t\t\t\t<div class=\"elementor-element elementor-element-c086d4e elementor-widget elementor-widget-heading\" data-id=\"c086d4e\" data-element_type=\"widget\" data-e-type=\"widget\" data-widget_type=\"heading.default\">\n\t\t\t\t<div class=\"elementor-widget-container\">\n\t\t\t\t\t<h5 class=\"elementor-heading-title elementor-size-default\">10.08.2022<\/h5>\t\t\t\t<\/div>\n\t\t\t\t<\/div>\n\t\t\t\t<div class=\"elementor-element elementor-element-3137c0f elementor-widget elementor-widget-text-editor\" data-id=\"3137c0f\" data-element_type=\"widget\" data-e-type=\"widget\" data-widget_type=\"text-editor.default\">\n\t\t\t\t<div class=\"elementor-widget-container\">\n\t\t\t\t\t\t\t\t\t<p><span style=\"color: #333333;\">Was erwartet mich bei einem einst\u00fcndigen Privatausritt bei Erikas Horse Farm? Hier erf\u00e4hrst du alle wichtigen Informationen \u00fcber den Ablauf, den Stall, den Ausritt, ob Fotos gemacht werden und mein Fazit.<\/span><\/p>\t\t\t\t\t\t\t\t<\/div>\n\t\t\t\t<\/div>\n\t\t\t\t<div class=\"elementor-element elementor-element-b1fc418 elementor-widget elementor-widget-text-editor\" data-id=\"b1fc418\" data-element_type=\"widget\" data-e-type=\"widget\" data-widget_type=\"text-editor.default\">\n\t\t\t\t<div class=\"elementor-widget-container\">\n\t\t\t\t\t\t\t\t\t<p><audio class=\"wp-audio-shortcode\" id=\"audio-774-1\" preload=\"none\" style=\"width: 100%;\" controls=\"controls\"><source type=\"audio\/mpeg\" src=\"http:\/\/tannis-ausritte.de\/wp-content\/uploads\/2023\/05\/Erikas-Horse-Farm-Privatausritt.m4a?_=1\" \/><a href=\"http:\/\/tannis-ausritte.de\/wp-content\/uploads\/2023\/05\/Erikas-Horse-Farm-Privatausritt.m4a\">http:\/\/tannis-ausritte.de\/wp-content\/uploads\/2023\/05\/Erikas-Horse-Farm-Privatausritt.m4a<\/a><\/audio><\/p>\t\t\t\t\t\t\t\t<\/div>\n\t\t\t\t<\/div>\n\t\t\t\t<div class=\"elementor-element elementor-element-7528f06 elementor-toc--minimized-on-tablet elementor-widget elementor-widget-global elementor-global-9754 elementor-widget-table-of-contents\" data-id=\"7528f06\" data-element_type=\"widget\" data-e-type=\"widget\" data-settings=\"{&quot;headings_by_tags&quot;:[&quot;h4&quot;],&quot;exclude_headings_by_selector&quot;:[],&quot;no_headings_message&quot;:&quot;No headings were found on this page.&quot;,&quot;motion_fx_motion_fx_scrolling&quot;:&quot;yes&quot;,&quot;marker_view&quot;:&quot;numbers&quot;,&quot;minimize_box&quot;:&quot;yes&quot;,&quot;minimized_on&quot;:&quot;tablet&quot;,&quot;hierarchical_view&quot;:&quot;yes&quot;,&quot;min_height&quot;:{&quot;unit&quot;:&quot;px&quot;,&quot;size&quot;:&quot;&quot;,&quot;sizes&quot;:[]},&quot;min_height_tablet&quot;:{&quot;unit&quot;:&quot;px&quot;,&quot;size&quot;:&quot;&quot;,&quot;sizes&quot;:[]},&quot;min_height_mobile&quot;:{&quot;unit&quot;:&quot;px&quot;,&quot;size&quot;:&quot;&quot;,&quot;sizes&quot;:[]},&quot;motion_fx_devices&quot;:[&quot;desktop&quot;,&quot;tablet&quot;,&quot;mobile&quot;]}\" data-widget_type=\"table-of-contents.default\">\n\t\t\t\t<div class=\"elementor-widget-container\">\n\t\t\t\t\t\t\t\t\t<div class=\"elementor-toc__header\">\n\t\t\t\t\t\t<h4 class=\"elementor-toc__header-title\">\n\t\t\t\tInhaltsverzeichnis\t\t\t<\/h4>\n\t\t\t\t\t\t\t\t\t\t<div class=\"elementor-toc__toggle-button elementor-toc__toggle-button--expand\" role=\"button\" tabindex=\"0\" aria-controls=\"elementor-toc__7528f06\" aria-expanded=\"true\" aria-label=\"Open table of contents\"><i aria-hidden=\"true\" class=\"fas fa-chevron-down\"><\/i><\/div>\n\t\t\t\t<div class=\"elementor-toc__toggle-button elementor-toc__toggle-button--collapse\" role=\"button\" tabindex=\"0\" aria-controls=\"elementor-toc__7528f06\" aria-expanded=\"true\" aria-label=\"Close table of contents\"><i aria-hidden=\"true\" class=\"fas fa-chevron-up\"><\/i><\/div>\n\t\t\t\t\t<\/div>\n\t\t\t\t<div id=\"elementor-toc__7528f06\" class=\"elementor-toc__body\">\n\t\t\t<div class=\"elementor-toc__spinner-container\">\n\t\t\t\t<i class=\"elementor-toc__spinner eicon-animation-spin eicon-loading\" aria-hidden=\"true\"><\/i>\t\t\t<\/div>\n\t\t<\/div>\n\t\t\t\t\t\t<\/div>\n\t\t\t\t<\/div>\n\t\t\t\t<section class=\"elementor-section elementor-inner-section elementor-element elementor-element-d5e9e0f elementor-section-boxed elementor-section-height-default elementor-section-height-default\" data-id=\"d5e9e0f\" data-element_type=\"section\" data-e-type=\"section\">\n\t\t\t\t\t\t<div class=\"elementor-container elementor-column-gap-default\">\n\t\t\t\t\t<div class=\"elementor-column elementor-col-50 elementor-inner-column elementor-element elementor-element-592634c\" data-id=\"592634c\" data-element_type=\"column\" data-e-type=\"column\">\n\t\t\t<div class=\"elementor-widget-wrap elementor-element-populated\">\n\t\t\t\t\t\t<div class=\"elementor-element elementor-element-8a83e89 elementor-widget elementor-widget-heading\" data-id=\"8a83e89\" data-element_type=\"widget\" data-e-type=\"widget\" data-widget_type=\"heading.default\">\n\t\t\t\t<div class=\"elementor-widget-container\">\n\t\t\t\t\t<h4 class=\"elementor-heading-title elementor-size-default\">Infos<\/h4>\t\t\t\t<\/div>\n\t\t\t\t<\/div>\n\t\t\t\t<div class=\"elementor-element elementor-element-bd89b0d elementor-widget elementor-widget-text-editor\" data-id=\"bd89b0d\" data-element_type=\"widget\" data-e-type=\"widget\" data-widget_type=\"text-editor.default\">\n\t\t\t\t<div class=\"elementor-widget-container\">\n\t\t\t\t\t\t\t\t\t<p><span style=\"color: #333333;\">Ein Transfer holte uns am Strand ab.<\/span><\/p><p><span style=\"color: #333333;\">Die Zahlung erfolgte nach den Ausritt in Bar oder mit der Karte an der bar.\u00a0<\/span><\/p><p><span style=\"text-align: justify; color: #333333;\">Ganz spontan bekamen wir einen <a href=\"https:\/\/erikashorsefarm.gr\/de\/horse-riding-tours\/\" target=\"_blank\" rel=\"noopener\">Erikas Horse Farm<\/a>\u00a0<\/span><span style=\"color: #333333; text-align: justify; background-color: var(--base-3);\">Privatausritt am Strand. Wir waren am Strand und fragten nach einem Ausritt. Da ansonsten nichts frei war, bat Erika uns an, uns in 10 Minuten abzuholen und einen Privatausritt mit uns zu machen. Wir stimmten zu. 5 Minuten sp\u00e4ter sa\u00dfen wir im Transfer.<\/span><\/p>\t\t\t\t\t\t\t\t<\/div>\n\t\t\t\t<\/div>\n\t\t\t\t<div class=\"elementor-element elementor-element-bed313f elementor-widget elementor-widget-heading\" data-id=\"bed313f\" data-element_type=\"widget\" data-e-type=\"widget\" data-widget_type=\"heading.default\">\n\t\t\t\t<div class=\"elementor-widget-container\">\n\t\t\t\t\t<h4 class=\"elementor-heading-title elementor-size-default\">Stall<\/h4>\t\t\t\t<\/div>\n\t\t\t\t<\/div>\n\t\t\t\t<div class=\"elementor-element elementor-element-354fcf4 elementor-widget elementor-widget-text-editor\" data-id=\"354fcf4\" data-element_type=\"widget\" data-e-type=\"widget\" data-widget_type=\"text-editor.default\">\n\t\t\t\t<div class=\"elementor-widget-container\">\n\t\t\t\t\t\t\t\t\t<p><span style=\"color: #333333;\">Die Pferde lebten in Einzelboxen. Alle Boxen waren namentlich beschriftet. Die Mitarbeiter machten die Pferde auf dem Innenplatz fertig. Hinter den Boxen war eine Koppel zu sehen, auf denen Pferde standen.<\/span><\/p>\t\t\t\t\t\t\t\t<\/div>\n\t\t\t\t<\/div>\n\t\t\t\t<div class=\"elementor-element elementor-element-7035706 elementor-widget elementor-widget-heading\" data-id=\"7035706\" data-element_type=\"widget\" data-e-type=\"widget\" data-widget_type=\"heading.default\">\n\t\t\t\t<div class=\"elementor-widget-container\">\n\t\t\t\t\t<h4 class=\"elementor-heading-title elementor-size-default\">Ankunft<\/h4>\t\t\t\t<\/div>\n\t\t\t\t<\/div>\n\t\t\t\t<div class=\"elementor-element elementor-element-9e342d7 elementor-widget elementor-widget-text-editor\" data-id=\"9e342d7\" data-element_type=\"widget\" data-e-type=\"widget\" data-widget_type=\"text-editor.default\">\n\t\t\t\t<div class=\"elementor-widget-container\">\n\t\t\t\t\t\t\t\t\t<p><span style=\"color: #333333; text-align: justify;\">Wir zogen uns im Bad um. Bei der Helmkammer liehen wir uns Stiefel aus.<\/span><\/p><p><span style=\"color: #333333;\">Alle Pferde waren auf dem Innenplatz mit Sattel und teilweise\u00a0auch schon mit Trense f\u00fcr uns spontane Reiter angebunden. Erika teilte die Pferde ein, legte die Reihenfolge fest und der Ausritt ging los.<\/span><\/p>\t\t\t\t\t\t\t\t<\/div>\n\t\t\t\t<\/div>\n\t\t\t\t\t<\/div>\n\t\t<\/div>\n\t\t\t\t<div class=\"elementor-column elementor-col-50 elementor-inner-column elementor-element elementor-element-957772c\" data-id=\"957772c\" data-element_type=\"column\" data-e-type=\"column\">\n\t\t\t<div class=\"elementor-widget-wrap elementor-element-populated\">\n\t\t\t\t\t\t<div class=\"elementor-element elementor-element-d6f0386 elementor-widget elementor-widget-image\" data-id=\"d6f0386\" data-element_type=\"widget\" data-e-type=\"widget\" data-widget_type=\"image.default\">\n\t\t\t\t<div class=\"elementor-widget-container\">\n\t\t\t\t\t\t\t\t\t\t\t\t<figure class=\"wp-caption\">\n\t\t\t\t\t\t\t\t\t\t<img fetchpriority=\"high\" decoding=\"async\" width=\"1024\" height=\"768\" src=\"https:\/\/i0.wp.com\/tannis-ausritte.de\/wp-content\/uploads\/2022\/12\/e9d24529-a90c-4cc7-b092-3c279965ae08.jpg?fit=1024%2C768&amp;ssl=1\" class=\"attachment-large size-large wp-image-840\" alt=\"Erikas Horse Farm\" srcset=\"https:\/\/i0.wp.com\/tannis-ausritte.de\/wp-content\/uploads\/2022\/12\/e9d24529-a90c-4cc7-b092-3c279965ae08.jpg?w=1600&amp;ssl=1 1600w, https:\/\/i0.wp.com\/tannis-ausritte.de\/wp-content\/uploads\/2022\/12\/e9d24529-a90c-4cc7-b092-3c279965ae08.jpg?resize=300%2C225&amp;ssl=1 300w, https:\/\/i0.wp.com\/tannis-ausritte.de\/wp-content\/uploads\/2022\/12\/e9d24529-a90c-4cc7-b092-3c279965ae08.jpg?resize=1024%2C768&amp;ssl=1 1024w, https:\/\/i0.wp.com\/tannis-ausritte.de\/wp-content\/uploads\/2022\/12\/e9d24529-a90c-4cc7-b092-3c279965ae08.jpg?resize=768%2C576&amp;ssl=1 768w, https:\/\/i0.wp.com\/tannis-ausritte.de\/wp-content\/uploads\/2022\/12\/e9d24529-a90c-4cc7-b092-3c279965ae08.jpg?resize=1536%2C1152&amp;ssl=1 1536w\" sizes=\"(max-width: 1024px) 100vw, 1024px\" title=\"\">\t\t\t\t\t\t\t\t\t\t\t<figcaption class=\"widget-image-caption wp-caption-text\">Erikas Horse Farm<\/figcaption>\n\t\t\t\t\t\t\t\t\t\t<\/figure>\n\t\t\t\t\t\t\t\t\t<\/div>\n\t\t\t\t<\/div>\n\t\t\t\t<div class=\"elementor-element elementor-element-9745 elementor-cta--skin-classic elementor-animated-content elementor-bg-transform elementor-bg-transform-zoom-in elementor-widget elementor-widget-global elementor-global-9745 elementor-widget-call-to-action\" data-id=\"9745\" data-element_type=\"widget\" data-e-type=\"widget\" data-widget_type=\"call-to-action.default\">\n\t\t\t\t<div class=\"elementor-widget-container\">\n\t\t\t\t\t\t\t<div class=\"elementor-cta\">\n\t\t\t\t\t<div class=\"elementor-cta__bg-wrapper\">\n\t\t\t\t<div class=\"elementor-cta__bg elementor-bg\" style=\"background-image: url(https:\/\/i0.wp.com\/tannis-ausritte.de\/wp-content\/uploads\/2024\/11\/Vertical-Product-Promotion-3.png?fit=1024%2C1024&#038;ssl=1);\" role=\"img\" aria-label=\"Ausritt Tagebuch\"><\/div>\n\t\t\t\t<div class=\"elementor-cta__bg-overlay\"><\/div>\n\t\t\t<\/div>\n\t\t\t\t\t\t\t<div class=\"elementor-cta__content\">\n\t\t\t\t\n\t\t\t\t\t\t\t\t\t<h6 class=\"elementor-cta__title elementor-cta__content-item elementor-content-item\">\n\t\t\t\t\t\tMein Ausritt Tagebuch\t\t\t\t\t<\/h6>\n\t\t\t\t\n\t\t\t\t\t\t\t\t\t<h6 class=\"elementor-cta__description elementor-cta__content-item elementor-content-item\">\n\t\t\t\t\t\tDein pers\u00f6nlicher Begleiter f\u00fcr eigene Reiterreisen - mit viel Platz f\u00fcr Fotos &amp; Notizen!\t\t\t\t\t<\/h6>\n\t\t\t\t\n\t\t\t\t\t\t\t\t\t<div class=\"elementor-cta__button-wrapper elementor-cta__content-item elementor-content-item \">\n\t\t\t\t\t<a class=\"elementor-cta__button elementor-button elementor-size-\" href=\"https:\/\/tannis-ausritte.de\/shop\/\">\n\t\t\t\t\t\tJetzt im Shop erh\u00e4ltlich\t\t\t\t\t<\/a>\n\t\t\t\t\t<\/div>\n\t\t\t\t\t\t\t<\/div>\n\t\t\t\t\t\t<\/div>\n\t\t\t\t\t\t<\/div>\n\t\t\t\t<\/div>\n\t\t\t\t\t<\/div>\n\t\t<\/div>\n\t\t\t\t\t<\/div>\n\t\t<\/section>\n\t\t\t\t\t<\/div>\n\t\t<\/div>\n\t\t\t\t\t<\/div>\n\t\t<\/section>\n\t\t\t\t<section class=\"elementor-section elementor-top-section elementor-element elementor-element-4550378 elementor-section-boxed elementor-section-height-default elementor-section-height-default\" data-id=\"4550378\" data-element_type=\"section\" data-e-type=\"section\">\n\t\t\t\t\t\t<div class=\"elementor-container elementor-column-gap-default\">\n\t\t\t\t\t<div class=\"elementor-column elementor-col-100 elementor-top-column elementor-element elementor-element-3f26793\" data-id=\"3f26793\" data-element_type=\"column\" data-e-type=\"column\">\n\t\t\t<div class=\"elementor-widget-wrap elementor-element-populated\">\n\t\t\t\t\t\t<section class=\"elementor-section elementor-inner-section elementor-element elementor-element-090add9 elementor-section-boxed elementor-section-height-default elementor-section-height-default\" data-id=\"090add9\" data-element_type=\"section\" data-e-type=\"section\">\n\t\t\t\t\t\t<div class=\"elementor-container elementor-column-gap-default\">\n\t\t\t\t\t<div class=\"elementor-column elementor-col-50 elementor-inner-column elementor-element elementor-element-0f6fb1f\" data-id=\"0f6fb1f\" data-element_type=\"column\" data-e-type=\"column\">\n\t\t\t<div class=\"elementor-widget-wrap elementor-element-populated\">\n\t\t\t\t\t\t<div class=\"elementor-element elementor-element-9ebf8fb elementor-widget elementor-widget-heading\" data-id=\"9ebf8fb\" data-element_type=\"widget\" data-e-type=\"widget\" data-widget_type=\"heading.default\">\n\t\t\t\t<div class=\"elementor-widget-container\">\n\t\t\t\t\t<h4 class=\"elementor-heading-title elementor-size-default\">Ausritt<\/h4>\t\t\t\t<\/div>\n\t\t\t\t<\/div>\n\t\t\t\t<div class=\"elementor-element elementor-element-1870ef6 elementor-widget elementor-widget-text-editor\" data-id=\"1870ef6\" data-element_type=\"widget\" data-e-type=\"widget\" data-widget_type=\"text-editor.default\">\n\t\t\t\t<div class=\"elementor-widget-container\">\n\t\t\t\t\t\t\t\t\t<p style=\"text-align: left;\"><span style=\"color: #333333;\"><span style=\"background-image: initial; background-position: initial; background-size: initial; background-repeat: initial; background-attachment: initial; background-origin: initial; background-clip: initial;\">Zum Strand mussten wir die ganze Zeit eine Asphaltstra\u00dfe entlang reiten, auf der auch Autos zum Strand fuhren.\u00a0<br \/><\/span><span style=\"background-color: var(--base-3);\"><br \/>Am Strand angekommen, lie\u00df der erste Trab nicht lange auf sich warten. Auch der erste Galopp ging fr\u00fch los. Erika sagte uns immer vorher Bescheid, dass wir das Tempo wechselten.<br \/><\/span><span style=\"background-color: var(--base-3);\"><br \/>Wir ritten am Strand von Marmari nach Tigaki. In Tigaki ging es Richtung Marmari in die D\u00fcnen rein. Dort galoppierten wir auch wieder. Auf der H\u00e4lfte ritten wir wieder runter zum Strand Richtung Marmari. Dort trabten und galoppierten wir auch wieder.\u00a0<\/span><span style=\"background-color: var(--base-3);\">Als wir wieder am Marmari-Strand ankamen, ging es wieder im Schritt \u00fcber die Asphaltstra\u00dfe zur Farm.<\/span><\/span><\/p><p style=\"text-align: left;\"><span style=\"color: #333333;\">Beim Strand gab es keinen Strandabschnitt f\u00fcr Reiter. Bei dem Ausritt musste an Touristen vorbei geritten werden. Trotzdem machte es sehr viel Spa\u00df.<\/span><\/p>\t\t\t\t\t\t\t\t<\/div>\n\t\t\t\t<\/div>\n\t\t\t\t<div class=\"elementor-element elementor-element-20513c0 elementor-widget elementor-widget-heading\" data-id=\"20513c0\" data-element_type=\"widget\" data-e-type=\"widget\" data-widget_type=\"heading.default\">\n\t\t\t\t<div class=\"elementor-widget-container\">\n\t\t\t\t\t<h4 class=\"elementor-heading-title elementor-size-default\">Nach dem Ausritt<\/h4>\t\t\t\t<\/div>\n\t\t\t\t<\/div>\n\t\t\t\t<div class=\"elementor-element elementor-element-f3f4031 elementor-widget elementor-widget-text-editor\" data-id=\"f3f4031\" data-element_type=\"widget\" data-e-type=\"widget\" data-widget_type=\"text-editor.default\">\n\t\t\t\t<div class=\"elementor-widget-container\">\n\t\t\t\t\t\t\t\t\t<p><span style=\"color: #333333;\">Zur\u00fcck im Stall sa\u00dfen wir ab und das Team band die Pferde an den Anbindepl\u00e4tzen f\u00fcr den n\u00e4chsten Ausritt an.\u00a0<\/span><\/p><p><span style=\"color: #333333;\">Als wir in die Bar kamen, spielte das Team &#8222;Happy Birthday&#8220; \u00fcber die Musikanlage. Von Erika gab es einen Eisbecher aufs Haus.\u00a0<\/span><\/p><p><span style=\"color: #333333;\">Ein Mitarbeiter fuhr uns wieder zum Strand zur\u00fcck.<\/span><\/p>\t\t\t\t\t\t\t\t<\/div>\n\t\t\t\t<\/div>\n\t\t\t\t<div class=\"elementor-element elementor-element-1972e6a elementor-widget elementor-widget-heading\" data-id=\"1972e6a\" data-element_type=\"widget\" data-e-type=\"widget\" data-widget_type=\"heading.default\">\n\t\t\t\t<div class=\"elementor-widget-container\">\n\t\t\t\t\t<h4 class=\"elementor-heading-title elementor-size-default\">Fotos<\/h4>\t\t\t\t<\/div>\n\t\t\t\t<\/div>\n\t\t\t\t<div class=\"elementor-element elementor-element-ff5a33e elementor-widget elementor-widget-text-editor\" data-id=\"ff5a33e\" data-element_type=\"widget\" data-e-type=\"widget\" data-widget_type=\"text-editor.default\">\n\t\t\t\t<div class=\"elementor-widget-container\">\n\t\t\t\t\t\t\t\t\t<p><span style=\"color: #333333;\">Am Strand machten wir eine Foto-Pause. Auf Anfrage bekamen wir zus\u00e4tzlich ein Galopp Video am Strand.<\/span><\/p>\t\t\t\t\t\t\t\t<\/div>\n\t\t\t\t<\/div>\n\t\t\t\t<div class=\"elementor-element elementor-element-5f57c32 elementor-widget elementor-widget-heading\" data-id=\"5f57c32\" data-element_type=\"widget\" data-e-type=\"widget\" data-widget_type=\"heading.default\">\n\t\t\t\t<div class=\"elementor-widget-container\">\n\t\t\t\t\t<h4 class=\"elementor-heading-title elementor-size-default\">Mein Fazit<\/h4>\t\t\t\t<\/div>\n\t\t\t\t<\/div>\n\t\t\t\t<div class=\"elementor-element elementor-element-e1a5e5b elementor-widget elementor-widget-text-editor\" data-id=\"e1a5e5b\" data-element_type=\"widget\" data-e-type=\"widget\" data-widget_type=\"text-editor.default\">\n\t\t\t\t<div class=\"elementor-widget-container\">\n\t\t\t\t\t\t\t\t\t<p><span style=\"color: #333333;\">Mir hatte der Ausritt sehr gut gefallen und viel Spa\u00df gemacht. Es war ein sch\u00f6ner Geburtstag. <\/span><\/p><p><span style=\"color: #333333;\">Toll war die Flexibilit\u00e4t und das Angebot innerhalb k\u00fcrzester Zeit uns f\u00fcr ein Privatausritt zu holen. Am Strand und in den D\u00fcnen reiten war etwas Sch\u00f6nes. <\/span><\/p><p><span style=\"color: #333333;\">Vom Strand aus konnten wir die Inseln Kalymnos, Pserimos und das Festland der T\u00fcrkei sehen.<\/span><\/p>\t\t\t\t\t\t\t\t<\/div>\n\t\t\t\t<\/div>\n\t\t\t\t\t<\/div>\n\t\t<\/div>\n\t\t\t\t<div class=\"elementor-column elementor-col-50 elementor-inner-column elementor-element elementor-element-e916e17\" data-id=\"e916e17\" data-element_type=\"column\" data-e-type=\"column\">\n\t\t\t<div class=\"elementor-widget-wrap elementor-element-populated\">\n\t\t\t\t\t\t<div class=\"elementor-element elementor-element-08b40cc elementor-widget elementor-widget-image\" data-id=\"08b40cc\" data-element_type=\"widget\" data-e-type=\"widget\" data-widget_type=\"image.default\">\n\t\t\t\t<div class=\"elementor-widget-container\">\n\t\t\t\t\t\t\t\t\t\t\t\t<figure class=\"wp-caption\">\n\t\t\t\t\t\t\t\t\t\t<img decoding=\"async\" width=\"768\" height=\"1024\" src=\"https:\/\/i0.wp.com\/tannis-ausritte.de\/wp-content\/uploads\/2022\/12\/51bd2373-de1a-471f-8e82-acaba1c57bcb.jpg?fit=768%2C1024&amp;ssl=1\" class=\"attachment-large size-large wp-image-783\" alt=\"Erikas Horse Farm\" srcset=\"https:\/\/i0.wp.com\/tannis-ausritte.de\/wp-content\/uploads\/2022\/12\/51bd2373-de1a-471f-8e82-acaba1c57bcb.jpg?w=1200&amp;ssl=1 1200w, https:\/\/i0.wp.com\/tannis-ausritte.de\/wp-content\/uploads\/2022\/12\/51bd2373-de1a-471f-8e82-acaba1c57bcb.jpg?resize=225%2C300&amp;ssl=1 225w, https:\/\/i0.wp.com\/tannis-ausritte.de\/wp-content\/uploads\/2022\/12\/51bd2373-de1a-471f-8e82-acaba1c57bcb.jpg?resize=768%2C1024&amp;ssl=1 768w, https:\/\/i0.wp.com\/tannis-ausritte.de\/wp-content\/uploads\/2022\/12\/51bd2373-de1a-471f-8e82-acaba1c57bcb.jpg?resize=1152%2C1536&amp;ssl=1 1152w\" sizes=\"(max-width: 768px) 100vw, 768px\" title=\"\">\t\t\t\t\t\t\t\t\t\t\t<figcaption class=\"widget-image-caption wp-caption-text\">Erikas Horse Farm<\/figcaption>\n\t\t\t\t\t\t\t\t\t\t<\/figure>\n\t\t\t\t\t\t\t\t\t<\/div>\n\t\t\t\t<\/div>\n\t\t\t\t\t<\/div>\n\t\t<\/div>\n\t\t\t\t\t<\/div>\n\t\t<\/section>\n\t\t\t\t\t<\/div>\n\t\t<\/div>\n\t\t\t\t\t<\/div>\n\t\t<\/section>\n\t\t\t\t<\/div>\n\t\t","protected":false},"excerpt":{"rendered":"<p>Erikas Horse Farm 1 Stunde Privatausritt Dieser Bericht enth\u00e4lt Werbelinks und\/oder werbende Inhalte. Mehr dazu hier! 10.08.2022 Was erwartet mich bei einem einst\u00fcndigen Privatausritt bei Erikas Horse Farm? Hier erf\u00e4hrst du alle wichtigen Informationen \u00fcber den Ablauf, den Stall, den Ausritt, ob Fotos gemacht werden und mein Fazit. Inhaltsverzeichnis Infos Ein Transfer holte uns am &#8230; <a title=\"Erikas Horse Farm Privatausritt\" class=\"read-more\" href=\"https:\/\/tannis-ausritte.de\/en\/erikas-horse-farm-privatausritt\/\" aria-label=\"Read more about Erikas Horse Farm Privatausritt\">Read more<\/a><\/p>","protected":false},"author":1,"featured_media":0,"parent":0,"menu_order":0,"comment_status":"open","ping_status":"closed","template":"","meta":{"footnotes":""},"class_list":["post-774","page","type-page","status-publish"],"jetpack_sharing_enabled":true,"_links":{"self":[{"href":"https:\/\/tannis-ausritte.de\/en\/wp-json\/wp\/v2\/pages\/774","targetHints":{"allow":["GET"]}}],"collection":[{"href":"https:\/\/tannis-ausritte.de\/en\/wp-json\/wp\/v2\/pages"}],"about":[{"href":"https:\/\/tannis-ausritte.de\/en\/wp-json\/wp\/v2\/types\/page"}],"author":[{"embeddable":true,"href":"https:\/\/tannis-ausritte.de\/en\/wp-json\/wp\/v2\/users\/1"}],"replies":[{"embeddable":true,"href":"https:\/\/tannis-ausritte.de\/en\/wp-json\/wp\/v2\/comments?post=774"}],"version-history":[{"count":9,"href":"https:\/\/tannis-ausritte.de\/en\/wp-json\/wp\/v2\/pages\/774\/revisions"}],"predecessor-version":[{"id":9887,"href":"https:\/\/tannis-ausritte.de\/en\/wp-json\/wp\/v2\/pages\/774\/revisions\/9887"}],"wp:attachment":[{"href":"https:\/\/tannis-ausritte.de\/en\/wp-json\/wp\/v2\/media?parent=774"}],"curies":[{"name":"wp","href":"https:\/\/api.w.org\/{rel}","templated":true}]}}