{"id":6988,"date":"2024-10-03T14:38:35","date_gmt":"2024-10-03T12:38:35","guid":{"rendered":"https:\/\/tannis-ausritte.de\/versandarten\/"},"modified":"2025-07-26T14:19:24","modified_gmt":"2025-07-26T12:19:24","slug":"versandarten","status":"publish","type":"page","link":"https:\/\/tannis-ausritte.de\/en\/versandarten\/","title":{"rendered":"Shipping Methods"},"content":{"rendered":"<div data-elementor-type=\"wp-page\" data-elementor-id=\"6988\" class=\"elementor elementor-6988\" data-elementor-post-type=\"page\">\n\t\t\t\t\t\t<section class=\"elementor-section elementor-top-section elementor-element elementor-element-9db934a elementor-section-boxed elementor-section-height-default elementor-section-height-default\" data-id=\"9db934a\" data-element_type=\"section\" data-e-type=\"section\">\n\t\t\t\t\t\t<div class=\"elementor-container elementor-column-gap-default\">\n\t\t\t\t\t<div class=\"elementor-column elementor-col-100 elementor-top-column elementor-element elementor-element-660b20e\" data-id=\"660b20e\" data-element_type=\"column\" data-e-type=\"column\">\n\t\t\t<div class=\"elementor-widget-wrap elementor-element-populated\">\n\t\t\t\t\t\t<div class=\"elementor-element elementor-element-8c7108e elementor-widget elementor-widget-heading\" data-id=\"8c7108e\" data-element_type=\"widget\" data-e-type=\"widget\" data-widget_type=\"heading.default\">\n\t\t\t\t<div class=\"elementor-widget-container\">\n\t\t\t\t\t<h2 class=\"elementor-heading-title elementor-size-default\">Shipping costs<\/h2>\t\t\t\t<\/div>\n\t\t\t\t<\/div>\n\t\t\t\t\t<\/div>\n\t\t<\/div>\n\t\t\t\t\t<\/div>\n\t\t<\/section>\n\t\t\t\t<section class=\"elementor-section elementor-top-section elementor-element elementor-element-2bbc761 elementor-section-boxed elementor-section-height-default elementor-section-height-default\" data-id=\"2bbc761\" data-element_type=\"section\" data-e-type=\"section\">\n\t\t\t\t\t\t<div class=\"elementor-container elementor-column-gap-default\">\n\t\t\t\t\t<div class=\"elementor-column elementor-col-100 elementor-top-column elementor-element elementor-element-acb6a45\" data-id=\"acb6a45\" data-element_type=\"column\" data-e-type=\"column\">\n\t\t\t<div class=\"elementor-widget-wrap elementor-element-populated\">\n\t\t\t\t\t\t<div class=\"elementor-element elementor-element-ac4226e elementor-widget elementor-widget-text-editor\" data-id=\"ac4226e\" data-element_type=\"widget\" data-e-type=\"widget\" data-widget_type=\"text-editor.default\">\n\t\t\t\t<div class=\"elementor-widget-container\">\n\t\t\t\t\t\t\t\t\t<p><span style=\"color: #333333;\">We ship by default only to the countries listed below. The applicable shipping costs and approximate delivery times can be found in the table below.<\/span><\/p><p><span style=\"color: #333333;\">Your order is usually shipped via DHL.<\/span><\/p><table><tbody><tr><th><span style=\"color: #333333;\">Country<\/span><\/th><th><span style=\"color: #333333;\">Cost<\/span><\/th><th><span style=\"color: #333333;\">Delivery time<\/span><\/th><\/tr><tr><td><span style=\"color: #333333;\">Germany\u00a0<\/span><\/td><td><span style=\"color: #333333;\">4,99\u20ac\u00a0<\/span>(free shipping for orders over \u20ac40)<\/td><td><span style=\"color: #333333;\">approx. 1-3 days<\/span><\/td><\/tr><tr><td><span style=\"color: #333333;\">EU countries<\/span><\/td><td><span style=\"color: #333333;\">from \u20ac17.50**<\/span><\/td><td><span style=\"color: #333333;\">approx. 3-5 days<\/span><\/td><\/tr><tr><td><span style=\"color: #333333;\">Non-EU countries in Europe<\/span><\/td><td><span style=\"color: #333333;\">from \u20ac27,50**<\/span><\/td><td><span style=\"color: #333333;\">approx. 10-30 days*<\/span><\/td><\/tr><tr><td><span style=\"color: #333333;\">Middle East &amp; North America<\/span><\/td><td><span style=\"color: #333333;\">40,00\u20ac**<\/span><\/td><td><span style=\"color: #333333;\">approx. 20-30 days*<\/span><\/td><\/tr><tr><td><span style=\"color: #333333;\">Rest of the world<\/span><\/td><td><span style=\"color: #333333;\">50,00\u20ac**<\/span><\/td><td><span style=\"color: #333333;\">approx. 20-30 days*<\/span><\/td><\/tr><\/tbody><\/table><p><span style=\"color: #333333;\">*depending on customs, etc.<\/span><\/p><p><span style=\"color: #333333;\">Please note that we can only ship your order after payment has been received. Accordingly, the delivery time may be slightly longer, e.g., for advance payment.<\/span><\/p><p><span style=\"color: #333333;\">** Attention: For shipments abroad, additional costs for customs clearance or similar may apply. These costs are borne by you.<\/span><\/p>\t\t\t\t\t\t\t\t<\/div>\n\t\t\t\t<\/div>\n\t\t\t\t\t<\/div>\n\t\t<\/div>\n\t\t\t\t\t<\/div>\n\t\t<\/section>\n\t\t\t\t<section class=\"elementor-section elementor-top-section elementor-element elementor-element-4bcd431 elementor-section-boxed elementor-section-height-default elementor-section-height-default\" data-id=\"4bcd431\" data-element_type=\"section\" data-e-type=\"section\">\n\t\t\t\t\t\t<div class=\"elementor-container elementor-column-gap-default\">\n\t\t\t\t\t<div class=\"elementor-column elementor-col-100 elementor-top-column elementor-element elementor-element-7d1a1de\" data-id=\"7d1a1de\" data-element_type=\"column\" data-e-type=\"column\">\n\t\t\t<div class=\"elementor-widget-wrap elementor-element-populated\">\n\t\t\t\t\t\t<div class=\"elementor-element elementor-element-d24341c elementor-widget elementor-widget-heading\" data-id=\"d24341c\" data-element_type=\"widget\" data-e-type=\"widget\" data-widget_type=\"heading.default\">\n\t\t\t\t<div class=\"elementor-widget-container\">\n\t\t\t\t\t<h1 class=\"elementor-heading-title elementor-size-default\">Shipping costs<\/h1>\t\t\t\t<\/div>\n\t\t\t\t<\/div>\n\t\t\t\t\t<\/div>\n\t\t<\/div>\n\t\t\t\t\t<\/div>\n\t\t<\/section>\n\t\t\t\t<\/div>","protected":false},"excerpt":{"rendered":"<p>Versandkosten Wir versenden standardm\u00e4\u00dfig nur in die unten aufgef\u00fchrten L\u00e4nder. Die jeweils anfallenden Versandkosten, sowie ungef\u00e4hren Lieferzeiten, kannst du der unten angegebenen Tabelle entnehmen. Der Versand deiner Bestellung erfolgt in der Regel \u00fcber DHL. Land Kosten Lieferzeit Deutschland\u00a0 4,99\u20ac\u00a0(ab 40 \u20ac Bestellwert ist der Versand kostenlos) ca. 1-3 Tage EU-Land ab 17,50\u20ac** ca. 3-5 Tage &#8230; <a title=\"Shipping Methods\" class=\"read-more\" href=\"https:\/\/tannis-ausritte.de\/en\/versandarten\/\" aria-label=\"Read more about Versandarten\">Read more<\/a><\/p>","protected":false},"author":1,"featured_media":0,"parent":0,"menu_order":0,"comment_status":"closed","ping_status":"closed","template":"","meta":{"footnotes":""},"class_list":["post-6988","page","type-page","status-publish"],"jetpack_sharing_enabled":true,"_links":{"self":[{"href":"https:\/\/tannis-ausritte.de\/en\/wp-json\/wp\/v2\/pages\/6988","targetHints":{"allow":["GET"]}}],"collection":[{"href":"https:\/\/tannis-ausritte.de\/en\/wp-json\/wp\/v2\/pages"}],"about":[{"href":"https:\/\/tannis-ausritte.de\/en\/wp-json\/wp\/v2\/types\/page"}],"author":[{"embeddable":true,"href":"https:\/\/tannis-ausritte.de\/en\/wp-json\/wp\/v2\/users\/1"}],"replies":[{"embeddable":true,"href":"https:\/\/tannis-ausritte.de\/en\/wp-json\/wp\/v2\/comments?post=6988"}],"version-history":[{"count":24,"href":"https:\/\/tannis-ausritte.de\/en\/wp-json\/wp\/v2\/pages\/6988\/revisions"}],"predecessor-version":[{"id":10050,"href":"https:\/\/tannis-ausritte.de\/en\/wp-json\/wp\/v2\/pages\/6988\/revisions\/10050"}],"wp:attachment":[{"href":"https:\/\/tannis-ausritte.de\/en\/wp-json\/wp\/v2\/media?parent=6988"}],"curies":[{"name":"wp","href":"https:\/\/api.w.org\/{rel}","templated":true}]}}