{"id":333,"date":"2023-04-14T07:07:35","date_gmt":"2023-04-14T07:07:35","guid":{"rendered":"http:\/\/tannis-ausritte.de\/?page_id=333"},"modified":"2025-07-26T12:39:46","modified_gmt":"2025-07-26T10:39:46","slug":"appleranch","status":"publish","type":"page","link":"https:\/\/tannis-ausritte.de\/en\/appleranch\/","title":{"rendered":"Appleranch"},"content":{"rendered":"\t\t<div data-elementor-type=\"wp-page\" data-elementor-id=\"333\" class=\"elementor elementor-333\" data-elementor-post-type=\"page\">\n\t\t\t\t\t\t<section class=\"elementor-section elementor-top-section elementor-element elementor-element-1461235 elementor-section-boxed elementor-section-height-default elementor-section-height-default\" data-id=\"1461235\" data-element_type=\"section\" data-e-type=\"section\">\n\t\t\t\t\t\t<div class=\"elementor-container elementor-column-gap-default\">\n\t\t\t\t\t<div class=\"elementor-column elementor-col-100 elementor-top-column elementor-element elementor-element-1d67f09\" data-id=\"1d67f09\" data-element_type=\"column\" data-e-type=\"column\">\n\t\t\t<div class=\"elementor-widget-wrap elementor-element-populated\">\n\t\t\t\t\t\t<div class=\"elementor-element elementor-element-e609543 elementor-widget elementor-widget-heading\" data-id=\"e609543\" data-element_type=\"widget\" data-e-type=\"widget\" data-widget_type=\"heading.default\">\n\t\t\t\t<div class=\"elementor-widget-container\">\n\t\t\t\t\t<h2 class=\"elementor-heading-title elementor-size-default\">Appleranch<\/h2>\t\t\t\t<\/div>\n\t\t\t\t<\/div>\n\t\t\t\t<div class=\"elementor-element elementor-element-2d6b42b elementor-widget elementor-widget-heading\" data-id=\"2d6b42b\" data-element_type=\"widget\" data-e-type=\"widget\" data-widget_type=\"heading.default\">\n\t\t\t\t<div class=\"elementor-widget-container\">\n\t\t\t\t\t<h2 class=\"elementor-heading-title elementor-size-default\">Ausritt (2 Stunden) f\u00fcr fortgeschrittene Reiter<\/h2>\t\t\t\t<\/div>\n\t\t\t\t<\/div>\n\t\t\t\t<div class=\"elementor-element elementor-element-f8149a1 elementor-widget elementor-widget-heading\" data-id=\"f8149a1\" data-element_type=\"widget\" data-e-type=\"widget\" data-widget_type=\"heading.default\">\n\t\t\t\t<div class=\"elementor-widget-container\">\n\t\t\t\t\t<h6 class=\"elementor-heading-title elementor-size-default\"><a href=\"http:\/\/tannis-ausritte.de\/werbung-und-affiliate-links\/\">Dieser Bericht enth\u00e4lt Werbelinks und\/oder werbende Inhalte. Mehr dazu hier!<\/a><\/h6>\t\t\t\t<\/div>\n\t\t\t\t<\/div>\n\t\t\t\t<div class=\"elementor-element elementor-element-d2ca15f elementor-widget elementor-widget-heading\" data-id=\"d2ca15f\" data-element_type=\"widget\" data-e-type=\"widget\" data-widget_type=\"heading.default\">\n\t\t\t\t<div class=\"elementor-widget-container\">\n\t\t\t\t\t<h5 class=\"elementor-heading-title elementor-size-default\">27.03.2021<\/h5>\t\t\t\t<\/div>\n\t\t\t\t<\/div>\n\t\t\t\t<div class=\"elementor-element elementor-element-de3c2b7 elementor-widget elementor-widget-text-editor\" data-id=\"de3c2b7\" data-element_type=\"widget\" data-e-type=\"widget\" data-widget_type=\"text-editor.default\">\n\t\t\t\t<div class=\"elementor-widget-container\">\n\t\t\t\t\t\t\t\t\t<p><span style=\"color: #333333; font-size: 20px; text-align: justify;\">Was erwartet mich bei einem Zweistunden Ausritt f\u00fcr fortgeschrittene Reiter bei der Appleranch? Hier erf\u00e4hrst du alle wichtigen Informationen \u00fcber den Ablauf, den Stall, den Ausritt, ob Fotos gemacht werden und mein Fazit.<\/span><\/p>\t\t\t\t\t\t\t\t<\/div>\n\t\t\t\t<\/div>\n\t\t\t\t<div class=\"elementor-element elementor-element-a6d155f elementor-widget elementor-widget-text-editor\" data-id=\"a6d155f\" data-element_type=\"widget\" data-e-type=\"widget\" data-widget_type=\"text-editor.default\">\n\t\t\t\t<div class=\"elementor-widget-container\">\n\t\t\t\t\t\t\t\t\t<p><audio class=\"wp-audio-shortcode\" id=\"audio-333-1\" preload=\"none\" style=\"width: 100%;\" controls=\"controls\"><source type=\"audio\/mpeg\" src=\"http:\/\/tannis-ausritte.de\/wp-content\/uploads\/2023\/05\/Appleranch.m4a?_=1\" \/><a href=\"http:\/\/tannis-ausritte.de\/wp-content\/uploads\/2023\/05\/Appleranch.m4a\">http:\/\/tannis-ausritte.de\/wp-content\/uploads\/2023\/05\/Appleranch.m4a<\/a><\/audio><\/p>\t\t\t\t\t\t\t\t<\/div>\n\t\t\t\t<\/div>\n\t\t\t\t<div class=\"elementor-element elementor-element-e338134 elementor-toc--minimized-on-tablet elementor-widget elementor-widget-global elementor-global-9754 elementor-widget-table-of-contents\" data-id=\"e338134\" data-element_type=\"widget\" data-e-type=\"widget\" data-settings=\"{&quot;headings_by_tags&quot;:[&quot;h4&quot;],&quot;exclude_headings_by_selector&quot;:[],&quot;no_headings_message&quot;:&quot;No headings were found on this page.&quot;,&quot;motion_fx_motion_fx_scrolling&quot;:&quot;yes&quot;,&quot;marker_view&quot;:&quot;numbers&quot;,&quot;minimize_box&quot;:&quot;yes&quot;,&quot;minimized_on&quot;:&quot;tablet&quot;,&quot;hierarchical_view&quot;:&quot;yes&quot;,&quot;min_height&quot;:{&quot;unit&quot;:&quot;px&quot;,&quot;size&quot;:&quot;&quot;,&quot;sizes&quot;:[]},&quot;min_height_tablet&quot;:{&quot;unit&quot;:&quot;px&quot;,&quot;size&quot;:&quot;&quot;,&quot;sizes&quot;:[]},&quot;min_height_mobile&quot;:{&quot;unit&quot;:&quot;px&quot;,&quot;size&quot;:&quot;&quot;,&quot;sizes&quot;:[]},&quot;motion_fx_devices&quot;:[&quot;desktop&quot;,&quot;tablet&quot;,&quot;mobile&quot;]}\" data-widget_type=\"table-of-contents.default\">\n\t\t\t\t<div class=\"elementor-widget-container\">\n\t\t\t\t\t\t\t\t\t<div class=\"elementor-toc__header\">\n\t\t\t\t\t\t<h4 class=\"elementor-toc__header-title\">\n\t\t\t\tInhaltsverzeichnis\t\t\t<\/h4>\n\t\t\t\t\t\t\t\t\t\t<div class=\"elementor-toc__toggle-button elementor-toc__toggle-button--expand\" role=\"button\" tabindex=\"0\" aria-controls=\"elementor-toc__e338134\" aria-expanded=\"true\" aria-label=\"Open table of contents\"><i aria-hidden=\"true\" class=\"fas fa-chevron-down\"><\/i><\/div>\n\t\t\t\t<div class=\"elementor-toc__toggle-button elementor-toc__toggle-button--collapse\" role=\"button\" tabindex=\"0\" aria-controls=\"elementor-toc__e338134\" aria-expanded=\"true\" aria-label=\"Close table of contents\"><i aria-hidden=\"true\" class=\"fas fa-chevron-up\"><\/i><\/div>\n\t\t\t\t\t<\/div>\n\t\t\t\t<div id=\"elementor-toc__e338134\" class=\"elementor-toc__body\">\n\t\t\t<div class=\"elementor-toc__spinner-container\">\n\t\t\t\t<i class=\"elementor-toc__spinner eicon-animation-spin eicon-loading\" aria-hidden=\"true\"><\/i>\t\t\t<\/div>\n\t\t<\/div>\n\t\t\t\t\t\t<\/div>\n\t\t\t\t<\/div>\n\t\t\t\t\t<\/div>\n\t\t<\/div>\n\t\t\t\t\t<\/div>\n\t\t<\/section>\n\t\t\t\t<section class=\"elementor-section elementor-top-section elementor-element elementor-element-42a5d64 elementor-section-boxed elementor-section-height-default elementor-section-height-default\" data-id=\"42a5d64\" data-element_type=\"section\" data-e-type=\"section\">\n\t\t\t\t\t\t<div class=\"elementor-container elementor-column-gap-default\">\n\t\t\t\t\t<div class=\"elementor-column elementor-col-100 elementor-top-column elementor-element elementor-element-3379a98\" data-id=\"3379a98\" data-element_type=\"column\" data-e-type=\"column\">\n\t\t\t<div class=\"elementor-widget-wrap elementor-element-populated\">\n\t\t\t\t\t\t<section class=\"elementor-section elementor-inner-section elementor-element elementor-element-9c2871d elementor-section-boxed elementor-section-height-default elementor-section-height-default\" data-id=\"9c2871d\" data-element_type=\"section\" data-e-type=\"section\">\n\t\t\t\t\t\t<div class=\"elementor-container elementor-column-gap-default\">\n\t\t\t\t\t<div class=\"elementor-column elementor-col-50 elementor-inner-column elementor-element elementor-element-94fc729\" data-id=\"94fc729\" data-element_type=\"column\" data-e-type=\"column\">\n\t\t\t<div class=\"elementor-widget-wrap elementor-element-populated\">\n\t\t\t\t\t\t<div class=\"elementor-element elementor-element-21038c7 elementor-widget elementor-widget-heading\" data-id=\"21038c7\" data-element_type=\"widget\" data-e-type=\"widget\" data-widget_type=\"heading.default\">\n\t\t\t\t<div class=\"elementor-widget-container\">\n\t\t\t\t\t<h4 class=\"elementor-heading-title elementor-size-default\">Infos<\/h4>\t\t\t\t<\/div>\n\t\t\t\t<\/div>\n\t\t\t\t<div class=\"elementor-element elementor-element-11940bf elementor-widget elementor-widget-text-editor\" data-id=\"11940bf\" data-element_type=\"widget\" data-e-type=\"widget\" data-widget_type=\"text-editor.default\">\n\t\t\t\t<div class=\"elementor-widget-container\">\n\t\t\t\t\t\t\t\t\t<p><span style=\"color: #333333;\">Der Stall bietet keine G\u00e4ste-Ausritte mehr an. <\/span><br \/><span style=\"color: #333333;\">(Stand Juli 2022)<\/span><\/p><p><span style=\"color: #333333;\">Die Ausritte f\u00fcr G\u00e4ste fanden nicht regelm\u00e4\u00dfig statt. Es gab eine\u00a0Whatsapp-Gruppe f\u00fcr G\u00e4ste. In diese Gruppe schrieb die Besitzerin, wann\u00a0sie Zeit f\u00fcr einen Ausritt hatte. Jeder konnte sich auf die Nachricht\u00a0melden. Die Reitg\u00e4ste bezahlten den Ausritt in bar. Die Pferde waren im Reitstil &#8222;Western&#8220; geritten.<\/span><\/p>\t\t\t\t\t\t\t\t<\/div>\n\t\t\t\t<\/div>\n\t\t\t\t<div class=\"elementor-element elementor-element-c80a2d0 elementor-widget elementor-widget-heading\" data-id=\"c80a2d0\" data-element_type=\"widget\" data-e-type=\"widget\" data-widget_type=\"heading.default\">\n\t\t\t\t<div class=\"elementor-widget-container\">\n\t\t\t\t\t<h4 class=\"elementor-heading-title elementor-size-default\">Stall<\/h4>\t\t\t\t<\/div>\n\t\t\t\t<\/div>\n\t\t\t\t<div class=\"elementor-element elementor-element-f275e28 elementor-widget elementor-widget-text-editor\" data-id=\"f275e28\" data-element_type=\"widget\" data-e-type=\"widget\" data-widget_type=\"text-editor.default\">\n\t\t\t\t<div class=\"elementor-widget-container\">\n\t\t\t\t\t\t\t\t\t<p><span style=\"color: #333333;\">Die Ponys standen alle nebeneinander in gro\u00dfen, einzelnen Paddockboxen und hatten gen\u00fcgend Heu zum Fressen.<\/span><\/p>\t\t\t\t\t\t\t\t<\/div>\n\t\t\t\t<\/div>\n\t\t\t\t<div class=\"elementor-element elementor-element-6b10598 elementor-widget elementor-widget-heading\" data-id=\"6b10598\" data-element_type=\"widget\" data-e-type=\"widget\" data-widget_type=\"heading.default\">\n\t\t\t\t<div class=\"elementor-widget-container\">\n\t\t\t\t\t<h4 class=\"elementor-heading-title elementor-size-default\">Ankunft<\/h4>\t\t\t\t<\/div>\n\t\t\t\t<\/div>\n\t\t\t\t<div class=\"elementor-element elementor-element-ede7b73 elementor-widget elementor-widget-text-editor\" data-id=\"ede7b73\" data-element_type=\"widget\" data-e-type=\"widget\" data-widget_type=\"text-editor.default\">\n\t\t\t\t<div class=\"elementor-widget-container\">\n\t\t\t\t\t\t\t\t\t<p><span style=\"color: #333333;\">Nach dem ersten Gespr\u00e4ch mit der Besitzerin, teilte sie das Pony mit.\u00a0Zuerst putzten der Gast und die Besitzerin ein Pony gemeinsam. An diesem\u00a0Tag feilte die Besitzerin die Hufe vom Pony. Sobald das erste Pony fertig war, wurde das Pony f\u00fcr die Besitzerin rausgeholt und geputzt. Als n\u00e4chstes sattelten und trensten wir die Ponys. Alles lief ohne Zeitdruck ab.<\/span><\/p>\t\t\t\t\t\t\t\t<\/div>\n\t\t\t\t<\/div>\n\t\t\t\t<div class=\"elementor-element elementor-element-22c6e00 elementor-widget elementor-widget-heading\" data-id=\"22c6e00\" data-element_type=\"widget\" data-e-type=\"widget\" data-widget_type=\"heading.default\">\n\t\t\t\t<div class=\"elementor-widget-container\">\n\t\t\t\t\t<h4 class=\"elementor-heading-title elementor-size-default\">Ausritt<\/h4>\t\t\t\t<\/div>\n\t\t\t\t<\/div>\n\t\t\t\t<div class=\"elementor-element elementor-element-187f11b elementor-widget elementor-widget-text-editor\" data-id=\"187f11b\" data-element_type=\"widget\" data-e-type=\"widget\" data-widget_type=\"text-editor.default\">\n\t\t\t\t<div class=\"elementor-widget-container\">\n\t\t\t\t\t\t\t\t\t<p><span style=\"color: #333333;\">Der Ausritt ging \u00fcber die h\u00fcgeligen Felder. Bei diesem Ausritt ritten wir haupts\u00e4chlich Schritt. Wir galoppierten einmal und zwei-dreimal trabten wir. Der Ausritt war sch\u00f6n und sehr gem\u00fctlich. \u2060Es gab eine\u00a0Fresspause f\u00fcr die Ponys. In dieser Zeit sa\u00dfen die Reiter auf dem Pony.<\/span><\/p>\t\t\t\t\t\t\t\t<\/div>\n\t\t\t\t<\/div>\n\t\t\t\t<div class=\"elementor-element elementor-element-6cc6eb7 elementor-widget elementor-widget-heading\" data-id=\"6cc6eb7\" data-element_type=\"widget\" data-e-type=\"widget\" data-widget_type=\"heading.default\">\n\t\t\t\t<div class=\"elementor-widget-container\">\n\t\t\t\t\t<h4 class=\"elementor-heading-title elementor-size-default\">Nach dem Ausritt<\/h4>\t\t\t\t<\/div>\n\t\t\t\t<\/div>\n\t\t\t\t<div class=\"elementor-element elementor-element-7059549 elementor-widget elementor-widget-text-editor\" data-id=\"7059549\" data-element_type=\"widget\" data-e-type=\"widget\" data-widget_type=\"text-editor.default\">\n\t\t\t\t<div class=\"elementor-widget-container\">\n\t\t\t\t\t\t\t\t\t<p><span style=\"color: #333333;\">Zur\u00fcck im Stall r\u00e4umte jeder alles selbst auf und putzte gegebenenfalls nochmal \u00fcber das Pony.<\/span><\/p>\t\t\t\t\t\t\t\t<\/div>\n\t\t\t\t<\/div>\n\t\t\t\t<div class=\"elementor-element elementor-element-7f9174b elementor-widget elementor-widget-heading\" data-id=\"7f9174b\" data-element_type=\"widget\" data-e-type=\"widget\" data-widget_type=\"heading.default\">\n\t\t\t\t<div class=\"elementor-widget-container\">\n\t\t\t\t\t<h4 class=\"elementor-heading-title elementor-size-default\">Fotos<\/h4>\t\t\t\t<\/div>\n\t\t\t\t<\/div>\n\t\t\t\t<div class=\"elementor-element elementor-element-ccf3dae elementor-widget elementor-widget-text-editor\" data-id=\"ccf3dae\" data-element_type=\"widget\" data-e-type=\"widget\" data-widget_type=\"text-editor.default\">\n\t\t\t\t<div class=\"elementor-widget-container\">\n\t\t\t\t\t\t\t\t\t<p class=\"MsoNormal\"><span style=\"color: #333333; background-color: var(--base-3);\">Eine Foto-Pause war auf Anfrage m\u00f6glich. Die Besitzerin machte mit ihrem eigenen Handy die Bilder und sendete diese per Whatsapp.<\/span><\/p>\t\t\t\t\t\t\t\t<\/div>\n\t\t\t\t<\/div>\n\t\t\t\t<div class=\"elementor-element elementor-element-011eb72 elementor-widget elementor-widget-heading\" data-id=\"011eb72\" data-element_type=\"widget\" data-e-type=\"widget\" data-widget_type=\"heading.default\">\n\t\t\t\t<div class=\"elementor-widget-container\">\n\t\t\t\t\t<h4 class=\"elementor-heading-title elementor-size-default\">Mein Fazit<\/h4>\t\t\t\t<\/div>\n\t\t\t\t<\/div>\n\t\t\t\t<div class=\"elementor-element elementor-element-20d9d6b elementor-widget elementor-widget-text-editor\" data-id=\"20d9d6b\" data-element_type=\"widget\" data-e-type=\"widget\" data-widget_type=\"text-editor.default\">\n\t\t\t\t<div class=\"elementor-widget-container\">\n\t\t\t\t\t\t\t\t\t<p><span style=\"color: #333333;\">Der entspannte Ausritt hat mir gut gefallen. Alles lief sehr entspannt und ohne Druck ab. Ich hatte einen kleinen Einblick in die Western-Reitweise bekommen.<\/span><\/p>\t\t\t\t\t\t\t\t<\/div>\n\t\t\t\t<\/div>\n\t\t\t\t\t<\/div>\n\t\t<\/div>\n\t\t\t\t<div class=\"elementor-column elementor-col-50 elementor-inner-column elementor-element elementor-element-5ca4990\" data-id=\"5ca4990\" data-element_type=\"column\" data-e-type=\"column\">\n\t\t\t<div class=\"elementor-widget-wrap elementor-element-populated\">\n\t\t\t\t\t\t<div class=\"elementor-element elementor-element-ba8e759 elementor-widget elementor-widget-image\" data-id=\"ba8e759\" data-element_type=\"widget\" data-e-type=\"widget\" data-widget_type=\"image.default\">\n\t\t\t\t<div class=\"elementor-widget-container\">\n\t\t\t\t\t\t\t\t\t\t\t\t\t\t\t<img fetchpriority=\"high\" decoding=\"async\" width=\"824\" height=\"823\" src=\"https:\/\/i0.wp.com\/tannis-ausritte.de\/wp-content\/uploads\/2022\/11\/32.png?fit=824%2C823&amp;ssl=1\" class=\"attachment-large size-large wp-image-423\" alt=\"\" srcset=\"https:\/\/i0.wp.com\/tannis-ausritte.de\/wp-content\/uploads\/2022\/11\/32.png?w=824&amp;ssl=1 824w, https:\/\/i0.wp.com\/tannis-ausritte.de\/wp-content\/uploads\/2022\/11\/32.png?resize=300%2C300&amp;ssl=1 300w, https:\/\/i0.wp.com\/tannis-ausritte.de\/wp-content\/uploads\/2022\/11\/32.png?resize=150%2C150&amp;ssl=1 150w, https:\/\/i0.wp.com\/tannis-ausritte.de\/wp-content\/uploads\/2022\/11\/32.png?resize=768%2C767&amp;ssl=1 768w\" sizes=\"(max-width: 824px) 100vw, 824px\" title=\"\">\t\t\t\t\t\t\t\t\t\t\t\t\t\t\t<\/div>\n\t\t\t\t<\/div>\n\t\t\t\t<div class=\"elementor-element elementor-element-9745 elementor-cta--skin-classic elementor-animated-content elementor-bg-transform elementor-bg-transform-zoom-in elementor-widget elementor-widget-global elementor-global-9745 elementor-widget-call-to-action\" data-id=\"9745\" data-element_type=\"widget\" data-e-type=\"widget\" data-widget_type=\"call-to-action.default\">\n\t\t\t\t<div class=\"elementor-widget-container\">\n\t\t\t\t\t\t\t<div class=\"elementor-cta\">\n\t\t\t\t\t<div class=\"elementor-cta__bg-wrapper\">\n\t\t\t\t<div class=\"elementor-cta__bg elementor-bg\" style=\"background-image: url(https:\/\/i0.wp.com\/tannis-ausritte.de\/wp-content\/uploads\/2024\/11\/Vertical-Product-Promotion-3.png?fit=1024%2C1024&#038;ssl=1);\" role=\"img\" aria-label=\"Ausritt Tagebuch\"><\/div>\n\t\t\t\t<div class=\"elementor-cta__bg-overlay\"><\/div>\n\t\t\t<\/div>\n\t\t\t\t\t\t\t<div class=\"elementor-cta__content\">\n\t\t\t\t\n\t\t\t\t\t\t\t\t\t<h6 class=\"elementor-cta__title elementor-cta__content-item elementor-content-item\">\n\t\t\t\t\t\tMein Ausritt Tagebuch\t\t\t\t\t<\/h6>\n\t\t\t\t\n\t\t\t\t\t\t\t\t\t<h6 class=\"elementor-cta__description elementor-cta__content-item elementor-content-item\">\n\t\t\t\t\t\tDein pers\u00f6nlicher Begleiter f\u00fcr eigene Reiterreisen - mit viel Platz f\u00fcr Fotos &amp; Notizen!\t\t\t\t\t<\/h6>\n\t\t\t\t\n\t\t\t\t\t\t\t\t\t<div class=\"elementor-cta__button-wrapper elementor-cta__content-item elementor-content-item \">\n\t\t\t\t\t<a class=\"elementor-cta__button elementor-button elementor-size-\" href=\"https:\/\/tannis-ausritte.de\/shop\/\">\n\t\t\t\t\t\tJetzt im Shop erh\u00e4ltlich\t\t\t\t\t<\/a>\n\t\t\t\t\t<\/div>\n\t\t\t\t\t\t\t<\/div>\n\t\t\t\t\t\t<\/div>\n\t\t\t\t\t\t<\/div>\n\t\t\t\t<\/div>\n\t\t\t\t\t<\/div>\n\t\t<\/div>\n\t\t\t\t\t<\/div>\n\t\t<\/section>\n\t\t\t\t\t<\/div>\n\t\t<\/div>\n\t\t\t\t\t<\/div>\n\t\t<\/section>\n\t\t\t\t<\/div>\n\t\t","protected":false},"excerpt":{"rendered":"<p>Appleranch Ausritt (2 Stunden) f\u00fcr fortgeschrittene Reiter Dieser Bericht enth\u00e4lt Werbelinks und\/oder werbende Inhalte. Mehr dazu hier! 27.03.2021 Was erwartet mich bei einem Zweistunden Ausritt f\u00fcr fortgeschrittene Reiter bei der Appleranch? Hier erf\u00e4hrst du alle wichtigen Informationen \u00fcber den Ablauf, den Stall, den Ausritt, ob Fotos gemacht werden und mein Fazit. Inhaltsverzeichnis Infos Der Stall &#8230; <a title=\"Appleranch\" class=\"read-more\" href=\"https:\/\/tannis-ausritte.de\/en\/appleranch\/\" aria-label=\"Read more about Appleranch\">Read more<\/a><\/p>","protected":false},"author":1,"featured_media":0,"parent":0,"menu_order":0,"comment_status":"open","ping_status":"closed","template":"","meta":{"footnotes":""},"class_list":["post-333","page","type-page","status-publish"],"jetpack_sharing_enabled":true,"_links":{"self":[{"href":"https:\/\/tannis-ausritte.de\/en\/wp-json\/wp\/v2\/pages\/333","targetHints":{"allow":["GET"]}}],"collection":[{"href":"https:\/\/tannis-ausritte.de\/en\/wp-json\/wp\/v2\/pages"}],"about":[{"href":"https:\/\/tannis-ausritte.de\/en\/wp-json\/wp\/v2\/types\/page"}],"author":[{"embeddable":true,"href":"https:\/\/tannis-ausritte.de\/en\/wp-json\/wp\/v2\/users\/1"}],"replies":[{"embeddable":true,"href":"https:\/\/tannis-ausritte.de\/en\/wp-json\/wp\/v2\/comments?post=333"}],"version-history":[{"count":6,"href":"https:\/\/tannis-ausritte.de\/en\/wp-json\/wp\/v2\/pages\/333\/revisions"}],"predecessor-version":[{"id":9832,"href":"https:\/\/tannis-ausritte.de\/en\/wp-json\/wp\/v2\/pages\/333\/revisions\/9832"}],"wp:attachment":[{"href":"https:\/\/tannis-ausritte.de\/en\/wp-json\/wp\/v2\/media?parent=333"}],"curies":[{"name":"wp","href":"https:\/\/api.w.org\/{rel}","templated":true}]}}