{"id":312,"date":"2023-04-13T20:06:53","date_gmt":"2023-04-13T20:06:53","guid":{"rendered":"http:\/\/tannis-ausritte.de\/?page_id=312"},"modified":"2025-08-22T15:45:40","modified_gmt":"2025-08-22T13:45:40","slug":"solhestar","status":"publish","type":"page","link":"https:\/\/tannis-ausritte.de\/en\/solhestar\/","title":{"rendered":"S\u00f3lhestar"},"content":{"rendered":"<div data-elementor-type=\"wp-page\" data-elementor-id=\"312\" class=\"elementor elementor-312\" data-elementor-post-type=\"page\">\n\t\t\t\t\t\t<section class=\"elementor-section elementor-top-section elementor-element elementor-element-3c8b81f elementor-section-boxed elementor-section-height-default elementor-section-height-default\" data-id=\"3c8b81f\" data-element_type=\"section\" data-e-type=\"section\">\n\t\t\t\t\t\t<div class=\"elementor-container elementor-column-gap-default\">\n\t\t\t\t\t<div class=\"elementor-column elementor-col-100 elementor-top-column elementor-element elementor-element-4978647\" data-id=\"4978647\" data-element_type=\"column\" data-e-type=\"column\">\n\t\t\t<div class=\"elementor-widget-wrap elementor-element-populated\">\n\t\t\t\t\t\t<div class=\"elementor-element elementor-element-a38f112 elementor-widget elementor-widget-heading\" data-id=\"a38f112\" data-element_type=\"widget\" data-e-type=\"widget\" data-widget_type=\"heading.default\">\n\t\t\t\t<div class=\"elementor-widget-container\">\n\t\t\t\t\t<h2 class=\"elementor-heading-title elementor-size-default\">S\u00f3lhestar Horse Rental Reykjavik<\/h2>\t\t\t\t<\/div>\n\t\t\t\t<\/div>\n\t\t\t\t<div class=\"elementor-element elementor-element-bd26e1d elementor-widget elementor-widget-heading\" data-id=\"bd26e1d\" data-element_type=\"widget\" data-e-type=\"widget\" data-widget_type=\"heading.default\">\n\t\t\t\t<div class=\"elementor-widget-container\">\n\t\t\t\t\t<h2 class=\"elementor-heading-title elementor-size-default\">Trail Ride (2 Hours) \u201cRed Lava Tour\u201d<\/h2>\t\t\t\t<\/div>\n\t\t\t\t<\/div>\n\t\t\t\t<div class=\"elementor-element elementor-element-216511a elementor-widget elementor-widget-heading\" data-id=\"216511a\" data-element_type=\"widget\" data-e-type=\"widget\" data-widget_type=\"heading.default\">\n\t\t\t\t<div class=\"elementor-widget-container\">\n\t\t\t\t\t<h6 class=\"elementor-heading-title elementor-size-default\"><a href=\"http:\/\/tannis-ausritte.de\/en\/werbung-und-affiliate-links\/\">This report contains affiliate links and\/or promotional content. More information here!<\/a><\/h6>\t\t\t\t<\/div>\n\t\t\t\t<\/div>\n\t\t\t\t<div class=\"elementor-element elementor-element-7183f6d elementor-widget elementor-widget-heading\" data-id=\"7183f6d\" data-element_type=\"widget\" data-e-type=\"widget\" data-widget_type=\"heading.default\">\n\t\t\t\t<div class=\"elementor-widget-container\">\n\t\t\t\t\t<h4 class=\"elementor-heading-title elementor-size-default\">27.02.2022<\/h4>\t\t\t\t<\/div>\n\t\t\t\t<\/div>\n\t\t\t\t<div class=\"elementor-element elementor-element-49b5ce1 elementor-widget elementor-widget-text-editor\" data-id=\"49b5ce1\" data-element_type=\"widget\" data-e-type=\"widget\" data-widget_type=\"text-editor.default\">\n\t\t\t\t<div class=\"elementor-widget-container\">\n\t\t\t\t\t\t\t\t\t<p><span style=\"color: #333333; font-size: 20px; text-align: justify;\">What can you expect on the 2-hour ride for advanced riders at S\u00f3lhestar? Here you\u2019ll find all important information about the schedule, the stable, the trail ride, whether photos are taken, and my review.<\/span><\/p>\t\t\t\t\t\t\t\t<\/div>\n\t\t\t\t<\/div>\n\t\t\t\t<div class=\"elementor-element elementor-element-cb63758 elementor-widget elementor-widget-text-editor\" data-id=\"cb63758\" data-element_type=\"widget\" data-e-type=\"widget\" data-widget_type=\"text-editor.default\">\n\t\t\t\t<div class=\"elementor-widget-container\">\n\t\t\t\t\t\t\t\t\t<p><audio class=\"wp-audio-shortcode\" id=\"audio-312-1\" preload=\"none\" style=\"width: 100%;\" controls=\"controls\"><source type=\"audio\/mpeg\" src=\"http:\/\/tannis-ausritte.de\/wp-content\/uploads\/2023\/05\/Solhestar.m4a?_=1\" \/><a href=\"http:\/\/tannis-ausritte.de\/wp-content\/uploads\/2023\/05\/Solhestar.m4a\">http:\/\/tannis-ausritte.de\/wp-content\/uploads\/2023\/05\/Solhestar.m4a<\/a><\/audio><\/p>\t\t\t\t\t\t\t\t<\/div>\n\t\t\t\t<\/div>\n\t\t\t\t<section class=\"elementor-section elementor-inner-section elementor-element elementor-element-70d4dd1 elementor-section-boxed elementor-section-height-default elementor-section-height-default\" data-id=\"70d4dd1\" data-element_type=\"section\" data-e-type=\"section\">\n\t\t\t\t\t\t<div class=\"elementor-container elementor-column-gap-default\">\n\t\t\t\t\t<div class=\"elementor-column elementor-col-50 elementor-inner-column elementor-element elementor-element-bf6063c\" data-id=\"bf6063c\" data-element_type=\"column\" data-e-type=\"column\">\n\t\t\t<div class=\"elementor-widget-wrap elementor-element-populated\">\n\t\t\t\t\t\t<div class=\"elementor-element elementor-element-1069e66 elementor-widget elementor-widget-heading\" data-id=\"1069e66\" data-element_type=\"widget\" data-e-type=\"widget\" data-widget_type=\"heading.default\">\n\t\t\t\t<div class=\"elementor-widget-container\">\n\t\t\t\t\t<h4 class=\"elementor-heading-title elementor-size-default\">Information<\/h4>\t\t\t\t<\/div>\n\t\t\t\t<\/div>\n\t\t\t\t<div class=\"elementor-element elementor-element-7dcead3 elementor-widget elementor-widget-text-editor\" data-id=\"7dcead3\" data-element_type=\"widget\" data-e-type=\"widget\" data-widget_type=\"text-editor.default\">\n\t\t\t\t<div class=\"elementor-widget-container\">\n\t\t\t\t\t\t\t\t\t<p><span style=\"color: #333333;\">By<\/span> <a href=\"https:\/\/www.viator.com\/de-DE\/tours\/South-Iceland\/Ideal-family-riding-Country-side\/d24828-65793P4\" target=\"_blank\" rel=\"nofollow noopener sponsored\"><span style=\"text-decoration: underline;\">Viator<\/span><\/a>* or <a href=\"https:\/\/www.getyourguide.de\/reykjavik-l30\/reykjavik-rote-lava-ausritt-mit-dem-pferd-t197029\/?partner_id=66WHMTA&amp;utm_medium=online_publisher\" target=\"_blank\" rel=\"nofollow noopener sponsored\">GetYourGuide<\/a>* <span style=\"color: #333333;\">I could book the ride. A transfer picked us up in Reykjavik and drove us 30 minutes to the stable. Riders could borrow overalls for cold, rain, or snow.<\/span><\/p>\t\t\t\t\t\t\t\t<\/div>\n\t\t\t\t<\/div>\n\t\t\t\t<div class=\"elementor-element elementor-element-76a4799 elementor-widget elementor-widget-heading\" data-id=\"76a4799\" data-element_type=\"widget\" data-e-type=\"widget\" data-widget_type=\"heading.default\">\n\t\t\t\t<div class=\"elementor-widget-container\">\n\t\t\t\t\t<h4 class=\"elementor-heading-title elementor-size-default\">Stable<\/h4>\t\t\t\t<\/div>\n\t\t\t\t<\/div>\n\t\t\t\t<div class=\"elementor-element elementor-element-0f2f76f elementor-widget elementor-widget-text-editor\" data-id=\"0f2f76f\" data-element_type=\"widget\" data-e-type=\"widget\" data-widget_type=\"text-editor.default\">\n\t\t\t\t<div class=\"elementor-widget-container\">\n\t\t\t\t\t\t\t\t\t<p><span style=\"color: #333333;\">The horses were ready outside, bridled and saddled for the ride. All other horses were in snowy pastures in groups. There were covered stalls that were empty at the time. Horses were regularly rotated to another farm to ensure they had plenty of free time.<\/span><\/p>\t\t\t\t\t\t\t\t<\/div>\n\t\t\t\t<\/div>\n\t\t\t\t<div class=\"elementor-element elementor-element-51be928 elementor-widget elementor-widget-heading\" data-id=\"51be928\" data-element_type=\"widget\" data-e-type=\"widget\" data-widget_type=\"heading.default\">\n\t\t\t\t<div class=\"elementor-widget-container\">\n\t\t\t\t\t<h4 class=\"elementor-heading-title elementor-size-default\">Arrival<\/h4>\t\t\t\t<\/div>\n\t\t\t\t<\/div>\n\t\t\t\t<div class=\"elementor-element elementor-element-42cf18e elementor-widget elementor-widget-text-editor\" data-id=\"42cf18e\" data-element_type=\"widget\" data-e-type=\"widget\" data-widget_type=\"text-editor.default\">\n\t\t\t\t<div class=\"elementor-widget-container\">\n\t\t\t\t\t\t\t\t\t<p><span style=\"color: #333333;\">Staff asked about the riders\u2019 experience and assigned suitable horses. Riders mounted without a mounting aid, and staff adjusted the stirrups.<\/span><\/p>\t\t\t\t\t\t\t\t<\/div>\n\t\t\t\t<\/div>\n\t\t\t\t\t<\/div>\n\t\t<\/div>\n\t\t\t\t<div class=\"elementor-column elementor-col-50 elementor-inner-column elementor-element elementor-element-4f4955c\" data-id=\"4f4955c\" data-element_type=\"column\" data-e-type=\"column\">\n\t\t\t<div class=\"elementor-widget-wrap elementor-element-populated\">\n\t\t\t\t\t\t<div class=\"elementor-element elementor-element-5b84211 elementor-widget elementor-widget-heading\" data-id=\"5b84211\" data-element_type=\"widget\" data-e-type=\"widget\" data-widget_type=\"heading.default\">\n\t\t\t\t<div class=\"elementor-widget-container\">\n\t\t\t\t\t<h5 class=\"elementor-heading-title elementor-size-default\">Advertisement<\/h5>\t\t\t\t<\/div>\n\t\t\t\t<\/div>\n\t\t\t\t<div class=\"elementor-element elementor-element-82d6ebd elementor-widget elementor-widget-html\" data-id=\"82d6ebd\" data-element_type=\"widget\" data-e-type=\"widget\" data-widget_type=\"html.default\">\n\t\t\t\t<div class=\"elementor-widget-container\">\n\t\t\t\t\t<div data-vi-partner-id=\"P00091475\" data-vi-widget-ref=\"W-20d25230-9601-4fb4-9f99-335b4d6a0541\" ><\/div>\r\n<script async src=\"https:\/\/www.viator.com\/orion\/partner\/widget.js\"><\/script>\t\t\t\t<\/div>\n\t\t\t\t<\/div>\n\t\t\t\t<div class=\"elementor-element elementor-element-bfb4e86 elementor-widget elementor-widget-html\" data-id=\"bfb4e86\" data-element_type=\"widget\" data-e-type=\"widget\" data-widget_type=\"html.default\">\n\t\t\t\t<div class=\"elementor-widget-container\">\n\t\t\t\t\t<div data-gyg-href=\"https:\/\/widget.getyourguide.com\/default\/availability.frame\" data-gyg-tour-id=\"197029\" data-gyg-locale-code=\"de-DE\" data-gyg-currency=\"EUR\" data-gyg-widget=\"availability\" data-gyg-variant=\"horizontal\" data-gyg-partner-id=\"66WHMTA\"><span>Powered by <a target=\"_blank\" rel=\"sponsored noopener\" href=\"https:\/\/www.getyourguide.com\/reykjavik-l30\/\">GetYourGuide<\/a><\/span><\/div>\n<!-- GetYourGuide Analytics -->\n\n<script async defer src=\"https:\/\/widget.getyourguide.com\/dist\/pa.umd.production.min.js\" data-gyg-partner-id=\"66WHMTA\"><\/script>\t\t\t\t<\/div>\n\t\t\t\t<\/div>\n\t\t\t\t<div class=\"elementor-element elementor-element-4974037 elementor-widget elementor-widget-image\" data-id=\"4974037\" data-element_type=\"widget\" data-e-type=\"widget\" data-widget_type=\"image.default\">\n\t\t\t\t<div class=\"elementor-widget-container\">\n\t\t\t\t\t\t\t\t\t\t\t\t<figure class=\"wp-caption\">\n\t\t\t\t\t\t\t\t\t\t<img fetchpriority=\"high\" decoding=\"async\" width=\"1024\" height=\"576\" src=\"https:\/\/i0.wp.com\/tannis-ausritte.de\/wp-content\/uploads\/2022\/11\/IMG_0635.jpeg?fit=1024%2C576&amp;ssl=1\" class=\"attachment-large size-large wp-image-404\" alt=\"S\u00f3lhestar\" srcset=\"https:\/\/i0.wp.com\/tannis-ausritte.de\/wp-content\/uploads\/2022\/11\/IMG_0635.jpeg?w=2364&amp;ssl=1 2364w, https:\/\/i0.wp.com\/tannis-ausritte.de\/wp-content\/uploads\/2022\/11\/IMG_0635.jpeg?resize=300%2C169&amp;ssl=1 300w, https:\/\/i0.wp.com\/tannis-ausritte.de\/wp-content\/uploads\/2022\/11\/IMG_0635.jpeg?resize=1024%2C576&amp;ssl=1 1024w, https:\/\/i0.wp.com\/tannis-ausritte.de\/wp-content\/uploads\/2022\/11\/IMG_0635.jpeg?resize=768%2C432&amp;ssl=1 768w, https:\/\/i0.wp.com\/tannis-ausritte.de\/wp-content\/uploads\/2022\/11\/IMG_0635.jpeg?resize=1536%2C864&amp;ssl=1 1536w, https:\/\/i0.wp.com\/tannis-ausritte.de\/wp-content\/uploads\/2022\/11\/IMG_0635.jpeg?resize=2048%2C1152&amp;ssl=1 2048w\" sizes=\"(max-width: 1024px) 100vw, 1024px\" title=\"\">\t\t\t\t\t\t\t\t\t\t\t<figcaption class=\"widget-image-caption wp-caption-text\">S\u00f3lhestar<\/figcaption>\n\t\t\t\t\t\t\t\t\t\t<\/figure>\n\t\t\t\t\t\t\t\t\t<\/div>\n\t\t\t\t<\/div>\n\t\t\t\t\t<\/div>\n\t\t<\/div>\n\t\t\t\t\t<\/div>\n\t\t<\/section>\n\t\t\t\t\t<\/div>\n\t\t<\/div>\n\t\t\t\t\t<\/div>\n\t\t<\/section>\n\t\t\t\t<section class=\"elementor-section elementor-top-section elementor-element elementor-element-0646020 elementor-section-boxed elementor-section-height-default elementor-section-height-default\" data-id=\"0646020\" data-element_type=\"section\" data-e-type=\"section\">\n\t\t\t\t\t\t<div class=\"elementor-container elementor-column-gap-default\">\n\t\t\t\t\t<div class=\"elementor-column elementor-col-100 elementor-top-column elementor-element elementor-element-3311f32\" data-id=\"3311f32\" data-element_type=\"column\" data-e-type=\"column\">\n\t\t\t<div class=\"elementor-widget-wrap elementor-element-populated\">\n\t\t\t\t\t\t<section class=\"elementor-section elementor-inner-section elementor-element elementor-element-d0db4cc elementor-section-boxed elementor-section-height-default elementor-section-height-default\" data-id=\"d0db4cc\" data-element_type=\"section\" data-e-type=\"section\">\n\t\t\t\t\t\t<div class=\"elementor-container elementor-column-gap-default\">\n\t\t\t\t\t<div class=\"elementor-column elementor-col-50 elementor-inner-column elementor-element elementor-element-16e1dc8\" data-id=\"16e1dc8\" data-element_type=\"column\" data-e-type=\"column\">\n\t\t\t<div class=\"elementor-widget-wrap elementor-element-populated\">\n\t\t\t\t\t\t<div class=\"elementor-element elementor-element-ba5817f elementor-widget elementor-widget-heading\" data-id=\"ba5817f\" data-element_type=\"widget\" data-e-type=\"widget\" data-widget_type=\"heading.default\">\n\t\t\t\t<div class=\"elementor-widget-container\">\n\t\t\t\t\t<h4 class=\"elementor-heading-title elementor-size-default\">Trail Ride<\/h4>\t\t\t\t<\/div>\n\t\t\t\t<\/div>\n\t\t\t\t<div class=\"elementor-element elementor-element-0d0de90 elementor-widget elementor-widget-text-editor\" data-id=\"0d0de90\" data-element_type=\"widget\" data-e-type=\"widget\" data-widget_type=\"text-editor.default\">\n\t\t\t\t<div class=\"elementor-widget-container\">\n\t\t\t\t\t\t\t\t\t<p><span style=\"color: #333333;\">The ride started directly from the stable. We walked for a while to warm up. The ride followed two different, beautiful snowy trails, each including a 180-degree turn. At one point, we passed under a bridge. The trails led past rocks and through forests.\n\nDuring the ride, we t\u00f6lted six times. No gallops were included on this ride.<\/span><\/p>\t\t\t\t\t\t\t\t<\/div>\n\t\t\t\t<\/div>\n\t\t\t\t<div class=\"elementor-element elementor-element-7b0c205 elementor-widget elementor-widget-heading\" data-id=\"7b0c205\" data-element_type=\"widget\" data-e-type=\"widget\" data-widget_type=\"heading.default\">\n\t\t\t\t<div class=\"elementor-widget-container\">\n\t\t\t\t\t<h4 class=\"elementor-heading-title elementor-size-default\">After the ride<\/h4>\t\t\t\t<\/div>\n\t\t\t\t<\/div>\n\t\t\t\t<div class=\"elementor-element elementor-element-5e5e201 elementor-widget elementor-widget-text-editor\" data-id=\"5e5e201\" data-element_type=\"widget\" data-e-type=\"widget\" data-widget_type=\"text-editor.default\">\n\t\t\t\t<div class=\"elementor-widget-container\">\n\t\t\t\t\t\t\t\t\t<div><span style=\"color: #333333;\">Back at the stable, a staff member took care of the horses.\u00a0<\/span><span style=\"color: #333333;\">Riders could warm up in a lounge.\u00a0<\/span><span style=\"color: #333333;\">Complimentary tea or hot chocolate was\u00a0<\/span><span style=\"color: #333333;\">provided.<\/span><\/div><div>\u00a0<\/div><div><span style=\"color: #333333;\">A transfer took the riders back to Reykjavik.<\/span><\/div>\t\t\t\t\t\t\t\t<\/div>\n\t\t\t\t<\/div>\n\t\t\t\t<div class=\"elementor-element elementor-element-3b608fb elementor-widget elementor-widget-heading\" data-id=\"3b608fb\" data-element_type=\"widget\" data-e-type=\"widget\" data-widget_type=\"heading.default\">\n\t\t\t\t<div class=\"elementor-widget-container\">\n\t\t\t\t\t<h4 class=\"elementor-heading-title elementor-size-default\">Photos<\/h4>\t\t\t\t<\/div>\n\t\t\t\t<\/div>\n\t\t\t\t<div class=\"elementor-element elementor-element-df4d894 elementor-widget elementor-widget-text-editor\" data-id=\"df4d894\" data-element_type=\"widget\" data-e-type=\"widget\" data-widget_type=\"text-editor.default\">\n\t\t\t\t<div class=\"elementor-widget-container\">\n\t\t\t\t\t\t\t\t\t<p><span style=\"color: #333333;\">There was a photo stop at a scenic spot. One rock resembled the \u201cPride Rock\u201d from The Lion King<\/span>&#8220; (<a href=\"https:\/\/amzn.to\/3IKL0VT\" target=\"_blank\" rel=\"nofollow noopener sponsored\">- available on DVD, BluRay, 4K, or digital at Amazon<\/a>*)<span style=\"color: #333333;\">. The guide dismounted and took each guest\u2019s phone so everyone had their photos immediately.&nbsp;&nbsp;<\/span><\/p>\t\t\t\t\t\t\t\t<\/div>\n\t\t\t\t<\/div>\n\t\t\t\t<div class=\"elementor-element elementor-element-a60c3f4 elementor-widget elementor-widget-heading\" data-id=\"a60c3f4\" data-element_type=\"widget\" data-e-type=\"widget\" data-widget_type=\"heading.default\">\n\t\t\t\t<div class=\"elementor-widget-container\">\n\t\t\t\t\t<h4 class=\"elementor-heading-title elementor-size-default\">My Review<\/h4>\t\t\t\t<\/div>\n\t\t\t\t<\/div>\n\t\t\t\t<div class=\"elementor-element elementor-element-afbdd62 elementor-widget elementor-widget-text-editor\" data-id=\"afbdd62\" data-element_type=\"widget\" data-e-type=\"widget\" data-widget_type=\"text-editor.default\">\n\t\t\t\t<div class=\"elementor-widget-container\">\n\t\t\t\t\t\t\t\t\t<p><span style=\"color: #333333;\">I really enjoyed the ride. The scenery was beautiful, the horses were well cared for, and the t\u00f6lt was a lot of fun. The free transfer and hot drinks after the ride were also great.<\/span><\/p>\t\t\t\t\t\t\t\t<\/div>\n\t\t\t\t<\/div>\n\t\t\t\t\t<\/div>\n\t\t<\/div>\n\t\t\t\t<div class=\"elementor-column elementor-col-50 elementor-inner-column elementor-element elementor-element-0c1221e\" data-id=\"0c1221e\" data-element_type=\"column\" data-e-type=\"column\">\n\t\t\t<div class=\"elementor-widget-wrap elementor-element-populated\">\n\t\t\t\t\t\t<div class=\"elementor-element elementor-element-d403600 elementor-widget elementor-widget-image\" data-id=\"d403600\" data-element_type=\"widget\" data-e-type=\"widget\" data-widget_type=\"image.default\">\n\t\t\t\t<div class=\"elementor-widget-container\">\n\t\t\t\t\t\t\t\t\t\t\t\t<figure class=\"wp-caption\">\n\t\t\t\t\t\t\t\t\t\t<img decoding=\"async\" width=\"856\" height=\"1024\" src=\"https:\/\/i0.wp.com\/tannis-ausritte.de\/wp-content\/uploads\/2023\/03\/IMG_0630-e1678631375745.jpeg?fit=856%2C1024&amp;ssl=1\" class=\"attachment-large size-large wp-image-1635\" alt=\"S\u00f3lhestar\" srcset=\"https:\/\/i0.wp.com\/tannis-ausritte.de\/wp-content\/uploads\/2023\/03\/IMG_0630-e1678631375745.jpeg?w=1329&amp;ssl=1 1329w, https:\/\/i0.wp.com\/tannis-ausritte.de\/wp-content\/uploads\/2023\/03\/IMG_0630-e1678631375745.jpeg?resize=251%2C300&amp;ssl=1 251w, https:\/\/i0.wp.com\/tannis-ausritte.de\/wp-content\/uploads\/2023\/03\/IMG_0630-e1678631375745.jpeg?resize=856%2C1024&amp;ssl=1 856w, https:\/\/i0.wp.com\/tannis-ausritte.de\/wp-content\/uploads\/2023\/03\/IMG_0630-e1678631375745.jpeg?resize=768%2C918&amp;ssl=1 768w, https:\/\/i0.wp.com\/tannis-ausritte.de\/wp-content\/uploads\/2023\/03\/IMG_0630-e1678631375745.jpeg?resize=1285%2C1536&amp;ssl=1 1285w\" sizes=\"(max-width: 856px) 100vw, 856px\" title=\"\">\t\t\t\t\t\t\t\t\t\t\t<figcaption class=\"widget-image-caption wp-caption-text\">S\u00f3lhestar<\/figcaption>\n\t\t\t\t\t\t\t\t\t\t<\/figure>\n\t\t\t\t\t\t\t\t\t<\/div>\n\t\t\t\t<\/div>\n\t\t\t\t\t<\/div>\n\t\t<\/div>\n\t\t\t\t\t<\/div>\n\t\t<\/section>\n\t\t\t\t<div class=\"elementor-element elementor-element-93fae1e elementor-widget elementor-widget-text-editor\" data-id=\"93fae1e\" data-element_type=\"widget\" data-e-type=\"widget\" data-widget_type=\"text-editor.default\">\n\t\t\t\t<div class=\"elementor-widget-container\">\n\t\t\t\t\t\t\t\t\t<p><span style=\"color: #333333;\">* Advertisement \/ Affiliate Link<\/span><\/p>\t\t\t\t\t\t\t\t<\/div>\n\t\t\t\t<\/div>\n\t\t\t\t\t<\/div>\n\t\t<\/div>\n\t\t\t\t\t<\/div>\n\t\t<\/section>\n\t\t\t\t<section class=\"elementor-section elementor-top-section elementor-element elementor-element-b47945f elementor-section-boxed elementor-section-height-default elementor-section-height-default\" data-id=\"b47945f\" data-element_type=\"section\" data-e-type=\"section\">\n\t\t\t\t\t\t<div class=\"elementor-container elementor-column-gap-default\">\n\t\t\t\t\t<div class=\"elementor-column elementor-col-100 elementor-top-column elementor-element elementor-element-12800d2\" data-id=\"12800d2\" data-element_type=\"column\" data-e-type=\"column\">\n\t\t\t<div class=\"elementor-widget-wrap elementor-element-populated\">\n\t\t\t\t\t\t<div class=\"elementor-element elementor-element-7313702 elementor-widget elementor-widget-html\" data-id=\"7313702\" data-element_type=\"widget\" data-e-type=\"widget\" data-widget_type=\"html.default\">\n\t\t\t\t<div class=\"elementor-widget-container\">\n\t\t\t\t\t<div data-gyg-href=\"https:\/\/widget.getyourguide.com\/default\/activities.frame\" data-gyg-locale-code=\"de-DE\" data-gyg-widget=\"activities\" data-gyg-number-of-items=\"3\" data-gyg-partner-id=\"66WHMTA\" data-gyg-tour-ids=\"197029,488450,804007\"><span>Powered by <a target=\"_blank\" rel=\"sponsored noopener\" href=\"https:\/\/www.getyourguide.com\/reykjavik-l30\/\">GetYourGuide<\/a><\/span><\/div>\n<!-- GetYourGuide Analytics -->\n\n<script async defer src=\"https:\/\/widget.getyourguide.com\/dist\/pa.umd.production.min.js\" data-gyg-partner-id=\"66WHMTA\"><\/script>\t\t\t\t<\/div>\n\t\t\t\t<\/div>\n\t\t\t\t\t<\/div>\n\t\t<\/div>\n\t\t\t\t\t<\/div>\n\t\t<\/section>\n\t\t\t\t<\/div>","protected":false},"excerpt":{"rendered":"<p>S\u00f3lhestar Horse Rental Reykjavik Ausritt (2 Stunden) &#8222;Red Lava Tour&#8220; Dieser Bericht enth\u00e4lt Werbelinks und\/oder werbende Inhalte. Mehr dazu hier! 27.02.2022 Was erwartet mich bei einem Zweistunden-Ausritt f\u00fcr fortgeschrittene Reiter bei S\u00f3lhestar? Hier erf\u00e4hrst du alle wichtigen Informationen \u00fcber den Ablauf, den Stall, den Ausritt, ob Fotos gemacht werden und mein Fazit. Infos Bei Viator* &#8230; <a title=\"S\u00f3lhestar\" class=\"read-more\" href=\"https:\/\/tannis-ausritte.de\/en\/solhestar\/\" aria-label=\"Read more about S\u00f3lhestar\">Read more<\/a><\/p>","protected":false},"author":1,"featured_media":0,"parent":0,"menu_order":0,"comment_status":"open","ping_status":"closed","template":"","meta":{"footnotes":""},"class_list":["post-312","page","type-page","status-publish"],"jetpack_sharing_enabled":true,"_links":{"self":[{"href":"https:\/\/tannis-ausritte.de\/en\/wp-json\/wp\/v2\/pages\/312","targetHints":{"allow":["GET"]}}],"collection":[{"href":"https:\/\/tannis-ausritte.de\/en\/wp-json\/wp\/v2\/pages"}],"about":[{"href":"https:\/\/tannis-ausritte.de\/en\/wp-json\/wp\/v2\/types\/page"}],"author":[{"embeddable":true,"href":"https:\/\/tannis-ausritte.de\/en\/wp-json\/wp\/v2\/users\/1"}],"replies":[{"embeddable":true,"href":"https:\/\/tannis-ausritte.de\/en\/wp-json\/wp\/v2\/comments?post=312"}],"version-history":[{"count":27,"href":"https:\/\/tannis-ausritte.de\/en\/wp-json\/wp\/v2\/pages\/312\/revisions"}],"predecessor-version":[{"id":11341,"href":"https:\/\/tannis-ausritte.de\/en\/wp-json\/wp\/v2\/pages\/312\/revisions\/11341"}],"wp:attachment":[{"href":"https:\/\/tannis-ausritte.de\/en\/wp-json\/wp\/v2\/media?parent=312"}],"curies":[{"name":"wp","href":"https:\/\/api.w.org\/{rel}","templated":true}]}}