{"id":299,"date":"2023-04-13T19:36:25","date_gmt":"2023-04-13T19:36:25","guid":{"rendered":"http:\/\/tannis-ausritte.de\/?page_id=299"},"modified":"2025-07-26T13:21:23","modified_gmt":"2025-07-26T11:21:23","slug":"huifkarbedrijf-terpstra-terschelling","status":"publish","type":"page","link":"https:\/\/tannis-ausritte.de\/en\/huifkarbedrijf-terpstra-terschelling\/","title":{"rendered":"Huifkarbedrijf Terpstra Terschelling"},"content":{"rendered":"\t\t<div data-elementor-type=\"wp-page\" data-elementor-id=\"299\" class=\"elementor elementor-299\" data-elementor-post-type=\"page\">\n\t\t\t\t\t\t<section class=\"elementor-section elementor-top-section elementor-element elementor-element-acf5e2e elementor-section-boxed elementor-section-height-default elementor-section-height-default\" data-id=\"acf5e2e\" data-element_type=\"section\" data-e-type=\"section\">\n\t\t\t\t\t\t<div class=\"elementor-container elementor-column-gap-default\">\n\t\t\t\t\t<div class=\"elementor-column elementor-col-100 elementor-top-column elementor-element elementor-element-e4be10a\" data-id=\"e4be10a\" data-element_type=\"column\" data-e-type=\"column\">\n\t\t\t<div class=\"elementor-widget-wrap elementor-element-populated\">\n\t\t\t\t\t\t<div class=\"elementor-element elementor-element-381d9dc elementor-widget elementor-widget-heading\" data-id=\"381d9dc\" data-element_type=\"widget\" data-e-type=\"widget\" data-widget_type=\"heading.default\">\n\t\t\t\t<div class=\"elementor-widget-container\">\n\t\t\t\t\t<h2 class=\"elementor-heading-title elementor-size-default\">Huifkarbedrijf Terpstra Terschelling<\/h2>\t\t\t\t<\/div>\n\t\t\t\t<\/div>\n\t\t\t\t<div class=\"elementor-element elementor-element-c3ee765 elementor-widget elementor-widget-heading\" data-id=\"c3ee765\" data-element_type=\"widget\" data-e-type=\"widget\" data-widget_type=\"heading.default\">\n\t\t\t\t<div class=\"elementor-widget-container\">\n\t\t\t\t\t<h2 class=\"elementor-heading-title elementor-size-default\">Ausritt (2 Stunden) am Strand f\u00fcr fortgeschrittene Reiter<\/h2>\t\t\t\t<\/div>\n\t\t\t\t<\/div>\n\t\t\t\t<div class=\"elementor-element elementor-element-f8668de elementor-widget elementor-widget-heading\" data-id=\"f8668de\" data-element_type=\"widget\" data-e-type=\"widget\" data-widget_type=\"heading.default\">\n\t\t\t\t<div class=\"elementor-widget-container\">\n\t\t\t\t\t<h6 class=\"elementor-heading-title elementor-size-default\"><a href=\"http:\/\/tannis-ausritte.de\/werbung-und-affiliate-links\/\">Dieser Bericht enth\u00e4lt Werbelinks und\/oder werbende Inhalte. Mehr dazu hier!<\/a><\/h6>\t\t\t\t<\/div>\n\t\t\t\t<\/div>\n\t\t\t\t<div class=\"elementor-element elementor-element-0c8f9cd elementor-widget elementor-widget-heading\" data-id=\"0c8f9cd\" data-element_type=\"widget\" data-e-type=\"widget\" data-widget_type=\"heading.default\">\n\t\t\t\t<div class=\"elementor-widget-container\">\n\t\t\t\t\t<h5 class=\"elementor-heading-title elementor-size-default\">01.07.2021<\/h5>\t\t\t\t<\/div>\n\t\t\t\t<\/div>\n\t\t\t\t<div class=\"elementor-element elementor-element-737c241 elementor-widget elementor-widget-heading\" data-id=\"737c241\" data-element_type=\"widget\" data-e-type=\"widget\" data-widget_type=\"heading.default\">\n\t\t\t\t<div class=\"elementor-widget-container\">\n\t\t\t\t\t<h5 class=\"elementor-heading-title elementor-size-default\">02.07.2021<\/h5>\t\t\t\t<\/div>\n\t\t\t\t<\/div>\n\t\t\t\t<div class=\"elementor-element elementor-element-3940d37 elementor-widget elementor-widget-text-editor\" data-id=\"3940d37\" data-element_type=\"widget\" data-e-type=\"widget\" data-widget_type=\"text-editor.default\">\n\t\t\t\t<div class=\"elementor-widget-container\">\n\t\t\t\t\t\t\t\t\t<p style=\"text-align: left;\"><span style=\"color: #333333; font-size: 20px; text-align: justify;\">Was erwartet mich bei einem Zweistunden-Ausritt f\u00fcr fortgeschrittene Reiter bei Huifkarbedrijf Terpstra Terschelling? Hier erf\u00e4hrst du alle wichtigen Informationen \u00fcber den Ablauf, den Stall, den Ausritt,ob Fotos gemacht werden und mein Fazit.<\/span><\/p>\t\t\t\t\t\t\t\t<\/div>\n\t\t\t\t<\/div>\n\t\t\t\t<div class=\"elementor-element elementor-element-ffbcad6 elementor-widget elementor-widget-text-editor\" data-id=\"ffbcad6\" data-element_type=\"widget\" data-e-type=\"widget\" data-widget_type=\"text-editor.default\">\n\t\t\t\t<div class=\"elementor-widget-container\">\n\t\t\t\t\t\t\t\t\t<p><audio class=\"wp-audio-shortcode\" id=\"audio-299-1\" preload=\"none\" style=\"width: 100%;\" controls=\"controls\"><source type=\"audio\/mpeg\" src=\"http:\/\/tannis-ausritte.de\/wp-content\/uploads\/2023\/05\/Huifkarbedrijf-Terpstra-Terschelling.m4a?_=1\" \/><a href=\"http:\/\/tannis-ausritte.de\/wp-content\/uploads\/2023\/05\/Huifkarbedrijf-Terpstra-Terschelling.m4a\">http:\/\/tannis-ausritte.de\/wp-content\/uploads\/2023\/05\/Huifkarbedrijf-Terpstra-Terschelling.m4a<\/a><\/audio><\/p>\t\t\t\t\t\t\t\t<\/div>\n\t\t\t\t<\/div>\n\t\t\t\t<div class=\"elementor-element elementor-element-7bbc429 elementor-toc--minimized-on-tablet elementor-widget elementor-widget-global elementor-global-9754 elementor-widget-table-of-contents\" data-id=\"7bbc429\" data-element_type=\"widget\" data-e-type=\"widget\" data-settings=\"{&quot;headings_by_tags&quot;:[&quot;h4&quot;],&quot;exclude_headings_by_selector&quot;:[],&quot;no_headings_message&quot;:&quot;No headings were found on this page.&quot;,&quot;motion_fx_motion_fx_scrolling&quot;:&quot;yes&quot;,&quot;marker_view&quot;:&quot;numbers&quot;,&quot;minimize_box&quot;:&quot;yes&quot;,&quot;minimized_on&quot;:&quot;tablet&quot;,&quot;hierarchical_view&quot;:&quot;yes&quot;,&quot;min_height&quot;:{&quot;unit&quot;:&quot;px&quot;,&quot;size&quot;:&quot;&quot;,&quot;sizes&quot;:[]},&quot;min_height_tablet&quot;:{&quot;unit&quot;:&quot;px&quot;,&quot;size&quot;:&quot;&quot;,&quot;sizes&quot;:[]},&quot;min_height_mobile&quot;:{&quot;unit&quot;:&quot;px&quot;,&quot;size&quot;:&quot;&quot;,&quot;sizes&quot;:[]},&quot;motion_fx_devices&quot;:[&quot;desktop&quot;,&quot;tablet&quot;,&quot;mobile&quot;]}\" data-widget_type=\"table-of-contents.default\">\n\t\t\t\t<div class=\"elementor-widget-container\">\n\t\t\t\t\t\t\t\t\t<div class=\"elementor-toc__header\">\n\t\t\t\t\t\t<h4 class=\"elementor-toc__header-title\">\n\t\t\t\tInhaltsverzeichnis\t\t\t<\/h4>\n\t\t\t\t\t\t\t\t\t\t<div class=\"elementor-toc__toggle-button elementor-toc__toggle-button--expand\" role=\"button\" tabindex=\"0\" aria-controls=\"elementor-toc__7bbc429\" aria-expanded=\"true\" aria-label=\"Open table of contents\"><i aria-hidden=\"true\" class=\"fas fa-chevron-down\"><\/i><\/div>\n\t\t\t\t<div class=\"elementor-toc__toggle-button elementor-toc__toggle-button--collapse\" role=\"button\" tabindex=\"0\" aria-controls=\"elementor-toc__7bbc429\" aria-expanded=\"true\" aria-label=\"Close table of contents\"><i aria-hidden=\"true\" class=\"fas fa-chevron-up\"><\/i><\/div>\n\t\t\t\t\t<\/div>\n\t\t\t\t<div id=\"elementor-toc__7bbc429\" class=\"elementor-toc__body\">\n\t\t\t<div class=\"elementor-toc__spinner-container\">\n\t\t\t\t<i class=\"elementor-toc__spinner eicon-animation-spin eicon-loading\" aria-hidden=\"true\"><\/i>\t\t\t<\/div>\n\t\t<\/div>\n\t\t\t\t\t\t<\/div>\n\t\t\t\t<\/div>\n\t\t\t\t<section class=\"elementor-section elementor-inner-section elementor-element elementor-element-30b55bf elementor-section-boxed elementor-section-height-default elementor-section-height-default\" data-id=\"30b55bf\" data-element_type=\"section\" data-e-type=\"section\">\n\t\t\t\t\t\t<div class=\"elementor-container elementor-column-gap-default\">\n\t\t\t\t\t<div class=\"elementor-column elementor-col-50 elementor-inner-column elementor-element elementor-element-0101e55\" data-id=\"0101e55\" data-element_type=\"column\" data-e-type=\"column\">\n\t\t\t<div class=\"elementor-widget-wrap elementor-element-populated\">\n\t\t\t\t\t\t<div class=\"elementor-element elementor-element-bdc03f3 elementor-widget elementor-widget-heading\" data-id=\"bdc03f3\" data-element_type=\"widget\" data-e-type=\"widget\" data-widget_type=\"heading.default\">\n\t\t\t\t<div class=\"elementor-widget-container\">\n\t\t\t\t\t<h4 class=\"elementor-heading-title elementor-size-default\">Infos<\/h4>\t\t\t\t<\/div>\n\t\t\t\t<\/div>\n\t\t\t\t<div class=\"elementor-element elementor-element-5f69ee4 elementor-widget elementor-widget-text-editor\" data-id=\"5f69ee4\" data-element_type=\"widget\" data-e-type=\"widget\" data-widget_type=\"text-editor.default\">\n\t\t\t\t<div class=\"elementor-widget-container\">\n\t\t\t\t\t\t\t\t\t<p><span style=\"color: #333333;\">Die Reitg\u00e4ste konnten sich per E-Mail oder Anruf f\u00fcr den <a href=\"https:\/\/www.huifkarbedrijf-terpstra.nl\/\" target=\"_blank\" rel=\"noopener\">Huifkarbedrijf Terpstra Terschelling<\/a> 2 h Ausritt anmelden. Den Ausritt zahlten die G\u00e4ste bei der Anmeldung in bar.\u00a0\u00a0<\/span><\/p>\t\t\t\t\t\t\t\t<\/div>\n\t\t\t\t<\/div>\n\t\t\t\t<div class=\"elementor-element elementor-element-d120465 elementor-widget elementor-widget-heading\" data-id=\"d120465\" data-element_type=\"widget\" data-e-type=\"widget\" data-widget_type=\"heading.default\">\n\t\t\t\t<div class=\"elementor-widget-container\">\n\t\t\t\t\t<h4 class=\"elementor-heading-title elementor-size-default\">Stall<\/h4>\t\t\t\t<\/div>\n\t\t\t\t<\/div>\n\t\t\t\t<div class=\"elementor-element elementor-element-7ac216d elementor-widget elementor-widget-text-editor\" data-id=\"7ac216d\" data-element_type=\"widget\" data-e-type=\"widget\" data-widget_type=\"text-editor.default\">\n\t\t\t\t<div class=\"elementor-widget-container\">\n\t\t\t\t\t\t\t\t\t<p><span style=\"color: #333333;\">Auf der Anlage gab es einen Stall mit Boxen. Neben dem Stall befanden\u00a0<\/span><span style=\"color: #333333;\">sich die Koppeln. Auf den Koppeln standen die Pferde in verschiedenen <\/span><span style=\"color: #333333;\">Herdengr\u00f6\u00dfen zusammen.\u00a0 \u00a0<\/span><\/p>\t\t\t\t\t\t\t\t<\/div>\n\t\t\t\t<\/div>\n\t\t\t\t<div class=\"elementor-element elementor-element-c3c0cc7 elementor-widget elementor-widget-heading\" data-id=\"c3c0cc7\" data-element_type=\"widget\" data-e-type=\"widget\" data-widget_type=\"heading.default\">\n\t\t\t\t<div class=\"elementor-widget-container\">\n\t\t\t\t\t<h4 class=\"elementor-heading-title elementor-size-default\">Ankunft<\/h4>\t\t\t\t<\/div>\n\t\t\t\t<\/div>\n\t\t\t\t<div class=\"elementor-element elementor-element-378d340 elementor-widget elementor-widget-text-editor\" data-id=\"378d340\" data-element_type=\"widget\" data-e-type=\"widget\" data-widget_type=\"text-editor.default\">\n\t\t\t\t<div class=\"elementor-widget-container\">\n\t\t\t\t\t\t\t\t\t<p><span style=\"color: #333333;\">W\u00e4hrend die Reiter ankamen, machten die Mitarbeiter die Pferde f\u00fcr den Ausritt in den Boxen fertig. Die Mitarbeiter f\u00fchrten die Pferde auf den Hof, damit die G\u00e4ste ohne eine Aufstiegshilfe aufsteigen konnten. Die Steigb\u00fcgel stellten die Mitarbeiter ein.<\/span><\/p>\t\t\t\t\t\t\t\t<\/div>\n\t\t\t\t<\/div>\n\t\t\t\t\t<\/div>\n\t\t<\/div>\n\t\t\t\t<div class=\"elementor-column elementor-col-50 elementor-inner-column elementor-element elementor-element-3b6cab8\" data-id=\"3b6cab8\" data-element_type=\"column\" data-e-type=\"column\">\n\t\t\t<div class=\"elementor-widget-wrap elementor-element-populated\">\n\t\t\t\t\t\t<div class=\"elementor-element elementor-element-c9dd874 elementor-widget elementor-widget-image\" data-id=\"c9dd874\" data-element_type=\"widget\" data-e-type=\"widget\" data-widget_type=\"image.default\">\n\t\t\t\t<div class=\"elementor-widget-container\">\n\t\t\t\t\t\t\t\t\t\t\t\t<figure class=\"wp-caption\">\n\t\t\t\t\t\t\t\t\t\t<img fetchpriority=\"high\" decoding=\"async\" width=\"968\" height=\"1024\" src=\"https:\/\/i0.wp.com\/tannis-ausritte.de\/wp-content\/uploads\/2022\/11\/DSC_5293-scaled-e1668430310487.jpg?fit=968%2C1024&amp;ssl=1\" class=\"attachment-large size-large wp-image-399\" alt=\"Huifkarbedrijf Terpstra Terschelling\" srcset=\"https:\/\/i0.wp.com\/tannis-ausritte.de\/wp-content\/uploads\/2022\/11\/DSC_5293-scaled-e1668430310487.jpg?w=1440&amp;ssl=1 1440w, https:\/\/i0.wp.com\/tannis-ausritte.de\/wp-content\/uploads\/2022\/11\/DSC_5293-scaled-e1668430310487.jpg?resize=284%2C300&amp;ssl=1 284w, https:\/\/i0.wp.com\/tannis-ausritte.de\/wp-content\/uploads\/2022\/11\/DSC_5293-scaled-e1668430310487.jpg?resize=968%2C1024&amp;ssl=1 968w, https:\/\/i0.wp.com\/tannis-ausritte.de\/wp-content\/uploads\/2022\/11\/DSC_5293-scaled-e1668430310487.jpg?resize=768%2C812&amp;ssl=1 768w\" sizes=\"(max-width: 968px) 100vw, 968px\" title=\"\">\t\t\t\t\t\t\t\t\t\t\t<figcaption class=\"widget-image-caption wp-caption-text\">Huifkarbedrijf Terpstra Terschelling<\/figcaption>\n\t\t\t\t\t\t\t\t\t\t<\/figure>\n\t\t\t\t\t\t\t\t\t<\/div>\n\t\t\t\t<\/div>\n\t\t\t\t<div class=\"elementor-element elementor-element-9745 elementor-cta--skin-classic elementor-animated-content elementor-bg-transform elementor-bg-transform-zoom-in elementor-widget elementor-widget-global elementor-global-9745 elementor-widget-call-to-action\" data-id=\"9745\" data-element_type=\"widget\" data-e-type=\"widget\" data-widget_type=\"call-to-action.default\">\n\t\t\t\t<div class=\"elementor-widget-container\">\n\t\t\t\t\t\t\t<div class=\"elementor-cta\">\n\t\t\t\t\t<div class=\"elementor-cta__bg-wrapper\">\n\t\t\t\t<div class=\"elementor-cta__bg elementor-bg\" style=\"background-image: url(https:\/\/i0.wp.com\/tannis-ausritte.de\/wp-content\/uploads\/2024\/11\/Vertical-Product-Promotion-3.png?fit=1024%2C1024&#038;ssl=1);\" role=\"img\" aria-label=\"Ausritt Tagebuch\"><\/div>\n\t\t\t\t<div class=\"elementor-cta__bg-overlay\"><\/div>\n\t\t\t<\/div>\n\t\t\t\t\t\t\t<div class=\"elementor-cta__content\">\n\t\t\t\t\n\t\t\t\t\t\t\t\t\t<h6 class=\"elementor-cta__title elementor-cta__content-item elementor-content-item\">\n\t\t\t\t\t\tMein Ausritt Tagebuch\t\t\t\t\t<\/h6>\n\t\t\t\t\n\t\t\t\t\t\t\t\t\t<h6 class=\"elementor-cta__description elementor-cta__content-item elementor-content-item\">\n\t\t\t\t\t\tDein pers\u00f6nlicher Begleiter f\u00fcr eigene Reiterreisen - mit viel Platz f\u00fcr Fotos &amp; Notizen!\t\t\t\t\t<\/h6>\n\t\t\t\t\n\t\t\t\t\t\t\t\t\t<div class=\"elementor-cta__button-wrapper elementor-cta__content-item elementor-content-item \">\n\t\t\t\t\t<a class=\"elementor-cta__button elementor-button elementor-size-\" href=\"https:\/\/tannis-ausritte.de\/shop\/\">\n\t\t\t\t\t\tJetzt im Shop erh\u00e4ltlich\t\t\t\t\t<\/a>\n\t\t\t\t\t<\/div>\n\t\t\t\t\t\t\t<\/div>\n\t\t\t\t\t\t<\/div>\n\t\t\t\t\t\t<\/div>\n\t\t\t\t<\/div>\n\t\t\t\t\t<\/div>\n\t\t<\/div>\n\t\t\t\t\t<\/div>\n\t\t<\/section>\n\t\t\t\t<section class=\"elementor-section elementor-inner-section elementor-element elementor-element-1770dc7 elementor-section-boxed elementor-section-height-default elementor-section-height-default\" data-id=\"1770dc7\" data-element_type=\"section\" data-e-type=\"section\">\n\t\t\t\t\t\t<div class=\"elementor-container elementor-column-gap-default\">\n\t\t\t\t\t<div class=\"elementor-column elementor-col-50 elementor-inner-column elementor-element elementor-element-e86a235\" data-id=\"e86a235\" data-element_type=\"column\" data-e-type=\"column\">\n\t\t\t<div class=\"elementor-widget-wrap elementor-element-populated\">\n\t\t\t\t\t\t<div class=\"elementor-element elementor-element-d2cdfe4 elementor-widget elementor-widget-heading\" data-id=\"d2cdfe4\" data-element_type=\"widget\" data-e-type=\"widget\" data-widget_type=\"heading.default\">\n\t\t\t\t<div class=\"elementor-widget-container\">\n\t\t\t\t\t<h4 class=\"elementor-heading-title elementor-size-default\">Ausritt<\/h4>\t\t\t\t<\/div>\n\t\t\t\t<\/div>\n\t\t\t\t<div class=\"elementor-element elementor-element-adb3baa elementor-widget elementor-widget-text-editor\" data-id=\"adb3baa\" data-element_type=\"widget\" data-e-type=\"widget\" data-widget_type=\"text-editor.default\">\n\t\t\t\t<div class=\"elementor-widget-container\">\n\t\t\t\t\t\t\t\t\t<p><span style=\"color: #333333;\">Der Ausritt ging direkt vom Stall aus los. Zuerst ritten wir durch den&nbsp;Ort &#8222;Hoorn&#8220; bis die Reitwege in den D\u00fcnen erreicht waren. Es ging&nbsp;weiter durch die D\u00fcnen, die viel Gras hatten. In den D\u00fcnen trabten wir&nbsp;das erste Mal. Am Strand angekommen, galoppierten wir an der D\u00fcnen-Seite einen entspannten Galopp. Der Ritt ging weiter zum Meer (zwischen D\u00fcnen und Meer ist der&nbsp;Strand bis zu einem Kilometer breit). Im gem\u00fctlichen Schritt ging der Ritt am&nbsp;Wasser entlang. \u2060Kurz drauf ging es in den Galopp. <\/span><\/p>\n<p><span style=\"color: #333333;\">W\u00e4hrend dem&nbsp;Galopp \u00e4nderte sich die Reihenfolge, weil manche Pferde schneller&nbsp;galoppierten. Auf dieser Galoppstrecke wurde es schneller, aber nicht&nbsp;unkontrollierbar. \u2060An dem breiten Strand zu galoppieren war sehr sch\u00f6n&nbsp;und machte viel Spa\u00df. Weiter im Schritt ging es am Wasser entlang,&nbsp;bevor es zur\u00fcck in die D\u00fcnen ging. Auf dem R\u00fcckweg ritten wir entweder nur noch komplett im Schritt oder einen letzten Trab. Zur\u00fcck durch den Ort ging es zum Stall.&nbsp;&nbsp;<\/span><\/p>\t\t\t\t\t\t\t\t<\/div>\n\t\t\t\t<\/div>\n\t\t\t\t<div class=\"elementor-element elementor-element-61b2978 elementor-widget elementor-widget-heading\" data-id=\"61b2978\" data-element_type=\"widget\" data-e-type=\"widget\" data-widget_type=\"heading.default\">\n\t\t\t\t<div class=\"elementor-widget-container\">\n\t\t\t\t\t<h4 class=\"elementor-heading-title elementor-size-default\">Nach dem Ausritt<\/h4>\t\t\t\t<\/div>\n\t\t\t\t<\/div>\n\t\t\t\t<div class=\"elementor-element elementor-element-2a3e36e elementor-widget elementor-widget-text-editor\" data-id=\"2a3e36e\" data-element_type=\"widget\" data-e-type=\"widget\" data-widget_type=\"text-editor.default\">\n\t\t\t\t<div class=\"elementor-widget-container\">\n\t\t\t\t\t\t\t\t\t<p><span style=\"color: #333333;\">Zur\u00fcck im Stall sattelten und trensten die Mitarbeiter die Pferde ab.\u00a0Die Reiter hatten die M\u00f6glichkeit, das Reitpferd auf die Koppel zu\u00a0bringen. Ansonsten machten dies die Mitarbeiter.\u00a0\u00a0<\/span><\/p>\t\t\t\t\t\t\t\t<\/div>\n\t\t\t\t<\/div>\n\t\t\t\t<div class=\"elementor-element elementor-element-23aaf26 elementor-widget elementor-widget-heading\" data-id=\"23aaf26\" data-element_type=\"widget\" data-e-type=\"widget\" data-widget_type=\"heading.default\">\n\t\t\t\t<div class=\"elementor-widget-container\">\n\t\t\t\t\t<h4 class=\"elementor-heading-title elementor-size-default\">Fotos<\/h4>\t\t\t\t<\/div>\n\t\t\t\t<\/div>\n\t\t\t\t<div class=\"elementor-element elementor-element-1822554 elementor-widget elementor-widget-text-editor\" data-id=\"1822554\" data-element_type=\"widget\" data-e-type=\"widget\" data-widget_type=\"text-editor.default\">\n\t\t\t\t<div class=\"elementor-widget-container\">\n\t\t\t\t\t\t\t\t\t<p><span style=\"color: #333333;\">Am Strand gab es eine Foto-Pause. Die Reiterin gab der Rittf\u00fchrerin das Handy.\u00a0<\/span><\/p>\t\t\t\t\t\t\t\t<\/div>\n\t\t\t\t<\/div>\n\t\t\t\t<div class=\"elementor-element elementor-element-2309fb4 elementor-widget elementor-widget-heading\" data-id=\"2309fb4\" data-element_type=\"widget\" data-e-type=\"widget\" data-widget_type=\"heading.default\">\n\t\t\t\t<div class=\"elementor-widget-container\">\n\t\t\t\t\t<h4 class=\"elementor-heading-title elementor-size-default\">Mein Fazit<\/h4>\t\t\t\t<\/div>\n\t\t\t\t<\/div>\n\t\t\t\t<div class=\"elementor-element elementor-element-7ff04d4 elementor-widget elementor-widget-text-editor\" data-id=\"7ff04d4\" data-element_type=\"widget\" data-e-type=\"widget\" data-widget_type=\"text-editor.default\">\n\t\t\t\t<div class=\"elementor-widget-container\">\n\t\t\t\t\t\t\t\t\t<p><span style=\"color: #333333;\">Ich fand den Ausritt sch\u00f6n. Der Strandgalopp machte viel Spa\u00df. Den Pferden ging es gut und jeder hatte Spa\u00df.<\/span><\/p>\t\t\t\t\t\t\t\t<\/div>\n\t\t\t\t<\/div>\n\t\t\t\t\t<\/div>\n\t\t<\/div>\n\t\t\t\t<div class=\"elementor-column elementor-col-50 elementor-inner-column elementor-element elementor-element-71ed459\" data-id=\"71ed459\" data-element_type=\"column\" data-e-type=\"column\">\n\t\t\t<div class=\"elementor-widget-wrap elementor-element-populated\">\n\t\t\t\t\t\t<div class=\"elementor-element elementor-element-b028159 elementor-widget elementor-widget-image\" data-id=\"b028159\" data-element_type=\"widget\" data-e-type=\"widget\" data-widget_type=\"image.default\">\n\t\t\t\t<div class=\"elementor-widget-container\">\n\t\t\t\t\t\t\t\t\t\t\t\t<figure class=\"wp-caption\">\n\t\t\t\t\t\t\t\t\t\t<img decoding=\"async\" width=\"576\" height=\"1024\" src=\"https:\/\/i0.wp.com\/tannis-ausritte.de\/wp-content\/uploads\/2022\/12\/DSC_5349-scaled.jpg?fit=576%2C1024&amp;ssl=1\" class=\"attachment-large size-large wp-image-938\" alt=\"Huifkarbedrijf Terpstra Terschelling\" srcset=\"https:\/\/i0.wp.com\/tannis-ausritte.de\/wp-content\/uploads\/2022\/12\/DSC_5349-scaled.jpg?w=1440&amp;ssl=1 1440w, https:\/\/i0.wp.com\/tannis-ausritte.de\/wp-content\/uploads\/2022\/12\/DSC_5349-scaled.jpg?resize=169%2C300&amp;ssl=1 169w, https:\/\/i0.wp.com\/tannis-ausritte.de\/wp-content\/uploads\/2022\/12\/DSC_5349-scaled.jpg?resize=576%2C1024&amp;ssl=1 576w, https:\/\/i0.wp.com\/tannis-ausritte.de\/wp-content\/uploads\/2022\/12\/DSC_5349-scaled.jpg?resize=768%2C1365&amp;ssl=1 768w, https:\/\/i0.wp.com\/tannis-ausritte.de\/wp-content\/uploads\/2022\/12\/DSC_5349-scaled.jpg?resize=864%2C1536&amp;ssl=1 864w, https:\/\/i0.wp.com\/tannis-ausritte.de\/wp-content\/uploads\/2022\/12\/DSC_5349-scaled.jpg?resize=1152%2C2048&amp;ssl=1 1152w\" sizes=\"(max-width: 576px) 100vw, 576px\" title=\"\">\t\t\t\t\t\t\t\t\t\t\t<figcaption class=\"widget-image-caption wp-caption-text\">Huifkarbedrijf Terpstra Terschelling<\/figcaption>\n\t\t\t\t\t\t\t\t\t\t<\/figure>\n\t\t\t\t\t\t\t\t\t<\/div>\n\t\t\t\t<\/div>\n\t\t\t\t<div class=\"elementor-element elementor-element-0c416d4 elementor-widget elementor-widget-html\" data-id=\"0c416d4\" data-element_type=\"widget\" data-e-type=\"widget\" data-widget_type=\"html.default\">\n\t\t\t\t<div class=\"elementor-widget-container\">\n\t\t\t\t\t<div data-gyg-href=\"https:\/\/widget.getyourguide.com\/default\/activities.frame\" data-gyg-locale-code=\"de-DE\" data-gyg-widget=\"activities\" data-gyg-number-of-items=\"1\" data-gyg-partner-id=\"66WHMTA\" data-gyg-tour-ids=\"430544\"><span>Powered by <a target=\"_blank\" rel=\"sponsored noopener\" href=\"https:\/\/www.getyourguide.com\/teneriffa-l350\/\">GetYourGuide<\/a><\/span><\/div>\t\t\t\t<\/div>\n\t\t\t\t<\/div>\n\t\t\t\t\t<\/div>\n\t\t<\/div>\n\t\t\t\t\t<\/div>\n\t\t<\/section>\n\t\t\t\t\t<\/div>\n\t\t<\/div>\n\t\t\t\t\t<\/div>\n\t\t<\/section>\n\t\t\t\t<\/div>\n\t\t","protected":false},"excerpt":{"rendered":"<p>Huifkarbedrijf Terpstra Terschelling Ausritt (2 Stunden) am Strand f\u00fcr fortgeschrittene Reiter Dieser Bericht enth\u00e4lt Werbelinks und\/oder werbende Inhalte. Mehr dazu hier! 01.07.2021 02.07.2021 Was erwartet mich bei einem Zweistunden-Ausritt f\u00fcr fortgeschrittene Reiter bei Huifkarbedrijf Terpstra Terschelling? Hier erf\u00e4hrst du alle wichtigen Informationen \u00fcber den Ablauf, den Stall, den Ausritt,ob Fotos gemacht werden und mein Fazit. &#8230; <a title=\"Huifkarbedrijf Terpstra Terschelling\" class=\"read-more\" href=\"https:\/\/tannis-ausritte.de\/en\/huifkarbedrijf-terpstra-terschelling\/\" aria-label=\"Read more about Huifkarbedrijf Terpstra Terschelling\">Read more<\/a><\/p>","protected":false},"author":1,"featured_media":0,"parent":0,"menu_order":0,"comment_status":"open","ping_status":"closed","template":"","meta":{"footnotes":""},"class_list":["post-299","page","type-page","status-publish"],"jetpack_sharing_enabled":true,"_links":{"self":[{"href":"https:\/\/tannis-ausritte.de\/en\/wp-json\/wp\/v2\/pages\/299","targetHints":{"allow":["GET"]}}],"collection":[{"href":"https:\/\/tannis-ausritte.de\/en\/wp-json\/wp\/v2\/pages"}],"about":[{"href":"https:\/\/tannis-ausritte.de\/en\/wp-json\/wp\/v2\/types\/page"}],"author":[{"embeddable":true,"href":"https:\/\/tannis-ausritte.de\/en\/wp-json\/wp\/v2\/users\/1"}],"replies":[{"embeddable":true,"href":"https:\/\/tannis-ausritte.de\/en\/wp-json\/wp\/v2\/comments?post=299"}],"version-history":[{"count":9,"href":"https:\/\/tannis-ausritte.de\/en\/wp-json\/wp\/v2\/pages\/299\/revisions"}],"predecessor-version":[{"id":9944,"href":"https:\/\/tannis-ausritte.de\/en\/wp-json\/wp\/v2\/pages\/299\/revisions\/9944"}],"wp:attachment":[{"href":"https:\/\/tannis-ausritte.de\/en\/wp-json\/wp\/v2\/media?parent=299"}],"curies":[{"name":"wp","href":"https:\/\/api.w.org\/{rel}","templated":true}]}}