{"id":281,"date":"2023-04-13T19:29:59","date_gmt":"2023-04-13T19:29:59","guid":{"rendered":"http:\/\/tannis-ausritte.de\/?page_id=281"},"modified":"2025-07-26T14:00:01","modified_gmt":"2025-07-26T12:00:01","slug":"rancho-grande","status":"publish","type":"page","link":"https:\/\/tannis-ausritte.de\/en\/rancho-grande\/","title":{"rendered":"Rancho Grande"},"content":{"rendered":"\t\t<div data-elementor-type=\"wp-page\" data-elementor-id=\"281\" class=\"elementor elementor-281\" data-elementor-post-type=\"page\">\n\t\t\t\t\t\t<section class=\"elementor-section elementor-top-section elementor-element elementor-element-231c045 elementor-section-boxed elementor-section-height-default elementor-section-height-default\" data-id=\"231c045\" data-element_type=\"section\" data-e-type=\"section\">\n\t\t\t\t\t\t<div class=\"elementor-container elementor-column-gap-default\">\n\t\t\t\t\t<div class=\"elementor-column elementor-col-100 elementor-top-column elementor-element elementor-element-957f93a\" data-id=\"957f93a\" data-element_type=\"column\" data-e-type=\"column\">\n\t\t\t<div class=\"elementor-widget-wrap elementor-element-populated\">\n\t\t\t\t\t\t<div class=\"elementor-element elementor-element-177bbcd elementor-widget elementor-widget-heading\" data-id=\"177bbcd\" data-element_type=\"widget\" data-e-type=\"widget\" data-widget_type=\"heading.default\">\n\t\t\t\t<div class=\"elementor-widget-container\">\n\t\t\t\t\t<h2 class=\"elementor-heading-title elementor-size-default\">Rancho Grande<\/h2>\t\t\t\t<\/div>\n\t\t\t\t<\/div>\n\t\t\t\t<div class=\"elementor-element elementor-element-fa665fd elementor-widget elementor-widget-heading\" data-id=\"fa665fd\" data-element_type=\"widget\" data-e-type=\"widget\" data-widget_type=\"heading.default\">\n\t\t\t\t<div class=\"elementor-widget-container\">\n\t\t\t\t\t<h2 class=\"elementor-heading-title elementor-size-default\">Ausritt (2 Stunden) f\u00fcr fortgeschrittene Reiter<\/h2>\t\t\t\t<\/div>\n\t\t\t\t<\/div>\n\t\t\t\t<div class=\"elementor-element elementor-element-fe4db11 elementor-widget elementor-widget-heading\" data-id=\"fe4db11\" data-element_type=\"widget\" data-e-type=\"widget\" data-widget_type=\"heading.default\">\n\t\t\t\t<div class=\"elementor-widget-container\">\n\t\t\t\t\t<h6 class=\"elementor-heading-title elementor-size-default\"><a href=\"http:\/\/tannis-ausritte.de\/werbung-und-affiliate-links\/\">Dieser Bericht enth\u00e4lt Werbelinks und\/oder werbende Inhalte. Mehr dazu hier!<\/a><\/h6>\t\t\t\t<\/div>\n\t\t\t\t<\/div>\n\t\t\t\t<div class=\"elementor-element elementor-element-a591b50 elementor-widget elementor-widget-heading\" data-id=\"a591b50\" data-element_type=\"widget\" data-e-type=\"widget\" data-widget_type=\"heading.default\">\n\t\t\t\t<div class=\"elementor-widget-container\">\n\t\t\t\t\t<h5 class=\"elementor-heading-title elementor-size-default\">17.09.2021<\/h5>\t\t\t\t<\/div>\n\t\t\t\t<\/div>\n\t\t\t\t<div class=\"elementor-element elementor-element-ba78b5b elementor-widget elementor-widget-text-editor\" data-id=\"ba78b5b\" data-element_type=\"widget\" data-e-type=\"widget\" data-widget_type=\"text-editor.default\">\n\t\t\t\t<div class=\"elementor-widget-container\">\n\t\t\t\t\t\t\t\t\t<p><span style=\"color: #333333; font-size: 20px; text-align: justify;\">Was erwartet mich bei einem Zweistunden Ausritt f\u00fcr fortgeschrittene Reiter bei Rancho Grande? Hier erf\u00e4hrst du alle wichtigen Informationen \u00fcber den Ablauf, den Ausritt, ob Fotos gemacht werden und mein Fazit.<\/span><\/p>\t\t\t\t\t\t\t\t<\/div>\n\t\t\t\t<\/div>\n\t\t\t\t<div class=\"elementor-element elementor-element-a5bcafb elementor-widget elementor-widget-text-editor\" data-id=\"a5bcafb\" data-element_type=\"widget\" data-e-type=\"widget\" data-widget_type=\"text-editor.default\">\n\t\t\t\t<div class=\"elementor-widget-container\">\n\t\t\t\t\t\t\t\t\t<p><audio class=\"wp-audio-shortcode\" id=\"audio-281-1\" preload=\"none\" style=\"width: 100%;\" controls=\"controls\"><source type=\"audio\/mpeg\" src=\"http:\/\/tannis-ausritte.de\/wp-content\/uploads\/2023\/05\/Rancho-Grande.m4a?_=1\" \/><a href=\"http:\/\/tannis-ausritte.de\/wp-content\/uploads\/2023\/05\/Rancho-Grande.m4a\">http:\/\/tannis-ausritte.de\/wp-content\/uploads\/2023\/05\/Rancho-Grande.m4a<\/a><\/audio><\/p>\t\t\t\t\t\t\t\t<\/div>\n\t\t\t\t<\/div>\n\t\t\t\t<div class=\"elementor-element elementor-element-b3b2fb3 elementor-toc--minimized-on-tablet elementor-widget elementor-widget-global elementor-global-9754 elementor-widget-table-of-contents\" data-id=\"b3b2fb3\" data-element_type=\"widget\" data-e-type=\"widget\" data-settings=\"{&quot;headings_by_tags&quot;:[&quot;h4&quot;],&quot;exclude_headings_by_selector&quot;:[],&quot;no_headings_message&quot;:&quot;No headings were found on this page.&quot;,&quot;motion_fx_motion_fx_scrolling&quot;:&quot;yes&quot;,&quot;marker_view&quot;:&quot;numbers&quot;,&quot;minimize_box&quot;:&quot;yes&quot;,&quot;minimized_on&quot;:&quot;tablet&quot;,&quot;hierarchical_view&quot;:&quot;yes&quot;,&quot;min_height&quot;:{&quot;unit&quot;:&quot;px&quot;,&quot;size&quot;:&quot;&quot;,&quot;sizes&quot;:[]},&quot;min_height_tablet&quot;:{&quot;unit&quot;:&quot;px&quot;,&quot;size&quot;:&quot;&quot;,&quot;sizes&quot;:[]},&quot;min_height_mobile&quot;:{&quot;unit&quot;:&quot;px&quot;,&quot;size&quot;:&quot;&quot;,&quot;sizes&quot;:[]},&quot;motion_fx_devices&quot;:[&quot;desktop&quot;,&quot;tablet&quot;,&quot;mobile&quot;]}\" data-widget_type=\"table-of-contents.default\">\n\t\t\t\t<div class=\"elementor-widget-container\">\n\t\t\t\t\t\t\t\t\t<div class=\"elementor-toc__header\">\n\t\t\t\t\t\t<h4 class=\"elementor-toc__header-title\">\n\t\t\t\tInhaltsverzeichnis\t\t\t<\/h4>\n\t\t\t\t\t\t\t\t\t\t<div class=\"elementor-toc__toggle-button elementor-toc__toggle-button--expand\" role=\"button\" tabindex=\"0\" aria-controls=\"elementor-toc__b3b2fb3\" aria-expanded=\"true\" aria-label=\"Open table of contents\"><i aria-hidden=\"true\" class=\"fas fa-chevron-down\"><\/i><\/div>\n\t\t\t\t<div class=\"elementor-toc__toggle-button elementor-toc__toggle-button--collapse\" role=\"button\" tabindex=\"0\" aria-controls=\"elementor-toc__b3b2fb3\" aria-expanded=\"true\" aria-label=\"Close table of contents\"><i aria-hidden=\"true\" class=\"fas fa-chevron-up\"><\/i><\/div>\n\t\t\t\t\t<\/div>\n\t\t\t\t<div id=\"elementor-toc__b3b2fb3\" class=\"elementor-toc__body\">\n\t\t\t<div class=\"elementor-toc__spinner-container\">\n\t\t\t\t<i class=\"elementor-toc__spinner eicon-animation-spin eicon-loading\" aria-hidden=\"true\"><\/i>\t\t\t<\/div>\n\t\t<\/div>\n\t\t\t\t\t\t<\/div>\n\t\t\t\t<\/div>\n\t\t\t\t\t<\/div>\n\t\t<\/div>\n\t\t\t\t\t<\/div>\n\t\t<\/section>\n\t\t\t\t<section class=\"elementor-section elementor-top-section elementor-element elementor-element-60cfce4 elementor-section-boxed elementor-section-height-default elementor-section-height-default\" data-id=\"60cfce4\" data-element_type=\"section\" data-e-type=\"section\">\n\t\t\t\t\t\t<div class=\"elementor-container elementor-column-gap-default\">\n\t\t\t\t\t<div class=\"elementor-column elementor-col-100 elementor-top-column elementor-element elementor-element-ae90b70\" data-id=\"ae90b70\" data-element_type=\"column\" data-e-type=\"column\">\n\t\t\t<div class=\"elementor-widget-wrap elementor-element-populated\">\n\t\t\t\t\t\t<section class=\"elementor-section elementor-inner-section elementor-element elementor-element-e9dd721 elementor-section-boxed elementor-section-height-default elementor-section-height-default\" data-id=\"e9dd721\" data-element_type=\"section\" data-e-type=\"section\">\n\t\t\t\t\t\t<div class=\"elementor-container elementor-column-gap-default\">\n\t\t\t\t\t<div class=\"elementor-column elementor-col-50 elementor-inner-column elementor-element elementor-element-64b7a58\" data-id=\"64b7a58\" data-element_type=\"column\" data-e-type=\"column\">\n\t\t\t<div class=\"elementor-widget-wrap elementor-element-populated\">\n\t\t\t\t\t\t<div class=\"elementor-element elementor-element-a0816d4 elementor-widget elementor-widget-heading\" data-id=\"a0816d4\" data-element_type=\"widget\" data-e-type=\"widget\" data-widget_type=\"heading.default\">\n\t\t\t\t<div class=\"elementor-widget-container\">\n\t\t\t\t\t<h4 class=\"elementor-heading-title elementor-size-default\">Infos<\/h4>\t\t\t\t<\/div>\n\t\t\t\t<\/div>\n\t\t\t\t<div class=\"elementor-element elementor-element-8e0648d elementor-widget elementor-widget-text-editor\" data-id=\"8e0648d\" data-element_type=\"widget\" data-e-type=\"widget\" data-widget_type=\"text-editor.default\">\n\t\t\t\t<div class=\"elementor-widget-container\">\n\t\t\t\t\t\t\t\t\t<p><span style=\"color: #333333;\">Ein Transfer holte die G\u00e4ste beim Hotel ab. In manchen Hotels war es\u00a0m\u00f6glich, den Ausritt direkt zu buchen und zahlen.<br \/><br \/>Bei <a href=\"https:\/\/www.ranchograndemallorca.com\/de\/aktivitaeten\/ausflug-am-strand\/\" target=\"_blank\" rel=\"noopener\">Rancho Grande<\/a><\/span><span style=\"color: #333333; background-color: var(--base-3);\">\u00a0teilte eine\u00a0Angestellte mit, dass eine komplette Gruppe bis zu 70 Reitg\u00e4sten plus 14\u00a0Rittf\u00fchrer sein konnte.\u00a0 \u00a0<\/span><\/p>\t\t\t\t\t\t\t\t<\/div>\n\t\t\t\t<\/div>\n\t\t\t\t<div class=\"elementor-element elementor-element-0f0e909 elementor-widget elementor-widget-heading\" data-id=\"0f0e909\" data-element_type=\"widget\" data-e-type=\"widget\" data-widget_type=\"heading.default\">\n\t\t\t\t<div class=\"elementor-widget-container\">\n\t\t\t\t\t<h4 class=\"elementor-heading-title elementor-size-default\">Ankunft<\/h4>\t\t\t\t<\/div>\n\t\t\t\t<\/div>\n\t\t\t\t<div class=\"elementor-element elementor-element-3a2a896 elementor-widget elementor-widget-text-editor\" data-id=\"3a2a896\" data-element_type=\"widget\" data-e-type=\"widget\" data-widget_type=\"text-editor.default\">\n\t\t\t\t<div class=\"elementor-widget-container\">\n\t\t\t\t\t\t\t\t\t<div><span style=\"color: #333333;\">Als alle Reiter auf dem Hof angekommen waren, suchten sich die Reiter einen Helm aus. Es gab mehrere Rittf\u00fchrer\/innen die die Reiter in \u201eSprach-Gruppen\u201c einteilten, damit jeder alles verstehen konnte. Es gab folgende &#8222;Sprach-Gruppen&#8220;: Deutsch, Spanisch und Englisch. Beim Gespr\u00e4ch teilten die Mitarbeiter mit, dass alle Reiter als gesamte Gruppe losreiten werden und sie die Gruppe w\u00e4hrend dem Ausritt teilen. Nach der Einf\u00fchrung ging es zu den Pferden.<\/span><\/div><p><span style=\"color: #333333;\">Es standen mehr als 30 Pferde angebunden mit Sattel und Trense wartend auf die Reiter an Anbindepl\u00e4tzen. Bei den Pferden bildeten die Reiter Gruppen nach Reiterniveau. In den Gruppen sprachen die G\u00e4ste \u00fcber die Reiterfahrung. Jeder bekam ein Pferd zugeteilt.<\/span><\/p><div><span style=\"color: #333333;\">Beim Los reiten, ritt jeder einfach einem Pferd hinterher. Von Anfang an wurde keine Reihenfolge der Pferde festgelegt. Ein Rittf\u00fchrer ritt mit der Gruppe los, obwohl die anderen Rittf\u00fchrer noch neben herliefen, um bei manchen Reitern die Steigb\u00fcgel einzustellen. Die Rittf\u00fchrer liefen zur\u00fcck zum Hof, setzten sich auf die eigenen Pferde und k\u00fcrzten einen Weg ab, um zur Gruppe aufzuschlie\u00dfen. Um schneller bei der Gruppe zu sein, galoppierten die Rittf\u00fchrer auf die Gruppe zu.<\/span><\/div>\t\t\t\t\t\t\t\t<\/div>\n\t\t\t\t<\/div>\n\t\t\t\t\t<\/div>\n\t\t<\/div>\n\t\t\t\t<div class=\"elementor-column elementor-col-50 elementor-inner-column elementor-element elementor-element-7b473ba\" data-id=\"7b473ba\" data-element_type=\"column\" data-e-type=\"column\">\n\t\t\t<div class=\"elementor-widget-wrap elementor-element-populated\">\n\t\t\t\t\t\t<div class=\"elementor-element elementor-element-9216a0c elementor-widget elementor-widget-image\" data-id=\"9216a0c\" data-element_type=\"widget\" data-e-type=\"widget\" data-widget_type=\"image.default\">\n\t\t\t\t<div class=\"elementor-widget-container\">\n\t\t\t\t\t\t\t\t\t\t\t\t<figure class=\"wp-caption\">\n\t\t\t\t\t\t\t\t\t\t<img fetchpriority=\"high\" decoding=\"async\" width=\"1024\" height=\"846\" src=\"https:\/\/i0.wp.com\/tannis-ausritte.de\/wp-content\/uploads\/2022\/11\/DSC_5549-scaled-e1668424381845.jpg?fit=1024%2C846&amp;ssl=1\" class=\"attachment-large size-large wp-image-375\" alt=\"Rancho Grande\" srcset=\"https:\/\/i0.wp.com\/tannis-ausritte.de\/wp-content\/uploads\/2022\/11\/DSC_5549-scaled-e1668424381845.jpg?w=1440&amp;ssl=1 1440w, https:\/\/i0.wp.com\/tannis-ausritte.de\/wp-content\/uploads\/2022\/11\/DSC_5549-scaled-e1668424381845.jpg?resize=300%2C248&amp;ssl=1 300w, https:\/\/i0.wp.com\/tannis-ausritte.de\/wp-content\/uploads\/2022\/11\/DSC_5549-scaled-e1668424381845.jpg?resize=1024%2C846&amp;ssl=1 1024w, https:\/\/i0.wp.com\/tannis-ausritte.de\/wp-content\/uploads\/2022\/11\/DSC_5549-scaled-e1668424381845.jpg?resize=768%2C635&amp;ssl=1 768w\" sizes=\"(max-width: 1024px) 100vw, 1024px\" title=\"\">\t\t\t\t\t\t\t\t\t\t\t<figcaption class=\"widget-image-caption wp-caption-text\">Rancho Grande<\/figcaption>\n\t\t\t\t\t\t\t\t\t\t<\/figure>\n\t\t\t\t\t\t\t\t\t<\/div>\n\t\t\t\t<\/div>\n\t\t\t\t<div class=\"elementor-element elementor-element-9745 elementor-cta--skin-classic elementor-animated-content elementor-bg-transform elementor-bg-transform-zoom-in elementor-widget elementor-widget-global elementor-global-9745 elementor-widget-call-to-action\" data-id=\"9745\" data-element_type=\"widget\" data-e-type=\"widget\" data-widget_type=\"call-to-action.default\">\n\t\t\t\t<div class=\"elementor-widget-container\">\n\t\t\t\t\t\t\t<div class=\"elementor-cta\">\n\t\t\t\t\t<div class=\"elementor-cta__bg-wrapper\">\n\t\t\t\t<div class=\"elementor-cta__bg elementor-bg\" style=\"background-image: url(https:\/\/i0.wp.com\/tannis-ausritte.de\/wp-content\/uploads\/2024\/11\/Vertical-Product-Promotion-3.png?fit=1024%2C1024&#038;ssl=1);\" role=\"img\" aria-label=\"Ausritt Tagebuch\"><\/div>\n\t\t\t\t<div class=\"elementor-cta__bg-overlay\"><\/div>\n\t\t\t<\/div>\n\t\t\t\t\t\t\t<div class=\"elementor-cta__content\">\n\t\t\t\t\n\t\t\t\t\t\t\t\t\t<h6 class=\"elementor-cta__title elementor-cta__content-item elementor-content-item\">\n\t\t\t\t\t\tMein Ausritt Tagebuch\t\t\t\t\t<\/h6>\n\t\t\t\t\n\t\t\t\t\t\t\t\t\t<h6 class=\"elementor-cta__description elementor-cta__content-item elementor-content-item\">\n\t\t\t\t\t\tDein pers\u00f6nlicher Begleiter f\u00fcr eigene Reiterreisen - mit viel Platz f\u00fcr Fotos &amp; Notizen!\t\t\t\t\t<\/h6>\n\t\t\t\t\n\t\t\t\t\t\t\t\t\t<div class=\"elementor-cta__button-wrapper elementor-cta__content-item elementor-content-item \">\n\t\t\t\t\t<a class=\"elementor-cta__button elementor-button elementor-size-\" href=\"https:\/\/tannis-ausritte.de\/shop\/\">\n\t\t\t\t\t\tJetzt im Shop erh\u00e4ltlich\t\t\t\t\t<\/a>\n\t\t\t\t\t<\/div>\n\t\t\t\t\t\t\t<\/div>\n\t\t\t\t\t\t<\/div>\n\t\t\t\t\t\t<\/div>\n\t\t\t\t<\/div>\n\t\t\t\t\t<\/div>\n\t\t<\/div>\n\t\t\t\t\t<\/div>\n\t\t<\/section>\n\t\t\t\t\t<\/div>\n\t\t<\/div>\n\t\t\t\t\t<\/div>\n\t\t<\/section>\n\t\t\t\t<section class=\"elementor-section elementor-top-section elementor-element elementor-element-79f8eff elementor-section-boxed elementor-section-height-default elementor-section-height-default\" data-id=\"79f8eff\" data-element_type=\"section\" data-e-type=\"section\">\n\t\t\t\t\t\t<div class=\"elementor-container elementor-column-gap-default\">\n\t\t\t\t\t<div class=\"elementor-column elementor-col-100 elementor-top-column elementor-element elementor-element-d92e1ea\" data-id=\"d92e1ea\" data-element_type=\"column\" data-e-type=\"column\">\n\t\t\t<div class=\"elementor-widget-wrap elementor-element-populated\">\n\t\t\t\t\t\t<section class=\"elementor-section elementor-inner-section elementor-element elementor-element-7adddc1 elementor-section-boxed elementor-section-height-default elementor-section-height-default\" data-id=\"7adddc1\" data-element_type=\"section\" data-e-type=\"section\">\n\t\t\t\t\t\t<div class=\"elementor-container elementor-column-gap-default\">\n\t\t\t\t\t<div class=\"elementor-column elementor-col-50 elementor-inner-column elementor-element elementor-element-6871d77\" data-id=\"6871d77\" data-element_type=\"column\" data-e-type=\"column\">\n\t\t\t<div class=\"elementor-widget-wrap elementor-element-populated\">\n\t\t\t\t\t\t<div class=\"elementor-element elementor-element-808703b elementor-widget elementor-widget-heading\" data-id=\"808703b\" data-element_type=\"widget\" data-e-type=\"widget\" data-widget_type=\"heading.default\">\n\t\t\t\t<div class=\"elementor-widget-container\">\n\t\t\t\t\t<h4 class=\"elementor-heading-title elementor-size-default\">Ausritt<\/h4>\t\t\t\t<\/div>\n\t\t\t\t<\/div>\n\t\t\t\t<div class=\"elementor-element elementor-element-3122202 elementor-widget elementor-widget-text-editor\" data-id=\"3122202\" data-element_type=\"widget\" data-e-type=\"widget\" data-widget_type=\"text-editor.default\">\n\t\t\t\t<div class=\"elementor-widget-container\">\n\t\t\t\t\t\t\t\t\t<div><span style=\"color: #333333;\"><span style=\"background-color: var(--base-3);\">W\u00e4hrend dem Schrittreiten ver\u00e4nderten die Rittf\u00fchrer die Reihenfolge. Um die Reihenfolge zu \u00e4ndern, nahmen sie\u00a0<\/span><span style=\"background-color: var(--base-3);\">die Z\u00fcgel vom Reiter aus der Hand. Sie brachten das Pferd an die\u00a0<\/span><span style=\"background-color: var(--base-3);\">richtige Stelle. Die Pferde liefen ganz dicht beieinander und legten die\u00a0<\/span><span style=\"background-color: var(--base-3);\">Ohren an. Die Gruppe war mit 30 Reitern plus Rittf\u00fchrern unterwegs.<\/span><\/span><\/div><div>\u00a0<\/div><div><span style=\"color: #333333;\">Als der erste Trab anstand, teilte sich die Gruppe. Die Traber und Galopper\u00a0trabten zusammen, w\u00e4hrend die Schritt Reiter weiter-ritten. Die\u00a0Galopper mussten sich erst mal \u201ebeweisen\u201c, sodass sie in die Galopp-Gruppe\u00a0passten. Nach dem ersten Traben mussten bei manchen Reitern noch einmal die Steigb\u00fcgel eingestellt werden. Dies machte der Rittf\u00fchrer direkt\u00a0beim Nebeneinander-Reiten. Die Pferde machten nicht mit und so verz\u00f6gerte sich das Einstellen der Steigb\u00fcgel.<\/span><\/div><p><span style=\"color: #333333;\">Als die erste\u00a0Galoppstrecke kam, teilte sich die Gruppe erneut und wir waren nur noch\u00a0zu viert unterwegs. Wir ritten im wundersch\u00f6nen Gel\u00e4nde mit sandigen\u00a0Wegen im Schritt und ab und an im Galopp. Neben einem Fluss konnten wir\u00a0entlang reiten. Am Strand reiten war nicht m\u00f6glich. Das Meer konnten die\u00a0Reiter von manchen Wegabschnitten sehen. Getrabt wurde in\u00a0der Galopp-Gruppe nur noch f\u00fcr das Foto.\u00a0<\/span><\/p>\t\t\t\t\t\t\t\t<\/div>\n\t\t\t\t<\/div>\n\t\t\t\t<div class=\"elementor-element elementor-element-4ad06b3 elementor-widget elementor-widget-heading\" data-id=\"4ad06b3\" data-element_type=\"widget\" data-e-type=\"widget\" data-widget_type=\"heading.default\">\n\t\t\t\t<div class=\"elementor-widget-container\">\n\t\t\t\t\t<h4 class=\"elementor-heading-title elementor-size-default\">Nach dem Ausritt<\/h4>\t\t\t\t<\/div>\n\t\t\t\t<\/div>\n\t\t\t\t<div class=\"elementor-element elementor-element-107ac7f elementor-widget elementor-widget-text-editor\" data-id=\"107ac7f\" data-element_type=\"widget\" data-e-type=\"widget\" data-widget_type=\"text-editor.default\">\n\t\t\t\t<div class=\"elementor-widget-container\">\n\t\t\t\t\t\t\t\t\t<div><span style=\"color: #333333;\">Zur\u00fcck im Stall sa\u00dfen die Reiter ab. Die Mitarbeiter nahmen mehrere Pferde gleichzeitig, sattelten und duschten die Pferde ab.<\/span><\/div><div>\u00a0<\/div><div><span style=\"color: #333333;\">An der Bar gab es die M\u00f6glichkeit, ein Getr\u00e4nk zu kaufen.<\/span><\/div><div>\u00a0<\/div><div><span style=\"color: #333333;\">Der Transfer brachte die G\u00e4ste zum Hotel zur\u00fcck.<\/span><\/div>\t\t\t\t\t\t\t\t<\/div>\n\t\t\t\t<\/div>\n\t\t\t\t<div class=\"elementor-element elementor-element-4cf7061 elementor-widget elementor-widget-heading\" data-id=\"4cf7061\" data-element_type=\"widget\" data-e-type=\"widget\" data-widget_type=\"heading.default\">\n\t\t\t\t<div class=\"elementor-widget-container\">\n\t\t\t\t\t<h4 class=\"elementor-heading-title elementor-size-default\">Fotos<\/h4>\t\t\t\t<\/div>\n\t\t\t\t<\/div>\n\t\t\t\t<div class=\"elementor-element elementor-element-bfd282f elementor-widget elementor-widget-text-editor\" data-id=\"bfd282f\" data-element_type=\"widget\" data-e-type=\"widget\" data-widget_type=\"text-editor.default\">\n\t\t\t\t<div class=\"elementor-widget-container\">\n\t\t\t\t\t\t\t\t\t<p><span style=\"color: #333333;\">Auf Anfrage machte die Rittf\u00fchrerin Bilder vom Reiter. Sie nahm das Handy vom Gast und ritt neben der Gruppe her, um die Bilder zu machen. <\/span><\/p>\n<p><span style=\"color: #333333;\">W\u00e4hrend dem Ausritt gab es noch eine Fotostelle. An diese Stelle kam eine Fotografin um ein Bild in Aktion zu machen. Dieses Foto verkaufte die Fotografin beim Stall.&nbsp;&nbsp;<\/span><\/p>\t\t\t\t\t\t\t\t<\/div>\n\t\t\t\t<\/div>\n\t\t\t\t<div class=\"elementor-element elementor-element-b3a9cd7 elementor-widget elementor-widget-heading\" data-id=\"b3a9cd7\" data-element_type=\"widget\" data-e-type=\"widget\" data-widget_type=\"heading.default\">\n\t\t\t\t<div class=\"elementor-widget-container\">\n\t\t\t\t\t<h4 class=\"elementor-heading-title elementor-size-default\">Mein Fazit<\/h4>\t\t\t\t<\/div>\n\t\t\t\t<\/div>\n\t\t\t\t<div class=\"elementor-element elementor-element-b68a3df elementor-widget elementor-widget-text-editor\" data-id=\"b68a3df\" data-element_type=\"widget\" data-e-type=\"widget\" data-widget_type=\"text-editor.default\">\n\t\t\t\t<div class=\"elementor-widget-container\">\n\t\t\t\t\t\t\t\t\t<p><span style=\"color: #333333;\">Die Gegend f\u00fcr den Ausritt ist wundersch\u00f6n. Sch\u00f6ne sandige Wege, die M\u00f6glichkeit neben dem Fluss zu reiten und tolle Aussichten auf das Meer.<\/span><\/p>\t\t\t\t\t\t\t\t<\/div>\n\t\t\t\t<\/div>\n\t\t\t\t\t<\/div>\n\t\t<\/div>\n\t\t\t\t<div class=\"elementor-column elementor-col-50 elementor-inner-column elementor-element elementor-element-d69f322\" data-id=\"d69f322\" data-element_type=\"column\" data-e-type=\"column\">\n\t\t\t<div class=\"elementor-widget-wrap elementor-element-populated\">\n\t\t\t\t\t\t<div class=\"elementor-element elementor-element-3678e67 elementor-widget elementor-widget-heading\" data-id=\"3678e67\" data-element_type=\"widget\" data-e-type=\"widget\" data-widget_type=\"heading.default\">\n\t\t\t\t<div class=\"elementor-widget-container\">\n\t\t\t\t\t<h5 class=\"elementor-heading-title elementor-size-default\">Werbung<\/h5>\t\t\t\t<\/div>\n\t\t\t\t<\/div>\n\t\t\t\t<div class=\"elementor-element elementor-element-934e63f elementor-widget elementor-widget-html\" data-id=\"934e63f\" data-element_type=\"widget\" data-e-type=\"widget\" data-widget_type=\"html.default\">\n\t\t\t\t<div class=\"elementor-widget-container\">\n\t\t\t\t\t<div data-vi-partner-id=P00091475 data-vi-language=de data-vi-currency=EUR data-vi-partner-type=\"AFFILIATE\" data-vi-url=\"5420MALLORCARANCH\"   data-vi-widget-ref=W-39217939-8494-4dc1-995a-98a84cfea5ed ><\/div>\r\n<script async src=\"https:\/\/www.viator.com\/orion\/partner\/widget.js\"><\/script>\t\t\t\t<\/div>\n\t\t\t\t<\/div>\n\t\t\t\t<div class=\"elementor-element elementor-element-580b0f8 elementor-widget elementor-widget-heading\" data-id=\"580b0f8\" data-element_type=\"widget\" data-e-type=\"widget\" data-widget_type=\"heading.default\">\n\t\t\t\t<div class=\"elementor-widget-container\">\n\t\t\t\t\t<h6 class=\"elementor-heading-title elementor-size-default\">Dies ist eine andere Tour von Rancho Grande<\/h6>\t\t\t\t<\/div>\n\t\t\t\t<\/div>\n\t\t\t\t<div class=\"elementor-element elementor-element-a5c904e elementor-widget elementor-widget-image\" data-id=\"a5c904e\" data-element_type=\"widget\" data-e-type=\"widget\" data-widget_type=\"image.default\">\n\t\t\t\t<div class=\"elementor-widget-container\">\n\t\t\t\t\t\t\t\t\t\t\t\t<figure class=\"wp-caption\">\n\t\t\t\t\t\t\t\t\t\t<img decoding=\"async\" width=\"711\" height=\"1024\" src=\"https:\/\/i0.wp.com\/tannis-ausritte.de\/wp-content\/uploads\/2023\/03\/Scan_0001-e1679398991212.jpg?fit=711%2C1024&amp;ssl=1\" class=\"attachment-large size-large wp-image-2454\" alt=\"Rancho Grande\" srcset=\"https:\/\/i0.wp.com\/tannis-ausritte.de\/wp-content\/uploads\/2023\/03\/Scan_0001-e1679398991212.jpg?w=1583&amp;ssl=1 1583w, https:\/\/i0.wp.com\/tannis-ausritte.de\/wp-content\/uploads\/2023\/03\/Scan_0001-e1679398991212.jpg?resize=208%2C300&amp;ssl=1 208w, https:\/\/i0.wp.com\/tannis-ausritte.de\/wp-content\/uploads\/2023\/03\/Scan_0001-e1679398991212.jpg?resize=711%2C1024&amp;ssl=1 711w, https:\/\/i0.wp.com\/tannis-ausritte.de\/wp-content\/uploads\/2023\/03\/Scan_0001-e1679398991212.jpg?resize=768%2C1106&amp;ssl=1 768w, https:\/\/i0.wp.com\/tannis-ausritte.de\/wp-content\/uploads\/2023\/03\/Scan_0001-e1679398991212.jpg?resize=1067%2C1536&amp;ssl=1 1067w, https:\/\/i0.wp.com\/tannis-ausritte.de\/wp-content\/uploads\/2023\/03\/Scan_0001-e1679398991212.jpg?resize=1423%2C2048&amp;ssl=1 1423w\" sizes=\"(max-width: 711px) 100vw, 711px\" title=\"\">\t\t\t\t\t\t\t\t\t\t\t<figcaption class=\"widget-image-caption wp-caption-text\">Rancho Grande<\/figcaption>\n\t\t\t\t\t\t\t\t\t\t<\/figure>\n\t\t\t\t\t\t\t\t\t<\/div>\n\t\t\t\t<\/div>\n\t\t\t\t\t<\/div>\n\t\t<\/div>\n\t\t\t\t\t<\/div>\n\t\t<\/section>\n\t\t\t\t\t<\/div>\n\t\t<\/div>\n\t\t\t\t\t<\/div>\n\t\t<\/section>\n\t\t\t\t<\/div>\n\t\t","protected":false},"excerpt":{"rendered":"<p>Rancho Grande Ausritt (2 Stunden) f\u00fcr fortgeschrittene Reiter Dieser Bericht enth\u00e4lt Werbelinks und\/oder werbende Inhalte. Mehr dazu hier! 17.09.2021 Was erwartet mich bei einem Zweistunden Ausritt f\u00fcr fortgeschrittene Reiter bei Rancho Grande? Hier erf\u00e4hrst du alle wichtigen Informationen \u00fcber den Ablauf, den Ausritt, ob Fotos gemacht werden und mein Fazit. Inhaltsverzeichnis Infos Ein Transfer holte &#8230; <a title=\"Rancho Grande\" class=\"read-more\" href=\"https:\/\/tannis-ausritte.de\/en\/rancho-grande\/\" aria-label=\"Read more about Rancho Grande\">Read more<\/a><\/p>","protected":false},"author":1,"featured_media":0,"parent":0,"menu_order":0,"comment_status":"open","ping_status":"closed","template":"","meta":{"footnotes":""},"class_list":["post-281","page","type-page","status-publish"],"jetpack_sharing_enabled":true,"_links":{"self":[{"href":"https:\/\/tannis-ausritte.de\/en\/wp-json\/wp\/v2\/pages\/281","targetHints":{"allow":["GET"]}}],"collection":[{"href":"https:\/\/tannis-ausritte.de\/en\/wp-json\/wp\/v2\/pages"}],"about":[{"href":"https:\/\/tannis-ausritte.de\/en\/wp-json\/wp\/v2\/types\/page"}],"author":[{"embeddable":true,"href":"https:\/\/tannis-ausritte.de\/en\/wp-json\/wp\/v2\/users\/1"}],"replies":[{"embeddable":true,"href":"https:\/\/tannis-ausritte.de\/en\/wp-json\/wp\/v2\/comments?post=281"}],"version-history":[{"count":9,"href":"https:\/\/tannis-ausritte.de\/en\/wp-json\/wp\/v2\/pages\/281\/revisions"}],"predecessor-version":[{"id":9998,"href":"https:\/\/tannis-ausritte.de\/en\/wp-json\/wp\/v2\/pages\/281\/revisions\/9998"}],"wp:attachment":[{"href":"https:\/\/tannis-ausritte.de\/en\/wp-json\/wp\/v2\/media?parent=281"}],"curies":[{"name":"wp","href":"https:\/\/api.w.org\/{rel}","templated":true}]}}