{"id":11082,"date":"2025-08-19T07:29:08","date_gmt":"2025-08-19T05:29:08","guid":{"rendered":"https:\/\/tannis-ausritte.de\/?page_id=11082"},"modified":"2025-08-19T07:57:16","modified_gmt":"2025-08-19T05:57:16","slug":"mega-zipline-in-hveragerdi","status":"publish","type":"page","link":"https:\/\/tannis-ausritte.de\/en\/mega-zipline-in-hveragerdi\/","title":{"rendered":"Mega Zipline in Hveragerdi"},"content":{"rendered":"\t\t<div data-elementor-type=\"wp-page\" data-elementor-id=\"11082\" class=\"elementor elementor-11082\" data-elementor-post-type=\"page\">\n\t\t\t\t\t\t<section class=\"elementor-section elementor-top-section elementor-element elementor-element-4e9b4ba elementor-section-boxed elementor-section-height-default elementor-section-height-default\" data-id=\"4e9b4ba\" data-element_type=\"section\" data-e-type=\"section\">\n\t\t\t\t\t\t<div class=\"elementor-container elementor-column-gap-default\">\n\t\t\t\t\t<div class=\"elementor-column elementor-col-100 elementor-top-column elementor-element elementor-element-4af1a43\" data-id=\"4af1a43\" data-element_type=\"column\" data-e-type=\"column\">\n\t\t\t<div class=\"elementor-widget-wrap elementor-element-populated\">\n\t\t\t\t\t\t<div class=\"elementor-element elementor-element-5c2f903 elementor-widget elementor-widget-heading\" data-id=\"5c2f903\" data-element_type=\"widget\" data-e-type=\"widget\" data-widget_type=\"heading.default\">\n\t\t\t\t<div class=\"elementor-widget-container\">\n\t\t\t\t\t<h2 class=\"elementor-heading-title elementor-size-default\">Mega Zipline in Hveragerdi<\/h2>\t\t\t\t<\/div>\n\t\t\t\t<\/div>\n\t\t\t\t<div class=\"elementor-element elementor-element-fb5b775 elementor-widget elementor-widget-heading\" data-id=\"fb5b775\" data-element_type=\"widget\" data-e-type=\"widget\" data-widget_type=\"heading.default\">\n\t\t\t\t<div class=\"elementor-widget-container\">\n\t\t\t\t\t<h6 class=\"elementor-heading-title elementor-size-default\"><a href=\"http:\/\/tannis-ausritte.de\/werbung-und-affiliate-links\/\">Dieser Bericht enth\u00e4lt Werbelinks und\/oder werbende Inhalte. Mehr dazu hier!<\/a><\/h6>\t\t\t\t<\/div>\n\t\t\t\t<\/div>\n\t\t\t\t<div class=\"elementor-element elementor-element-533ffbe elementor-widget elementor-widget-heading\" data-id=\"533ffbe\" data-element_type=\"widget\" data-e-type=\"widget\" data-widget_type=\"heading.default\">\n\t\t\t\t<div class=\"elementor-widget-container\">\n\t\t\t\t\t<h5 class=\"elementor-heading-title elementor-size-default\">26.05.2024<\/h5>\t\t\t\t<\/div>\n\t\t\t\t<\/div>\n\t\t\t\t<div class=\"elementor-element elementor-element-7f19b5a elementor-widget elementor-widget-text-editor\" data-id=\"7f19b5a\" data-element_type=\"widget\" data-e-type=\"widget\" data-widget_type=\"text-editor.default\">\n\t\t\t\t<div class=\"elementor-widget-container\">\n\t\t\t\t\t\t\t\t\t<p><span style=\"color: #333333; font-size: 20px; text-align: justify;\">Was erwartet mich bei der Mega Zipline in Hveragerdi auf Island? Hier erf\u00e4hrst du alle wichtigen Inform<\/span><span style=\"font-size: 20px; text-align: justify;\">ationen \u00fcber den Ablauf, das Erlebnis, ob Fotos gemacht werden und mein Fazit.<\/span><\/p>\t\t\t\t\t\t\t\t<\/div>\n\t\t\t\t<\/div>\n\t\t\t\t<div class=\"elementor-element elementor-element-001c0ec elementor-toc--minimized-on-tablet elementor-widget elementor-widget-global elementor-global-9754 elementor-widget-table-of-contents\" data-id=\"001c0ec\" data-element_type=\"widget\" data-e-type=\"widget\" data-settings=\"{&quot;headings_by_tags&quot;:[&quot;h4&quot;],&quot;exclude_headings_by_selector&quot;:[],&quot;no_headings_message&quot;:&quot;No headings were found on this page.&quot;,&quot;motion_fx_motion_fx_scrolling&quot;:&quot;yes&quot;,&quot;marker_view&quot;:&quot;numbers&quot;,&quot;minimize_box&quot;:&quot;yes&quot;,&quot;minimized_on&quot;:&quot;tablet&quot;,&quot;hierarchical_view&quot;:&quot;yes&quot;,&quot;min_height&quot;:{&quot;unit&quot;:&quot;px&quot;,&quot;size&quot;:&quot;&quot;,&quot;sizes&quot;:[]},&quot;min_height_tablet&quot;:{&quot;unit&quot;:&quot;px&quot;,&quot;size&quot;:&quot;&quot;,&quot;sizes&quot;:[]},&quot;min_height_mobile&quot;:{&quot;unit&quot;:&quot;px&quot;,&quot;size&quot;:&quot;&quot;,&quot;sizes&quot;:[]},&quot;motion_fx_devices&quot;:[&quot;desktop&quot;,&quot;tablet&quot;,&quot;mobile&quot;]}\" data-widget_type=\"table-of-contents.default\">\n\t\t\t\t<div class=\"elementor-widget-container\">\n\t\t\t\t\t\t\t\t\t<div class=\"elementor-toc__header\">\n\t\t\t\t\t\t<h4 class=\"elementor-toc__header-title\">\n\t\t\t\tInhaltsverzeichnis\t\t\t<\/h4>\n\t\t\t\t\t\t\t\t\t\t<div class=\"elementor-toc__toggle-button elementor-toc__toggle-button--expand\" role=\"button\" tabindex=\"0\" aria-controls=\"elementor-toc__001c0ec\" aria-expanded=\"true\" aria-label=\"Open table of contents\"><i aria-hidden=\"true\" class=\"fas fa-chevron-down\"><\/i><\/div>\n\t\t\t\t<div class=\"elementor-toc__toggle-button elementor-toc__toggle-button--collapse\" role=\"button\" tabindex=\"0\" aria-controls=\"elementor-toc__001c0ec\" aria-expanded=\"true\" aria-label=\"Close table of contents\"><i aria-hidden=\"true\" class=\"fas fa-chevron-up\"><\/i><\/div>\n\t\t\t\t\t<\/div>\n\t\t\t\t<div id=\"elementor-toc__001c0ec\" class=\"elementor-toc__body\">\n\t\t\t<div class=\"elementor-toc__spinner-container\">\n\t\t\t\t<i class=\"elementor-toc__spinner eicon-animation-spin eicon-loading\" aria-hidden=\"true\"><\/i>\t\t\t<\/div>\n\t\t<\/div>\n\t\t\t\t\t\t<\/div>\n\t\t\t\t<\/div>\n\t\t\t\t\t<\/div>\n\t\t<\/div>\n\t\t\t\t\t<\/div>\n\t\t<\/section>\n\t\t\t\t<section class=\"elementor-section elementor-top-section elementor-element elementor-element-c5ca3f5 elementor-section-boxed elementor-section-height-default elementor-section-height-default\" data-id=\"c5ca3f5\" data-element_type=\"section\" data-e-type=\"section\">\n\t\t\t\t\t\t<div class=\"elementor-container elementor-column-gap-default\">\n\t\t\t\t\t<div class=\"elementor-column elementor-col-100 elementor-top-column elementor-element elementor-element-1729a37\" data-id=\"1729a37\" data-element_type=\"column\" data-e-type=\"column\">\n\t\t\t<div class=\"elementor-widget-wrap elementor-element-populated\">\n\t\t\t\t\t\t<section class=\"elementor-section elementor-inner-section elementor-element elementor-element-bd7298d elementor-section-boxed elementor-section-height-default elementor-section-height-default\" data-id=\"bd7298d\" data-element_type=\"section\" data-e-type=\"section\">\n\t\t\t\t\t\t<div class=\"elementor-container elementor-column-gap-default\">\n\t\t\t\t\t<div class=\"elementor-column elementor-col-50 elementor-inner-column elementor-element elementor-element-bbe6522\" data-id=\"bbe6522\" data-element_type=\"column\" data-e-type=\"column\">\n\t\t\t<div class=\"elementor-widget-wrap elementor-element-populated\">\n\t\t\t\t\t\t<div class=\"elementor-element elementor-element-721134e elementor-widget elementor-widget-heading\" data-id=\"721134e\" data-element_type=\"widget\" data-e-type=\"widget\" data-widget_type=\"heading.default\">\n\t\t\t\t<div class=\"elementor-widget-container\">\n\t\t\t\t\t<h4 class=\"elementor-heading-title elementor-size-default\">Infos<\/h4>\t\t\t\t<\/div>\n\t\t\t\t<\/div>\n\t\t\t\t<div class=\"elementor-element elementor-element-c772ee1 elementor-widget elementor-widget-text-editor\" data-id=\"c772ee1\" data-element_type=\"widget\" data-e-type=\"widget\" data-widget_type=\"text-editor.default\">\n\t\t\t\t<div class=\"elementor-widget-container\">\n\t\t\t\t\t\t\t\t\t<p data-start=\"255\" data-end=\"578\">Nur rund 30 Minuten von Reykjav\u00edk entfernt liegt die Mega Zipline in Hverager\u00f0i \u2013 ein unvergessliches Abenteuer, das man problemlos \u00fcber <a href=\"https:\/\/www.viator.com\/de-DE\/tours\/Reykjavik\/Conventional-Ride-Free-as-a-Bird\/d905-345218P1?pid=P00091475&amp;mcid=42383&amp;medium=link\" target=\"_blank\" rel=\"noopener\">Viator<\/a>* buchen kann. Die Seilrutsche ist ganze 1 Kilometer lang und f\u00fchrt spektakul\u00e4r hoch \u00fcber einen schmalen Wasserfall mit atemberaubender Aussicht. Die notwendige Ausr\u00fcstung wie Gurt und Helm wird vor Ort kostenlos zur Verf\u00fcgung gestellt.<\/p>\t\t\t\t\t\t\t\t<\/div>\n\t\t\t\t<\/div>\n\t\t\t\t<div class=\"elementor-element elementor-element-4df191f elementor-widget elementor-widget-heading\" data-id=\"4df191f\" data-element_type=\"widget\" data-e-type=\"widget\" data-widget_type=\"heading.default\">\n\t\t\t\t<div class=\"elementor-widget-container\">\n\t\t\t\t\t<h4 class=\"elementor-heading-title elementor-size-default\">Ankunft<\/h4>\t\t\t\t<\/div>\n\t\t\t\t<\/div>\n\t\t\t\t<div class=\"elementor-element elementor-element-c98dda8 elementor-widget elementor-widget-text-editor\" data-id=\"c98dda8\" data-element_type=\"widget\" data-e-type=\"widget\" data-widget_type=\"text-editor.default\">\n\t\t\t\t<div class=\"elementor-widget-container\">\n\t\t\t\t\t\t\t\t\t<p>Nach der Ankunft bekamen alle G\u00e4ste zun\u00e4chst ein kurzes Erkl\u00e4rvideo gezeigt. Anschlie\u00dfend halfen die Mitarbeiter beim Anlegen der Gurte. In einem kleinen Jeep brachte der Guide jeweils vier G\u00e4ste zum Startpunkt \u2013 der Weg dorthin war zwar etwas holprig, aber das machte es umso spannender. Am Ziel angekommen ging es \u00fcber eine Treppe hinauf zur Plattform. Da zwei Seile vorhanden waren, konnten immer zwei G\u00e4ste gleichzeitig starten. Der Guide h\u00e4ngte die Teilnehmer ein und erkl\u00e4rte noch einmal genau den Ablauf.<\/p>\t\t\t\t\t\t\t\t<\/div>\n\t\t\t\t<\/div>\n\t\t\t\t<div class=\"elementor-element elementor-element-24821d4 elementor-widget elementor-widget-heading\" data-id=\"24821d4\" data-element_type=\"widget\" data-e-type=\"widget\" data-widget_type=\"heading.default\">\n\t\t\t\t<div class=\"elementor-widget-container\">\n\t\t\t\t\t<h4 class=\"elementor-heading-title elementor-size-default\">Erlebnis<\/h4>\t\t\t\t<\/div>\n\t\t\t\t<\/div>\n\t\t\t\t<div class=\"elementor-element elementor-element-bf9d54a elementor-widget elementor-widget-text-editor\" data-id=\"bf9d54a\" data-element_type=\"widget\" data-e-type=\"widget\" data-widget_type=\"text-editor.default\">\n\t\t\t\t<div class=\"elementor-widget-container\">\n\t\t\t\t\t\t\t\t\t<p>Dann kam das Startsignal \u2013 und schon ging es los! Durch die Sitzhaltung konnte man das Tempo ein St\u00fcck weit selbst steuern. W\u00e4hrend der Fahrt er\u00f6ffnete sich eine grandiose Aussicht auf die Landschaft und den Wasserfall. Der Kilometer verging wie im Flug. Am Ende gaben die Mitarbeiter rechtzeitig Zeichen zum Abbremsen, damit man nicht zu schnell ankam. Mit Hilfe einer Leiter konnte man bequem aussteigen, den Platz freigeben und die Treppe hinunterlaufen.<\/p>\t\t\t\t\t\t\t\t<\/div>\n\t\t\t\t<\/div>\n\t\t\t\t\t<\/div>\n\t\t<\/div>\n\t\t\t\t<div class=\"elementor-column elementor-col-50 elementor-inner-column elementor-element elementor-element-8fce8e2\" data-id=\"8fce8e2\" data-element_type=\"column\" data-e-type=\"column\">\n\t\t\t<div class=\"elementor-widget-wrap elementor-element-populated\">\n\t\t\t\t\t\t<div class=\"elementor-element elementor-element-8395dd6 elementor-widget elementor-widget-image\" data-id=\"8395dd6\" data-element_type=\"widget\" data-e-type=\"widget\" data-widget_type=\"image.default\">\n\t\t\t\t<div class=\"elementor-widget-container\">\n\t\t\t\t\t\t\t\t\t\t\t\t<figure class=\"wp-caption\">\n\t\t\t\t\t\t\t\t\t\t<img fetchpriority=\"high\" decoding=\"async\" width=\"460\" height=\"1024\" src=\"https:\/\/i0.wp.com\/tannis-ausritte.de\/wp-content\/uploads\/2025\/08\/IMG_20240526_161941-scaled.jpg?fit=460%2C1024&amp;ssl=1\" class=\"attachment-large size-large wp-image-11108\" alt=\"Mega Zipline in Hveragerdi\" srcset=\"https:\/\/i0.wp.com\/tannis-ausritte.de\/wp-content\/uploads\/2025\/08\/IMG_20240526_161941-scaled.jpg?w=1151&amp;ssl=1 1151w, https:\/\/i0.wp.com\/tannis-ausritte.de\/wp-content\/uploads\/2025\/08\/IMG_20240526_161941-scaled.jpg?resize=135%2C300&amp;ssl=1 135w, https:\/\/i0.wp.com\/tannis-ausritte.de\/wp-content\/uploads\/2025\/08\/IMG_20240526_161941-scaled.jpg?resize=460%2C1024&amp;ssl=1 460w, https:\/\/i0.wp.com\/tannis-ausritte.de\/wp-content\/uploads\/2025\/08\/IMG_20240526_161941-scaled.jpg?resize=768%2C1708&amp;ssl=1 768w, https:\/\/i0.wp.com\/tannis-ausritte.de\/wp-content\/uploads\/2025\/08\/IMG_20240526_161941-scaled.jpg?resize=691%2C1536&amp;ssl=1 691w, https:\/\/i0.wp.com\/tannis-ausritte.de\/wp-content\/uploads\/2025\/08\/IMG_20240526_161941-scaled.jpg?resize=921%2C2048&amp;ssl=1 921w, https:\/\/i0.wp.com\/tannis-ausritte.de\/wp-content\/uploads\/2025\/08\/IMG_20240526_161941-scaled.jpg?resize=5%2C12&amp;ssl=1 5w, https:\/\/i0.wp.com\/tannis-ausritte.de\/wp-content\/uploads\/2025\/08\/IMG_20240526_161941-scaled.jpg?resize=600%2C1334&amp;ssl=1 600w\" sizes=\"(max-width: 460px) 100vw, 460px\" title=\"\">\t\t\t\t\t\t\t\t\t\t\t<figcaption class=\"widget-image-caption wp-caption-text\">Vorbereitung zum Start<\/figcaption>\n\t\t\t\t\t\t\t\t\t\t<\/figure>\n\t\t\t\t\t\t\t\t\t<\/div>\n\t\t\t\t<\/div>\n\t\t\t\t<div class=\"elementor-element elementor-element-d18fabb elementor-widget elementor-widget-text-editor\" data-id=\"d18fabb\" data-element_type=\"widget\" data-e-type=\"widget\" data-widget_type=\"text-editor.default\">\n\t\t\t\t<div class=\"elementor-widget-container\">\n\t\t\t\t\t\t\t\t\t<p>Werbung<\/p>\t\t\t\t\t\t\t\t<\/div>\n\t\t\t\t<\/div>\n\t\t\t\t<div class=\"elementor-element elementor-element-3ac7f2d elementor-widget elementor-widget-html\" data-id=\"3ac7f2d\" data-element_type=\"widget\" data-e-type=\"widget\" data-widget_type=\"html.default\">\n\t\t\t\t<div class=\"elementor-widget-container\">\n\t\t\t\t\t<div data-vi-partner-id=\"P00091475\" data-vi-widget-ref=\"W-2785ab79-3733-446c-a37a-49d1c58ea577\"><\/div>\r\n<script async src=\"https:\/\/www.viator.com\/orion\/partner\/widget.js\"><\/script>\t\t\t\t<\/div>\n\t\t\t\t<\/div>\n\t\t\t\t<div class=\"elementor-element elementor-element-56a3b17 elementor-cta--skin-classic elementor-animated-content elementor-bg-transform elementor-bg-transform-zoom-in elementor-widget elementor-widget-global elementor-global-10931 elementor-widget-call-to-action\" data-id=\"56a3b17\" data-element_type=\"widget\" data-e-type=\"widget\" data-widget_type=\"call-to-action.default\">\n\t\t\t\t<div class=\"elementor-widget-container\">\n\t\t\t\t\t\t\t<div class=\"elementor-cta\">\n\t\t\t\t\t<div class=\"elementor-cta__bg-wrapper\">\n\t\t\t\t<div class=\"elementor-cta__bg elementor-bg\" style=\"background-image: url(https:\/\/i0.wp.com\/tannis-ausritte.de\/wp-content\/uploads\/2025\/03\/Vertical-Product-Promotion-3.png?fit=1024%2C1024&#038;ssl=1);\" role=\"img\" aria-label=\"My Travel Tour Diary\"><\/div>\n\t\t\t\t<div class=\"elementor-cta__bg-overlay\"><\/div>\n\t\t\t<\/div>\n\t\t\t\t\t\t\t<div class=\"elementor-cta__content\">\n\t\t\t\t\n\t\t\t\t\t\t\t\t\t<h5 class=\"elementor-cta__title elementor-cta__content-item elementor-content-item\">\n\t\t\t\t\t\tMy Travel Diary\t\t\t\t\t<\/h5>\n\t\t\t\t\n\t\t\t\t\t\t\t\t\t<h5 class=\"elementor-cta__description elementor-cta__content-item elementor-content-item\">\n\t\t\t\t\t\tDein pers\u00f6nlicher Begleiter f\u00fcr eigene Ausfl\u00fcge - mit viel Platz f\u00fcr Fotos &amp; Notizen!\t\t\t\t\t<\/h5>\n\t\t\t\t\n\t\t\t\t\t\t\t\t\t<div class=\"elementor-cta__button-wrapper elementor-cta__content-item elementor-content-item \">\n\t\t\t\t\t<a class=\"elementor-cta__button elementor-button elementor-size-\" href=\"https:\/\/tannis-ausritte.de\/shop\/\">\n\t\t\t\t\t\tJetzt im Shop erh\u00e4ltlich\t\t\t\t\t<\/a>\n\t\t\t\t\t<\/div>\n\t\t\t\t\t\t\t<\/div>\n\t\t\t\t\t\t<\/div>\n\t\t\t\t\t\t<\/div>\n\t\t\t\t<\/div>\n\t\t\t\t\t<\/div>\n\t\t<\/div>\n\t\t\t\t\t<\/div>\n\t\t<\/section>\n\t\t\t\t\t<\/div>\n\t\t<\/div>\n\t\t\t\t\t<\/div>\n\t\t<\/section>\n\t\t\t\t<section class=\"elementor-section elementor-top-section elementor-element elementor-element-f5f9e84 elementor-section-boxed elementor-section-height-default elementor-section-height-default\" data-id=\"f5f9e84\" data-element_type=\"section\" data-e-type=\"section\">\n\t\t\t\t\t\t<div class=\"elementor-container elementor-column-gap-default\">\n\t\t\t\t\t<div class=\"elementor-column elementor-col-100 elementor-top-column elementor-element elementor-element-abb4cdd\" data-id=\"abb4cdd\" data-element_type=\"column\" data-e-type=\"column\">\n\t\t\t<div class=\"elementor-widget-wrap elementor-element-populated\">\n\t\t\t\t\t\t<section class=\"elementor-section elementor-inner-section elementor-element elementor-element-14f9de9 elementor-section-boxed elementor-section-height-default elementor-section-height-default\" data-id=\"14f9de9\" data-element_type=\"section\" data-e-type=\"section\">\n\t\t\t\t\t\t<div class=\"elementor-container elementor-column-gap-default\">\n\t\t\t\t\t<div class=\"elementor-column elementor-col-50 elementor-inner-column elementor-element elementor-element-3e5c270\" data-id=\"3e5c270\" data-element_type=\"column\" data-e-type=\"column\">\n\t\t\t<div class=\"elementor-widget-wrap elementor-element-populated\">\n\t\t\t\t\t\t<div class=\"elementor-element elementor-element-8aa7e54 elementor-widget elementor-widget-heading\" data-id=\"8aa7e54\" data-element_type=\"widget\" data-e-type=\"widget\" data-widget_type=\"heading.default\">\n\t\t\t\t<div class=\"elementor-widget-container\">\n\t\t\t\t\t<h4 class=\"elementor-heading-title elementor-size-default\">Nach der Fahrt<\/h4>\t\t\t\t<\/div>\n\t\t\t\t<\/div>\n\t\t\t\t<div class=\"elementor-element elementor-element-7652018 elementor-widget elementor-widget-text-editor\" data-id=\"7652018\" data-element_type=\"widget\" data-e-type=\"widget\" data-widget_type=\"text-editor.default\">\n\t\t\t\t<div class=\"elementor-widget-container\">\n\t\t\t\t\t\t\t\t\t<p>Nur wenige Meter entfernt befand sich wieder der Treffpunkt, wo man die Ausr\u00fcstung ablegen und zur\u00fcckgeben konnte.<\/p>\t\t\t\t\t\t\t\t<\/div>\n\t\t\t\t<\/div>\n\t\t\t\t<div class=\"elementor-element elementor-element-fd66e20 elementor-widget elementor-widget-heading\" data-id=\"fd66e20\" data-element_type=\"widget\" data-e-type=\"widget\" data-widget_type=\"heading.default\">\n\t\t\t\t<div class=\"elementor-widget-container\">\n\t\t\t\t\t<h4 class=\"elementor-heading-title elementor-size-default\">Fotos<\/h4>\t\t\t\t<\/div>\n\t\t\t\t<\/div>\n\t\t\t\t<div class=\"elementor-element elementor-element-49c8138 elementor-widget elementor-widget-text-editor\" data-id=\"49c8138\" data-element_type=\"widget\" data-e-type=\"widget\" data-widget_type=\"text-editor.default\">\n\t\t\t\t<div class=\"elementor-widget-container\">\n\t\t\t\t\t\t\t\t\t<p>Fotos w\u00e4hrend der Fahrt sind nur m\u00f6glich, wenn das Handy nicht in der Hand gehalten werden muss \u2013 beispielsweise mit einer sicheren Halterung. Alternativ k\u00f6nnen Begleiter oder Mitarbeiter von oben oder unten Bilder machen. Je nach Ablauf kann es aber sein, dass man kurz warten muss, bis andere G\u00e4ste ebenfalls unten angekommen sind.<\/p>\t\t\t\t\t\t\t\t<\/div>\n\t\t\t\t<\/div>\n\t\t\t\t<div class=\"elementor-element elementor-element-91d5d44 elementor-widget elementor-widget-heading\" data-id=\"91d5d44\" data-element_type=\"widget\" data-e-type=\"widget\" data-widget_type=\"heading.default\">\n\t\t\t\t<div class=\"elementor-widget-container\">\n\t\t\t\t\t<h4 class=\"elementor-heading-title elementor-size-default\">Mein Fazit<\/h4>\t\t\t\t<\/div>\n\t\t\t\t<\/div>\n\t\t\t\t<div class=\"elementor-element elementor-element-cc43622 elementor-widget elementor-widget-text-editor\" data-id=\"cc43622\" data-element_type=\"widget\" data-e-type=\"widget\" data-widget_type=\"text-editor.default\">\n\t\t\t\t<div class=\"elementor-widget-container\">\n\t\t\t\t\t\t\t\t\t<p data-start=\"3499\" data-end=\"3734\">Die Mega Zipline war ein einmaliges Erlebnis \u2013 wundersch\u00f6n, spannend und voller Adrenalin. Auch wenn der Preis nicht ganz niedrig ist, kann ich dieses Abenteuer absolut empfehlen. F\u00fcr mich war es ein Highlight in Island!<\/p>\t\t\t\t\t\t\t\t<\/div>\n\t\t\t\t<\/div>\n\t\t\t\t<div class=\"elementor-element elementor-element-778a9ee elementor-widget elementor-widget-global elementor-global-11102 elementor-widget-text-editor\" data-id=\"778a9ee\" data-element_type=\"widget\" data-e-type=\"widget\" data-widget_type=\"text-editor.default\">\n\t\t\t\t<div class=\"elementor-widget-container\">\n\t\t\t\t\t\t\t\t\t<p data-start=\"3499\" data-end=\"3734\">* Werbung \/ Affiliate Link<\/p>\t\t\t\t\t\t\t\t<\/div>\n\t\t\t\t<\/div>\n\t\t\t\t\t<\/div>\n\t\t<\/div>\n\t\t\t\t<div class=\"elementor-column elementor-col-50 elementor-inner-column elementor-element elementor-element-52e7a41\" data-id=\"52e7a41\" data-element_type=\"column\" data-e-type=\"column\">\n\t\t\t<div class=\"elementor-widget-wrap elementor-element-populated\">\n\t\t\t\t\t\t<div class=\"elementor-element elementor-element-d7bf149 elementor-widget elementor-widget-image\" data-id=\"d7bf149\" data-element_type=\"widget\" data-e-type=\"widget\" data-widget_type=\"image.default\">\n\t\t\t\t<div class=\"elementor-widget-container\">\n\t\t\t\t\t\t\t\t\t\t\t\t<figure class=\"wp-caption\">\n\t\t\t\t\t\t\t\t\t\t<img decoding=\"async\" width=\"460\" height=\"1024\" src=\"https:\/\/i0.wp.com\/tannis-ausritte.de\/wp-content\/uploads\/2025\/08\/IMG_20240526_161949-scaled.jpg?fit=460%2C1024&amp;ssl=1\" class=\"attachment-large size-large wp-image-11109\" alt=\"Mega Zipline in Hveragerdi\" srcset=\"https:\/\/i0.wp.com\/tannis-ausritte.de\/wp-content\/uploads\/2025\/08\/IMG_20240526_161949-scaled.jpg?w=1151&amp;ssl=1 1151w, https:\/\/i0.wp.com\/tannis-ausritte.de\/wp-content\/uploads\/2025\/08\/IMG_20240526_161949-scaled.jpg?resize=135%2C300&amp;ssl=1 135w, https:\/\/i0.wp.com\/tannis-ausritte.de\/wp-content\/uploads\/2025\/08\/IMG_20240526_161949-scaled.jpg?resize=460%2C1024&amp;ssl=1 460w, https:\/\/i0.wp.com\/tannis-ausritte.de\/wp-content\/uploads\/2025\/08\/IMG_20240526_161949-scaled.jpg?resize=768%2C1708&amp;ssl=1 768w, https:\/\/i0.wp.com\/tannis-ausritte.de\/wp-content\/uploads\/2025\/08\/IMG_20240526_161949-scaled.jpg?resize=691%2C1536&amp;ssl=1 691w, https:\/\/i0.wp.com\/tannis-ausritte.de\/wp-content\/uploads\/2025\/08\/IMG_20240526_161949-scaled.jpg?resize=921%2C2048&amp;ssl=1 921w, https:\/\/i0.wp.com\/tannis-ausritte.de\/wp-content\/uploads\/2025\/08\/IMG_20240526_161949-scaled.jpg?resize=5%2C12&amp;ssl=1 5w, https:\/\/i0.wp.com\/tannis-ausritte.de\/wp-content\/uploads\/2025\/08\/IMG_20240526_161949-scaled.jpg?resize=600%2C1334&amp;ssl=1 600w\" sizes=\"(max-width: 460px) 100vw, 460px\" title=\"\">\t\t\t\t\t\t\t\t\t\t\t<figcaption class=\"widget-image-caption wp-caption-text\">den schnellen Sitz ausprobieren<\/figcaption>\n\t\t\t\t\t\t\t\t\t\t<\/figure>\n\t\t\t\t\t\t\t\t\t<\/div>\n\t\t\t\t<\/div>\n\t\t\t\t\t<\/div>\n\t\t<\/div>\n\t\t\t\t\t<\/div>\n\t\t<\/section>\n\t\t\t\t\t<\/div>\n\t\t<\/div>\n\t\t\t\t\t<\/div>\n\t\t<\/section>\n\t\t\t\t<\/div>\n\t\t","protected":false},"excerpt":{"rendered":"<p>Mega Zipline in Hveragerdi Dieser Bericht enth\u00e4lt Werbelinks und\/oder werbende Inhalte. Mehr dazu hier! 26.05.2024 Was erwartet mich bei der Mega Zipline in Hveragerdi auf Island? Hier erf\u00e4hrst du alle wichtigen Informationen \u00fcber den Ablauf, das Erlebnis, ob Fotos gemacht werden und mein Fazit. Inhaltsverzeichnis Infos Nur rund 30 Minuten von Reykjav\u00edk entfernt liegt die &#8230; <a title=\"Mega Zipline in Hveragerdi\" class=\"read-more\" href=\"https:\/\/tannis-ausritte.de\/en\/mega-zipline-in-hveragerdi\/\" aria-label=\"Read more about Mega Zipline in Hveragerdi\">Read more<\/a><\/p>","protected":false},"author":1,"featured_media":0,"parent":0,"menu_order":0,"comment_status":"closed","ping_status":"closed","template":"","meta":{"footnotes":""},"class_list":["post-11082","page","type-page","status-publish"],"jetpack_sharing_enabled":true,"_links":{"self":[{"href":"https:\/\/tannis-ausritte.de\/en\/wp-json\/wp\/v2\/pages\/11082","targetHints":{"allow":["GET"]}}],"collection":[{"href":"https:\/\/tannis-ausritte.de\/en\/wp-json\/wp\/v2\/pages"}],"about":[{"href":"https:\/\/tannis-ausritte.de\/en\/wp-json\/wp\/v2\/types\/page"}],"author":[{"embeddable":true,"href":"https:\/\/tannis-ausritte.de\/en\/wp-json\/wp\/v2\/users\/1"}],"replies":[{"embeddable":true,"href":"https:\/\/tannis-ausritte.de\/en\/wp-json\/wp\/v2\/comments?post=11082"}],"version-history":[{"count":10,"href":"https:\/\/tannis-ausritte.de\/en\/wp-json\/wp\/v2\/pages\/11082\/revisions"}],"predecessor-version":[{"id":11115,"href":"https:\/\/tannis-ausritte.de\/en\/wp-json\/wp\/v2\/pages\/11082\/revisions\/11115"}],"wp:attachment":[{"href":"https:\/\/tannis-ausritte.de\/en\/wp-json\/wp\/v2\/media?parent=11082"}],"curies":[{"name":"wp","href":"https:\/\/api.w.org\/{rel}","templated":true}]}}