{"id":11042,"date":"2025-08-18T20:04:48","date_gmt":"2025-08-18T18:04:48","guid":{"rendered":"https:\/\/tannis-ausritte.de\/?page_id=11042"},"modified":"2025-08-18T20:46:14","modified_gmt":"2025-08-18T18:46:14","slug":"whale-watching-tour-faial","status":"publish","type":"page","link":"https:\/\/tannis-ausritte.de\/en\/whale-watching-tour-faial\/","title":{"rendered":"Whale Watching Tour Faial"},"content":{"rendered":"\t\t<div data-elementor-type=\"wp-page\" data-elementor-id=\"11042\" class=\"elementor elementor-11042\" data-elementor-post-type=\"page\">\n\t\t\t\t\t\t<section class=\"elementor-section elementor-top-section elementor-element elementor-element-6314642 elementor-section-boxed elementor-section-height-default elementor-section-height-default\" data-id=\"6314642\" data-element_type=\"section\" data-e-type=\"section\">\n\t\t\t\t\t\t<div class=\"elementor-container elementor-column-gap-default\">\n\t\t\t\t\t<div class=\"elementor-column elementor-col-100 elementor-top-column elementor-element elementor-element-38b2acd\" data-id=\"38b2acd\" data-element_type=\"column\" data-e-type=\"column\">\n\t\t\t<div class=\"elementor-widget-wrap elementor-element-populated\">\n\t\t\t\t\t\t<div class=\"elementor-element elementor-element-aa28afe elementor-widget elementor-widget-heading\" data-id=\"aa28afe\" data-element_type=\"widget\" data-e-type=\"widget\" data-widget_type=\"heading.default\">\n\t\t\t\t<div class=\"elementor-widget-container\">\n\t\t\t\t\t<h2 class=\"elementor-heading-title elementor-size-default\">Whale Watching Tour Faial - Azoren<\/h2>\t\t\t\t<\/div>\n\t\t\t\t<\/div>\n\t\t\t\t<div class=\"elementor-element elementor-element-b92ffa5 elementor-widget elementor-widget-heading\" data-id=\"b92ffa5\" data-element_type=\"widget\" data-e-type=\"widget\" data-widget_type=\"heading.default\">\n\t\t\t\t<div class=\"elementor-widget-container\">\n\t\t\t\t\t<h2 class=\"elementor-heading-title elementor-size-default\">Ein einmaliges dreist\u00fcndiges Erlebnis auf dem Atlantik<\/h2>\t\t\t\t<\/div>\n\t\t\t\t<\/div>\n\t\t\t\t<div class=\"elementor-element elementor-element-e9f4dff elementor-widget elementor-widget-heading\" data-id=\"e9f4dff\" data-element_type=\"widget\" data-e-type=\"widget\" data-widget_type=\"heading.default\">\n\t\t\t\t<div class=\"elementor-widget-container\">\n\t\t\t\t\t<h6 class=\"elementor-heading-title elementor-size-default\"><a href=\"http:\/\/tannis-ausritte.de\/werbung-und-affiliate-links\/\">Dieser Bericht enth\u00e4lt Werbelinks und\/oder werbende Inhalte. Mehr dazu hier!<\/a><\/h6>\t\t\t\t<\/div>\n\t\t\t\t<\/div>\n\t\t\t\t<div class=\"elementor-element elementor-element-0c30d8b elementor-widget elementor-widget-heading\" data-id=\"0c30d8b\" data-element_type=\"widget\" data-e-type=\"widget\" data-widget_type=\"heading.default\">\n\t\t\t\t<div class=\"elementor-widget-container\">\n\t\t\t\t\t<h5 class=\"elementor-heading-title elementor-size-default\">06.03.2025<\/h5>\t\t\t\t<\/div>\n\t\t\t\t<\/div>\n\t\t\t\t<div class=\"elementor-element elementor-element-6e7e28e elementor-widget elementor-widget-heading\" data-id=\"6e7e28e\" data-element_type=\"widget\" data-e-type=\"widget\" data-widget_type=\"heading.default\">\n\t\t\t\t<div class=\"elementor-widget-container\">\n\t\t\t\t\t<h5 class=\"elementor-heading-title elementor-size-default\">07.; 16.; 23.06.2025<\/h5>\t\t\t\t<\/div>\n\t\t\t\t<\/div>\n\t\t\t\t<div class=\"elementor-element elementor-element-51a06dd elementor-widget elementor-widget-heading\" data-id=\"51a06dd\" data-element_type=\"widget\" data-e-type=\"widget\" data-widget_type=\"heading.default\">\n\t\t\t\t<div class=\"elementor-widget-container\">\n\t\t\t\t\t<h5 class=\"elementor-heading-title elementor-size-default\">02.07.2025<\/h5>\t\t\t\t<\/div>\n\t\t\t\t<\/div>\n\t\t\t\t<div class=\"elementor-element elementor-element-4879135 elementor-widget elementor-widget-text-editor\" data-id=\"4879135\" data-element_type=\"widget\" data-e-type=\"widget\" data-widget_type=\"text-editor.default\">\n\t\t\t\t<div class=\"elementor-widget-container\">\n\t\t\t\t\t\t\t\t\t<p><span style=\"color: #333333; font-size: 20px; text-align: justify;\">Was erwartet mich bei der dreist\u00fcndigen Whale Watching Tour auf Faial &#8211; Azoren? Hier erf\u00e4hrst du alle wichtigen Informationen \u00fcber den Ablauf, die Bootstour, ob Fotos gemacht werden und mein Fazit.<\/span><\/p>\t\t\t\t\t\t\t\t<\/div>\n\t\t\t\t<\/div>\n\t\t\t\t<div class=\"elementor-element elementor-element-5aed9fb elementor-toc--minimized-on-tablet elementor-widget elementor-widget-global elementor-global-9754 elementor-widget-table-of-contents\" data-id=\"5aed9fb\" data-element_type=\"widget\" data-e-type=\"widget\" data-settings=\"{&quot;headings_by_tags&quot;:[&quot;h4&quot;],&quot;exclude_headings_by_selector&quot;:[],&quot;no_headings_message&quot;:&quot;No headings were found on this page.&quot;,&quot;motion_fx_motion_fx_scrolling&quot;:&quot;yes&quot;,&quot;marker_view&quot;:&quot;numbers&quot;,&quot;minimize_box&quot;:&quot;yes&quot;,&quot;minimized_on&quot;:&quot;tablet&quot;,&quot;hierarchical_view&quot;:&quot;yes&quot;,&quot;min_height&quot;:{&quot;unit&quot;:&quot;px&quot;,&quot;size&quot;:&quot;&quot;,&quot;sizes&quot;:[]},&quot;min_height_tablet&quot;:{&quot;unit&quot;:&quot;px&quot;,&quot;size&quot;:&quot;&quot;,&quot;sizes&quot;:[]},&quot;min_height_mobile&quot;:{&quot;unit&quot;:&quot;px&quot;,&quot;size&quot;:&quot;&quot;,&quot;sizes&quot;:[]},&quot;motion_fx_devices&quot;:[&quot;desktop&quot;,&quot;tablet&quot;,&quot;mobile&quot;]}\" data-widget_type=\"table-of-contents.default\">\n\t\t\t\t<div class=\"elementor-widget-container\">\n\t\t\t\t\t\t\t\t\t<div class=\"elementor-toc__header\">\n\t\t\t\t\t\t<h4 class=\"elementor-toc__header-title\">\n\t\t\t\tInhaltsverzeichnis\t\t\t<\/h4>\n\t\t\t\t\t\t\t\t\t\t<div class=\"elementor-toc__toggle-button elementor-toc__toggle-button--expand\" role=\"button\" tabindex=\"0\" aria-controls=\"elementor-toc__5aed9fb\" aria-expanded=\"true\" aria-label=\"Open table of contents\"><i aria-hidden=\"true\" class=\"fas fa-chevron-down\"><\/i><\/div>\n\t\t\t\t<div class=\"elementor-toc__toggle-button elementor-toc__toggle-button--collapse\" role=\"button\" tabindex=\"0\" aria-controls=\"elementor-toc__5aed9fb\" aria-expanded=\"true\" aria-label=\"Close table of contents\"><i aria-hidden=\"true\" class=\"fas fa-chevron-up\"><\/i><\/div>\n\t\t\t\t\t<\/div>\n\t\t\t\t<div id=\"elementor-toc__5aed9fb\" class=\"elementor-toc__body\">\n\t\t\t<div class=\"elementor-toc__spinner-container\">\n\t\t\t\t<i class=\"elementor-toc__spinner eicon-animation-spin eicon-loading\" aria-hidden=\"true\"><\/i>\t\t\t<\/div>\n\t\t<\/div>\n\t\t\t\t\t\t<\/div>\n\t\t\t\t<\/div>\n\t\t\t\t\t<\/div>\n\t\t<\/div>\n\t\t\t\t\t<\/div>\n\t\t<\/section>\n\t\t\t\t<section class=\"elementor-section elementor-top-section elementor-element elementor-element-42b8a03 elementor-section-boxed elementor-section-height-default elementor-section-height-default\" data-id=\"42b8a03\" data-element_type=\"section\" data-e-type=\"section\">\n\t\t\t\t\t\t<div class=\"elementor-container elementor-column-gap-default\">\n\t\t\t\t\t<div class=\"elementor-column elementor-col-100 elementor-top-column elementor-element elementor-element-3291eae\" data-id=\"3291eae\" data-element_type=\"column\" data-e-type=\"column\">\n\t\t\t<div class=\"elementor-widget-wrap elementor-element-populated\">\n\t\t\t\t\t\t<section class=\"elementor-section elementor-inner-section elementor-element elementor-element-13b084c elementor-section-boxed elementor-section-height-default elementor-section-height-default\" data-id=\"13b084c\" data-element_type=\"section\" data-e-type=\"section\">\n\t\t\t\t\t\t<div class=\"elementor-container elementor-column-gap-default\">\n\t\t\t\t\t<div class=\"elementor-column elementor-col-50 elementor-inner-column elementor-element elementor-element-0fc4a85\" data-id=\"0fc4a85\" data-element_type=\"column\" data-e-type=\"column\">\n\t\t\t<div class=\"elementor-widget-wrap elementor-element-populated\">\n\t\t\t\t\t\t<div class=\"elementor-element elementor-element-df0b3f8 elementor-widget elementor-widget-heading\" data-id=\"df0b3f8\" data-element_type=\"widget\" data-e-type=\"widget\" data-widget_type=\"heading.default\">\n\t\t\t\t<div class=\"elementor-widget-container\">\n\t\t\t\t\t<h4 class=\"elementor-heading-title elementor-size-default\">Infos<\/h4>\t\t\t\t<\/div>\n\t\t\t\t<\/div>\n\t\t\t\t<div class=\"elementor-element elementor-element-6d07317 elementor-widget elementor-widget-text-editor\" data-id=\"6d07317\" data-element_type=\"widget\" data-e-type=\"widget\" data-widget_type=\"text-editor.default\">\n\t\t\t\t<div class=\"elementor-widget-container\">\n\t\t\t\t\t\t\t\t\t<p data-start=\"408\" data-end=\"844\">Whale Watching geh\u00f6rt f\u00fcr viele Besucher der Azoren einfach dazu \u2013 und auf Faial ist die Chance, gleich mehrere verschiedene Wal- und Delfinarten zu sehen, besonders gro\u00df.<br data-start=\"579\" data-end=\"582\" \/>Die 3-st\u00fcndige Tour mit <a href=\"https:\/\/azoresexperiences.com\/en\/whale-and-dolphin-watching\/\" target=\"_blank\" rel=\"noopener\">Experience Azores <\/a>kann bequem online gebucht oder direkt vor Ort bezahlt werden (bar oder mit Karte). Im Preis inbegriffen sind eine Schwimmweste sowie Regenjacke und Regen\u00fcberziehhose, die kostenlos zur Verf\u00fcgung gestellt werden.<\/p><p data-start=\"846\" data-end=\"1005\">Ich durfte im Rahmen einer Kooperation 3 von insgesamt 5 unternommenen Touren kostenlos teilnehmen \u2013 dieser Bericht ist daher als Werbung gekennzeichnet.<\/p>\t\t\t\t\t\t\t\t<\/div>\n\t\t\t\t<\/div>\n\t\t\t\t<div class=\"elementor-element elementor-element-bfbb5a1 elementor-widget elementor-widget-heading\" data-id=\"bfbb5a1\" data-element_type=\"widget\" data-e-type=\"widget\" data-widget_type=\"heading.default\">\n\t\t\t\t<div class=\"elementor-widget-container\">\n\t\t\t\t\t<h4 class=\"elementor-heading-title elementor-size-default\">Ankunft<\/h4>\t\t\t\t<\/div>\n\t\t\t\t<\/div>\n\t\t\t\t<div class=\"elementor-element elementor-element-dc70ae1 elementor-widget elementor-widget-text-editor\" data-id=\"dc70ae1\" data-element_type=\"widget\" data-e-type=\"widget\" data-widget_type=\"text-editor.default\">\n\t\t\t\t<div class=\"elementor-widget-container\">\n\t\t\t\t\t\t\t\t\t<p data-start=\"1020\" data-end=\"1319\">Vor dem Start mussten alle G\u00e4ste ein Formular unterschreiben \u2013 aus Sicherheitsgr\u00fcnden und als Anmeldung. Danach gab es ein rund 30-min\u00fctiges Briefing: Welche Wal- und Delfinarten in den Gew\u00e4ssern rund um Faial vorkommen, welche zuletzt gesichtet wurden und wie man die Tiere am besten erkennt.<\/p><p data-start=\"1321\" data-end=\"1525\">Anschlie\u00dfend ging es gemeinsam zum gro\u00dfen Schlauchboot. Jeder durfte sich seinen Sitz frei aussuchen. Wichtig war: W\u00e4hrend der Fahrt sitzen bleiben \u2013 aufstehen durfte man nur mit Erlaubnis der Crew.<\/p>\t\t\t\t\t\t\t\t<\/div>\n\t\t\t\t<\/div>\n\t\t\t\t<div class=\"elementor-element elementor-element-12d784e elementor-widget elementor-widget-heading\" data-id=\"12d784e\" data-element_type=\"widget\" data-e-type=\"widget\" data-widget_type=\"heading.default\">\n\t\t\t\t<div class=\"elementor-widget-container\">\n\t\t\t\t\t<h4 class=\"elementor-heading-title elementor-size-default\">Bootstour<\/h4>\t\t\t\t<\/div>\n\t\t\t\t<\/div>\n\t\t\t\t<div class=\"elementor-element elementor-element-dfdc7a2 elementor-widget elementor-widget-text-editor\" data-id=\"dfdc7a2\" data-element_type=\"widget\" data-e-type=\"widget\" data-widget_type=\"text-editor.default\">\n\t\t\t\t<div class=\"elementor-widget-container\">\n\t\t\t\t\t\t\t\t\t<p data-start=\"1542\" data-end=\"1854\">Kurz nach dem Ablegen verlie\u00dfen wir den Hafen und fuhren hinaus aufs offene Meer. Skipper <strong data-start=\"1632\" data-end=\"1641\">Pedro<\/strong> stand st\u00e4ndig im Funkkontakt mit mehreren Spottern an Land, die hoch oben in kleinen T\u00fcrmen die See nach Walen absuchen. Dank dieser Zusammenarbeit lag die Chance auf eine Sichtung bei beeindruckenden 90 %.<\/p><p data-start=\"1856\" data-end=\"1884\">Dann begann das Abenteuer:<\/p><ul data-start=\"1885\" data-end=\"2270\"><li data-start=\"1885\" data-end=\"2012\">Mit etwas Geduld tauchten die ersten Wale auf \u2013 mal war es nur ein St\u00fcck vom R\u00fccken, manchmal die Fluke beim Abtauchen.<\/li><li data-start=\"2013\" data-end=\"2115\">Mit ganz viel Gl\u00fcck springt sogar ein Buckelwal aus dem Wasser \u2013 ein absolut spektakul\u00e4rer Moment!<\/li><li data-start=\"2116\" data-end=\"2270\"><p data-start=\"2118\" data-end=\"2270\">Auch Delfine zeigten sich, mal weiter entfernt, mal direkt neben dem Boot. Einige sprangen verspielt aus dem Wasser und begleiteten uns ein St\u00fcck.<\/p><\/li><\/ul><p data-start=\"2272\" data-end=\"2504\">Da ich insgesamt f\u00fcnf Touren unternommen habe, konnte ich eine erstaunliche Artenvielfalt erleben: Buckelwal, Pottwal, Blauwal, Finwal, Seiwal, Gro\u00dfer T\u00fcmmler, Gemeiner Delfin, Z\u00fcgeldelfine und sogar Kurzflossen-Grindwale.<\/p><p data-start=\"2506\" data-end=\"2559\">Nach etwa drei Stunden ging es zur\u00fcck in den Hafen.<\/p>\t\t\t\t\t\t\t\t<\/div>\n\t\t\t\t<\/div>\n\t\t\t\t\t<\/div>\n\t\t<\/div>\n\t\t\t\t<div class=\"elementor-column elementor-col-50 elementor-inner-column elementor-element elementor-element-56ddbd3\" data-id=\"56ddbd3\" data-element_type=\"column\" data-e-type=\"column\">\n\t\t\t<div class=\"elementor-widget-wrap elementor-element-populated\">\n\t\t\t\t\t\t<div class=\"elementor-element elementor-element-f872c6e elementor-widget elementor-widget-image\" data-id=\"f872c6e\" data-element_type=\"widget\" data-e-type=\"widget\" data-widget_type=\"image.default\">\n\t\t\t\t<div class=\"elementor-widget-container\">\n\t\t\t\t\t\t\t\t\t\t\t\t<figure class=\"wp-caption\">\n\t\t\t\t\t\t\t\t\t\t<img fetchpriority=\"high\" decoding=\"async\" width=\"576\" height=\"1024\" src=\"https:\/\/i0.wp.com\/tannis-ausritte.de\/wp-content\/uploads\/2025\/07\/IMG_1502-scaled.jpeg?fit=576%2C1024&amp;ssl=1\" class=\"attachment-large size-large wp-image-10577\" alt=\"Whale Watching Tour Faial\" srcset=\"https:\/\/i0.wp.com\/tannis-ausritte.de\/wp-content\/uploads\/2025\/07\/IMG_1502-scaled.jpeg?w=1440&amp;ssl=1 1440w, https:\/\/i0.wp.com\/tannis-ausritte.de\/wp-content\/uploads\/2025\/07\/IMG_1502-scaled.jpeg?resize=169%2C300&amp;ssl=1 169w, https:\/\/i0.wp.com\/tannis-ausritte.de\/wp-content\/uploads\/2025\/07\/IMG_1502-scaled.jpeg?resize=576%2C1024&amp;ssl=1 576w, https:\/\/i0.wp.com\/tannis-ausritte.de\/wp-content\/uploads\/2025\/07\/IMG_1502-scaled.jpeg?resize=768%2C1365&amp;ssl=1 768w, https:\/\/i0.wp.com\/tannis-ausritte.de\/wp-content\/uploads\/2025\/07\/IMG_1502-scaled.jpeg?resize=864%2C1536&amp;ssl=1 864w, https:\/\/i0.wp.com\/tannis-ausritte.de\/wp-content\/uploads\/2025\/07\/IMG_1502-scaled.jpeg?resize=1152%2C2048&amp;ssl=1 1152w, https:\/\/i0.wp.com\/tannis-ausritte.de\/wp-content\/uploads\/2025\/07\/IMG_1502-scaled.jpeg?resize=600%2C1067&amp;ssl=1 600w\" sizes=\"(max-width: 576px) 100vw, 576px\" title=\"\">\t\t\t\t\t\t\t\t\t\t\t<figcaption class=\"widget-image-caption wp-caption-text\">Ehrenplatz auf dem Boot<\/figcaption>\n\t\t\t\t\t\t\t\t\t\t<\/figure>\n\t\t\t\t\t\t\t\t\t<\/div>\n\t\t\t\t<\/div>\n\t\t\t\t<div class=\"elementor-element elementor-element-fe3eb12 elementor-cta--skin-classic elementor-animated-content elementor-bg-transform elementor-bg-transform-zoom-in elementor-widget elementor-widget-global elementor-global-10931 elementor-widget-call-to-action\" data-id=\"fe3eb12\" data-element_type=\"widget\" data-e-type=\"widget\" data-widget_type=\"call-to-action.default\">\n\t\t\t\t<div class=\"elementor-widget-container\">\n\t\t\t\t\t\t\t<div class=\"elementor-cta\">\n\t\t\t\t\t<div class=\"elementor-cta__bg-wrapper\">\n\t\t\t\t<div class=\"elementor-cta__bg elementor-bg\" style=\"background-image: url(https:\/\/i0.wp.com\/tannis-ausritte.de\/wp-content\/uploads\/2025\/03\/Vertical-Product-Promotion-3.png?fit=1024%2C1024&#038;ssl=1);\" role=\"img\" aria-label=\"My Travel Tour Diary\"><\/div>\n\t\t\t\t<div class=\"elementor-cta__bg-overlay\"><\/div>\n\t\t\t<\/div>\n\t\t\t\t\t\t\t<div class=\"elementor-cta__content\">\n\t\t\t\t\n\t\t\t\t\t\t\t\t\t<h5 class=\"elementor-cta__title elementor-cta__content-item elementor-content-item\">\n\t\t\t\t\t\tMy Travel Diary\t\t\t\t\t<\/h5>\n\t\t\t\t\n\t\t\t\t\t\t\t\t\t<h5 class=\"elementor-cta__description elementor-cta__content-item elementor-content-item\">\n\t\t\t\t\t\tDein pers\u00f6nlicher Begleiter f\u00fcr eigene Ausfl\u00fcge - mit viel Platz f\u00fcr Fotos &amp; Notizen!\t\t\t\t\t<\/h5>\n\t\t\t\t\n\t\t\t\t\t\t\t\t\t<div class=\"elementor-cta__button-wrapper elementor-cta__content-item elementor-content-item \">\n\t\t\t\t\t<a class=\"elementor-cta__button elementor-button elementor-size-\" href=\"https:\/\/tannis-ausritte.de\/shop\/\">\n\t\t\t\t\t\tJetzt im Shop erh\u00e4ltlich\t\t\t\t\t<\/a>\n\t\t\t\t\t<\/div>\n\t\t\t\t\t\t\t<\/div>\n\t\t\t\t\t\t<\/div>\n\t\t\t\t\t\t<\/div>\n\t\t\t\t<\/div>\n\t\t\t\t\t<\/div>\n\t\t<\/div>\n\t\t\t\t\t<\/div>\n\t\t<\/section>\n\t\t\t\t\t<\/div>\n\t\t<\/div>\n\t\t\t\t\t<\/div>\n\t\t<\/section>\n\t\t\t\t<section class=\"elementor-section elementor-top-section elementor-element elementor-element-a467b66 elementor-section-boxed elementor-section-height-default elementor-section-height-default\" data-id=\"a467b66\" data-element_type=\"section\" data-e-type=\"section\">\n\t\t\t\t\t\t<div class=\"elementor-container elementor-column-gap-default\">\n\t\t\t\t\t<div class=\"elementor-column elementor-col-100 elementor-top-column elementor-element elementor-element-785ff4c\" data-id=\"785ff4c\" data-element_type=\"column\" data-e-type=\"column\">\n\t\t\t<div class=\"elementor-widget-wrap elementor-element-populated\">\n\t\t\t\t\t\t<section class=\"elementor-section elementor-inner-section elementor-element elementor-element-93560e9 elementor-section-boxed elementor-section-height-default elementor-section-height-default\" data-id=\"93560e9\" data-element_type=\"section\" data-e-type=\"section\">\n\t\t\t\t\t\t<div class=\"elementor-container elementor-column-gap-default\">\n\t\t\t\t\t<div class=\"elementor-column elementor-col-50 elementor-inner-column elementor-element elementor-element-36ec03b\" data-id=\"36ec03b\" data-element_type=\"column\" data-e-type=\"column\">\n\t\t\t<div class=\"elementor-widget-wrap elementor-element-populated\">\n\t\t\t\t\t\t<div class=\"elementor-element elementor-element-ec730c9 elementor-widget elementor-widget-heading\" data-id=\"ec730c9\" data-element_type=\"widget\" data-e-type=\"widget\" data-widget_type=\"heading.default\">\n\t\t\t\t<div class=\"elementor-widget-container\">\n\t\t\t\t\t<h4 class=\"elementor-heading-title elementor-size-default\">Nach der Bootstour<\/h4>\t\t\t\t<\/div>\n\t\t\t\t<\/div>\n\t\t\t\t<div class=\"elementor-element elementor-element-32ec0bd elementor-widget elementor-widget-text-editor\" data-id=\"32ec0bd\" data-element_type=\"widget\" data-e-type=\"widget\" data-widget_type=\"text-editor.default\">\n\t\t\t\t<div class=\"elementor-widget-container\">\n\t\t\t\t\t\t\t\t\t<p>An Land konnte man das Equipment direkt wieder abgeben. Zum Abschluss erhielt jeder ein kleines Heft, in dem die gesichteten Arten angekreuzt wurden \u2013 ein sch\u00f6nes Andenken. Au\u00dferdem warteten Kekse und ein Getr\u00e4nk auf die G\u00e4ste.<\/p>\t\t\t\t\t\t\t\t<\/div>\n\t\t\t\t<\/div>\n\t\t\t\t<div class=\"elementor-element elementor-element-19c3938 elementor-widget elementor-widget-heading\" data-id=\"19c3938\" data-element_type=\"widget\" data-e-type=\"widget\" data-widget_type=\"heading.default\">\n\t\t\t\t<div class=\"elementor-widget-container\">\n\t\t\t\t\t<h4 class=\"elementor-heading-title elementor-size-default\">Fotos<\/h4>\t\t\t\t<\/div>\n\t\t\t\t<\/div>\n\t\t\t\t<div class=\"elementor-element elementor-element-087c5e4 elementor-widget elementor-widget-text-editor\" data-id=\"087c5e4\" data-element_type=\"widget\" data-e-type=\"widget\" data-widget_type=\"text-editor.default\">\n\t\t\t\t<div class=\"elementor-widget-container\">\n\t\t\t\t\t\t\t\t\t<p>W\u00e4hrend der gesamten Tour durfte man nat\u00fcrlich frei fotografieren und filmen. Wer selbst mit aufs Bild wollte, konnte einfach andere G\u00e4ste oder die Crew um Hilfe bitten.<\/p>\t\t\t\t\t\t\t\t<\/div>\n\t\t\t\t<\/div>\n\t\t\t\t<div class=\"elementor-element elementor-element-c09be3a elementor-widget elementor-widget-heading\" data-id=\"c09be3a\" data-element_type=\"widget\" data-e-type=\"widget\" data-widget_type=\"heading.default\">\n\t\t\t\t<div class=\"elementor-widget-container\">\n\t\t\t\t\t<h4 class=\"elementor-heading-title elementor-size-default\">Mein Fazit<\/h4>\t\t\t\t<\/div>\n\t\t\t\t<\/div>\n\t\t\t\t<div class=\"elementor-element elementor-element-5a9b392 elementor-widget elementor-widget-text-editor\" data-id=\"5a9b392\" data-element_type=\"widget\" data-e-type=\"widget\" data-widget_type=\"text-editor.default\">\n\t\t\t\t<div class=\"elementor-widget-container\">\n\t\t\t\t\t\t\t\t\t<p data-start=\"3020\" data-end=\"3307\">Die Whale Watching Touren auf Faial haben mich tief beeindruckt. Skipper Pedro ist unglaublich sympathisch, liebt seine Arbeit und tut alles, damit die G\u00e4ste m\u00f6glichst viele Tiere sehen k\u00f6nnen. Unterst\u00fctzt wird er von einem tollen Team, das professionell und herzlich zugleich ist.<\/p><p data-start=\"3309\" data-end=\"3332\">Mir gefiel besonders:<\/p><ul data-start=\"3333\" data-end=\"3483\"><li data-start=\"3333\" data-end=\"3373\">kleine Gruppen mit maximal 12 G\u00e4sten<\/li><li data-start=\"3374\" data-end=\"3436\">die N\u00e4he zu den Tieren, aber immer mit Respekt und Abstand<\/li><li data-start=\"3374\" data-end=\"3436\"><p data-start=\"3376\" data-end=\"3436\">die hohe Wahrscheinlichkeit auf Sichtungen<\/p><\/li><\/ul><p data-start=\"3485\" data-end=\"3684\">Wer nicht leicht seekrank wird, sollte diese Tour unbedingt in Betracht ziehen. F\u00fcr mich war es ein unvergessliches Erlebnis, das ich jedem Natur- und Tierliebhaber w\u00e4rmstens empfehlen kann.<\/p><hr data-start=\"3686\" data-end=\"3689\" \/>\t\t\t\t\t\t\t\t<\/div>\n\t\t\t\t<\/div>\n\t\t\t\t\t<\/div>\n\t\t<\/div>\n\t\t\t\t<div class=\"elementor-column elementor-col-50 elementor-inner-column elementor-element elementor-element-d1cbd29\" data-id=\"d1cbd29\" data-element_type=\"column\" data-e-type=\"column\">\n\t\t\t<div class=\"elementor-widget-wrap elementor-element-populated\">\n\t\t\t\t\t\t<div class=\"elementor-element elementor-element-9ed2ba2 elementor-widget elementor-widget-image\" data-id=\"9ed2ba2\" data-element_type=\"widget\" data-e-type=\"widget\" data-widget_type=\"image.default\">\n\t\t\t\t<div class=\"elementor-widget-container\">\n\t\t\t\t\t\t\t\t\t\t\t\t<figure class=\"wp-caption\">\n\t\t\t\t\t\t\t\t\t\t<img decoding=\"async\" width=\"592\" height=\"1024\" src=\"https:\/\/i0.wp.com\/tannis-ausritte.de\/wp-content\/uploads\/2025\/08\/IMG_2534-e1755540790979.png?fit=592%2C1024&amp;ssl=1\" class=\"attachment-large size-large wp-image-11045\" alt=\"Whale Watching Tour Faial\" srcset=\"https:\/\/i0.wp.com\/tannis-ausritte.de\/wp-content\/uploads\/2025\/08\/IMG_2534-e1755540790979.png?w=1179&amp;ssl=1 1179w, https:\/\/i0.wp.com\/tannis-ausritte.de\/wp-content\/uploads\/2025\/08\/IMG_2534-e1755540790979.png?resize=173%2C300&amp;ssl=1 173w, https:\/\/i0.wp.com\/tannis-ausritte.de\/wp-content\/uploads\/2025\/08\/IMG_2534-e1755540790979.png?resize=592%2C1024&amp;ssl=1 592w, https:\/\/i0.wp.com\/tannis-ausritte.de\/wp-content\/uploads\/2025\/08\/IMG_2534-e1755540790979.png?resize=768%2C1329&amp;ssl=1 768w, https:\/\/i0.wp.com\/tannis-ausritte.de\/wp-content\/uploads\/2025\/08\/IMG_2534-e1755540790979.png?resize=888%2C1536&amp;ssl=1 888w, https:\/\/i0.wp.com\/tannis-ausritte.de\/wp-content\/uploads\/2025\/08\/IMG_2534-e1755540790979.png?resize=7%2C12&amp;ssl=1 7w, https:\/\/i0.wp.com\/tannis-ausritte.de\/wp-content\/uploads\/2025\/08\/IMG_2534-e1755540790979.png?resize=600%2C1038&amp;ssl=1 600w\" sizes=\"(max-width: 592px) 100vw, 592px\" title=\"\">\t\t\t\t\t\t\t\t\t\t\t<figcaption class=\"widget-image-caption wp-caption-text\">Der springende Buckelwal - das beste Foto und Highlight der gesamten Touren<\/figcaption>\n\t\t\t\t\t\t\t\t\t\t<\/figure>\n\t\t\t\t\t\t\t\t\t<\/div>\n\t\t\t\t<\/div>\n\t\t\t\t\t<\/div>\n\t\t<\/div>\n\t\t\t\t\t<\/div>\n\t\t<\/section>\n\t\t\t\t\t<\/div>\n\t\t<\/div>\n\t\t\t\t\t<\/div>\n\t\t<\/section>\n\t\t\t\t<\/div>\n\t\t","protected":false},"excerpt":{"rendered":"<p>Whale Watching Tour Faial &#8211; Azoren Ein einmaliges dreist\u00fcndiges Erlebnis auf dem Atlantik Dieser Bericht enth\u00e4lt Werbelinks und\/oder werbende Inhalte. Mehr dazu hier! 06.03.2025 07.; 16.; 23.06.2025 02.07.2025 Was erwartet mich bei der dreist\u00fcndigen Whale Watching Tour auf Faial &#8211; Azoren? Hier erf\u00e4hrst du alle wichtigen Informationen \u00fcber den Ablauf, die Bootstour, ob Fotos gemacht &#8230; <a title=\"Whale Watching Tour Faial\" class=\"read-more\" href=\"https:\/\/tannis-ausritte.de\/en\/whale-watching-tour-faial\/\" aria-label=\"Read more about Whale Watching Tour Faial\">Read more<\/a><\/p>","protected":false},"author":1,"featured_media":0,"parent":0,"menu_order":0,"comment_status":"closed","ping_status":"closed","template":"","meta":{"footnotes":""},"class_list":["post-11042","page","type-page","status-publish"],"jetpack_sharing_enabled":true,"_links":{"self":[{"href":"https:\/\/tannis-ausritte.de\/en\/wp-json\/wp\/v2\/pages\/11042","targetHints":{"allow":["GET"]}}],"collection":[{"href":"https:\/\/tannis-ausritte.de\/en\/wp-json\/wp\/v2\/pages"}],"about":[{"href":"https:\/\/tannis-ausritte.de\/en\/wp-json\/wp\/v2\/types\/page"}],"author":[{"embeddable":true,"href":"https:\/\/tannis-ausritte.de\/en\/wp-json\/wp\/v2\/users\/1"}],"replies":[{"embeddable":true,"href":"https:\/\/tannis-ausritte.de\/en\/wp-json\/wp\/v2\/comments?post=11042"}],"version-history":[{"count":14,"href":"https:\/\/tannis-ausritte.de\/en\/wp-json\/wp\/v2\/pages\/11042\/revisions"}],"predecessor-version":[{"id":11061,"href":"https:\/\/tannis-ausritte.de\/en\/wp-json\/wp\/v2\/pages\/11042\/revisions\/11061"}],"wp:attachment":[{"href":"https:\/\/tannis-ausritte.de\/en\/wp-json\/wp\/v2\/media?parent=11042"}],"curies":[{"name":"wp","href":"https:\/\/api.w.org\/{rel}","templated":true}]}}