{"id":10595,"date":"2025-07-31T13:18:20","date_gmt":"2025-07-31T11:18:20","guid":{"rendered":"https:\/\/tannis-ausritte.de\/?page_id=10595"},"modified":"2025-07-31T18:57:57","modified_gmt":"2025-07-31T16:57:57","slug":"reittourguide-erfahrungen","status":"publish","type":"page","link":"https:\/\/tannis-ausritte.de\/en\/reittourguide-erfahrungen\/","title":{"rendered":"Riding Tour Guide Experiences"},"content":{"rendered":"\t\t<div data-elementor-type=\"wp-page\" data-elementor-id=\"10595\" class=\"elementor elementor-10595\" data-elementor-post-type=\"page\">\n\t\t\t\t\t\t<section class=\"elementor-section elementor-top-section elementor-element elementor-element-e5ebcb4 elementor-section-boxed elementor-section-height-default elementor-section-height-default\" data-id=\"e5ebcb4\" data-element_type=\"section\" data-e-type=\"section\">\n\t\t\t\t\t\t<div class=\"elementor-container elementor-column-gap-default\">\n\t\t\t\t\t<div class=\"elementor-column elementor-col-100 elementor-top-column elementor-element elementor-element-4cbb6bd\" data-id=\"4cbb6bd\" data-element_type=\"column\" data-e-type=\"column\">\n\t\t\t<div class=\"elementor-widget-wrap elementor-element-populated\">\n\t\t\t\t\t\t<div class=\"elementor-element elementor-element-3d6585e elementor-widget elementor-widget-heading\" data-id=\"3d6585e\" data-element_type=\"widget\" data-e-type=\"widget\" data-widget_type=\"heading.default\">\n\t\t\t\t<div class=\"elementor-widget-container\">\n\t\t\t\t\t<h2 class=\"elementor-heading-title elementor-size-default\">Meine Reittourguide Erfahrungen - Arbeiten mit Pferden weltweit<\/h2>\t\t\t\t<\/div>\n\t\t\t\t<\/div>\n\t\t\t\t<div class=\"elementor-element elementor-element-23b371f elementor-toc--minimized-on-tablet elementor-widget elementor-widget-table-of-contents\" data-id=\"23b371f\" data-element_type=\"widget\" data-e-type=\"widget\" data-settings=\"{&quot;headings_by_tags&quot;:[&quot;h3&quot;,&quot;h4&quot;,&quot;h5&quot;],&quot;no_headings_message&quot;:&quot;No headings were found on this page.&quot;,&quot;motion_fx_motion_fx_scrolling&quot;:&quot;yes&quot;,&quot;marker_view&quot;:&quot;numbers&quot;,&quot;minimize_box&quot;:&quot;yes&quot;,&quot;minimized_on&quot;:&quot;tablet&quot;,&quot;hierarchical_view&quot;:&quot;yes&quot;,&quot;min_height&quot;:{&quot;unit&quot;:&quot;px&quot;,&quot;size&quot;:&quot;&quot;,&quot;sizes&quot;:[]},&quot;min_height_tablet&quot;:{&quot;unit&quot;:&quot;px&quot;,&quot;size&quot;:&quot;&quot;,&quot;sizes&quot;:[]},&quot;min_height_mobile&quot;:{&quot;unit&quot;:&quot;px&quot;,&quot;size&quot;:&quot;&quot;,&quot;sizes&quot;:[]},&quot;motion_fx_devices&quot;:[&quot;desktop&quot;,&quot;tablet&quot;,&quot;mobile&quot;]}\" data-widget_type=\"table-of-contents.default\">\n\t\t\t\t<div class=\"elementor-widget-container\">\n\t\t\t\t\t\t\t\t\t<div class=\"elementor-toc__header\">\n\t\t\t\t\t\t<h4 class=\"elementor-toc__header-title\">\n\t\t\t\tInhaltsverzeichnis\t\t\t<\/h4>\n\t\t\t\t\t\t\t\t\t\t<div class=\"elementor-toc__toggle-button elementor-toc__toggle-button--expand\" role=\"button\" tabindex=\"0\" aria-controls=\"elementor-toc__23b371f\" aria-expanded=\"true\" aria-label=\"Open table of contents\"><i aria-hidden=\"true\" class=\"fas fa-chevron-down\"><\/i><\/div>\n\t\t\t\t<div class=\"elementor-toc__toggle-button elementor-toc__toggle-button--collapse\" role=\"button\" tabindex=\"0\" aria-controls=\"elementor-toc__23b371f\" aria-expanded=\"true\" aria-label=\"Close table of contents\"><i aria-hidden=\"true\" class=\"fas fa-chevron-up\"><\/i><\/div>\n\t\t\t\t\t<\/div>\n\t\t\t\t<div id=\"elementor-toc__23b371f\" class=\"elementor-toc__body\">\n\t\t\t<div class=\"elementor-toc__spinner-container\">\n\t\t\t\t<i class=\"elementor-toc__spinner eicon-animation-spin eicon-loading\" aria-hidden=\"true\"><\/i>\t\t\t<\/div>\n\t\t<\/div>\n\t\t\t\t\t\t<\/div>\n\t\t\t\t<\/div>\n\t\t\t\t\t<\/div>\n\t\t<\/div>\n\t\t\t\t\t<\/div>\n\t\t<\/section>\n\t\t\t\t<section class=\"elementor-section elementor-top-section elementor-element elementor-element-29b1788 elementor-section-boxed elementor-section-height-default elementor-section-height-default\" data-id=\"29b1788\" data-element_type=\"section\" data-e-type=\"section\">\n\t\t\t\t\t\t<div class=\"elementor-container elementor-column-gap-default\">\n\t\t\t\t\t<div class=\"elementor-column elementor-col-50 elementor-top-column elementor-element elementor-element-65a193d\" data-id=\"65a193d\" data-element_type=\"column\" data-e-type=\"column\">\n\t\t\t<div class=\"elementor-widget-wrap elementor-element-populated\">\n\t\t\t\t\t\t<div class=\"elementor-element elementor-element-a079594 elementor-widget elementor-widget-heading\" data-id=\"a079594\" data-element_type=\"widget\" data-e-type=\"widget\" data-widget_type=\"heading.default\">\n\t\t\t\t<div class=\"elementor-widget-container\">\n\t\t\t\t\t<h3 class=\"elementor-heading-title elementor-size-default\">Wie alles begann<\/h3>\t\t\t\t<\/div>\n\t\t\t\t<\/div>\n\t\t\t\t<div class=\"elementor-element elementor-element-894aa90 elementor-widget elementor-widget-text-editor\" data-id=\"894aa90\" data-element_type=\"widget\" data-e-type=\"widget\" data-widget_type=\"text-editor.default\">\n\t\t\t\t<div class=\"elementor-widget-container\">\n\t\t\t\t\t\t\t\t\t<p>Pferde begleiten mich schon mein ganzes Leben &#8211; und irgendwann war mir klar: Ich will nicht nur reiten, ich will Menschen besondere Erlebnisse im Sattel erm\u00f6glichen.\u00a0<br \/><br \/>So habe ich nach und nach meine Leidenschaft zum Beruf gemacht &#8211; als Reittourguide.\u00a0<br \/>In verschiedenen L\u00e4ndern und St\u00e4llen durfte ich diese besondere Aufgabe \u00fcbernehmen und dabei viele unvergessliche Momente erleben.<\/p>\t\t\t\t\t\t\t\t<\/div>\n\t\t\t\t<\/div>\n\t\t\t\t\t<\/div>\n\t\t<\/div>\n\t\t\t\t<div class=\"elementor-column elementor-col-50 elementor-top-column elementor-element elementor-element-87be07c\" data-id=\"87be07c\" data-element_type=\"column\" data-e-type=\"column\">\n\t\t\t<div class=\"elementor-widget-wrap elementor-element-populated\">\n\t\t\t\t\t\t<div class=\"elementor-element elementor-element-bb48033 elementor-widget elementor-widget-image\" data-id=\"bb48033\" data-element_type=\"widget\" data-e-type=\"widget\" data-widget_type=\"image.default\">\n\t\t\t\t<div class=\"elementor-widget-container\">\n\t\t\t\t\t\t\t\t\t\t\t\t\t\t\t<img fetchpriority=\"high\" decoding=\"async\" width=\"768\" height=\"1024\" src=\"https:\/\/i0.wp.com\/tannis-ausritte.de\/wp-content\/uploads\/2025\/02\/IMG_8846.jpeg?fit=768%2C1024&amp;ssl=1\" class=\"attachment-large size-large wp-image-8106\" alt=\"Tika Ranch 2 Tagestour Essouira\" srcset=\"https:\/\/i0.wp.com\/tannis-ausritte.de\/wp-content\/uploads\/2025\/02\/IMG_8846.jpeg?w=1536&amp;ssl=1 1536w, https:\/\/i0.wp.com\/tannis-ausritte.de\/wp-content\/uploads\/2025\/02\/IMG_8846.jpeg?resize=225%2C300&amp;ssl=1 225w, https:\/\/i0.wp.com\/tannis-ausritte.de\/wp-content\/uploads\/2025\/02\/IMG_8846.jpeg?resize=768%2C1024&amp;ssl=1 768w, https:\/\/i0.wp.com\/tannis-ausritte.de\/wp-content\/uploads\/2025\/02\/IMG_8846.jpeg?resize=1152%2C1536&amp;ssl=1 1152w, https:\/\/i0.wp.com\/tannis-ausritte.de\/wp-content\/uploads\/2025\/02\/IMG_8846.jpeg?resize=600%2C800&amp;ssl=1 600w\" sizes=\"(max-width: 768px) 100vw, 768px\" title=\"\">\t\t\t\t\t\t\t\t\t\t\t\t\t\t\t<\/div>\n\t\t\t\t<\/div>\n\t\t\t\t<div class=\"elementor-element elementor-element-10104 elementor-widget elementor-widget-global elementor-global-10104 elementor-widget-text-editor\" data-id=\"10104\" data-element_type=\"widget\" data-e-type=\"widget\" data-widget_type=\"text-editor.default\">\n\t\t\t\t<div class=\"elementor-widget-container\">\n\t\t\t\t\t\t\t\t\t<p>Werbung<br \/>Ich habe bei diesem Ritt die Reitleggins von Royal Horsemen getragen &#8211; besonders angenehm und sehr bequem.\u00a0<br \/><span style=\"text-decoration: underline;\"><a href=\"https:\/\/amzn.to\/4kYY9Io\" target=\"_blank\" rel=\"nofollow noopener sponsored\">Hier findest du alle Varianten bei Amazon<\/a><\/span>*<\/p>\t\t\t\t\t\t\t\t<\/div>\n\t\t\t\t<\/div>\n\t\t\t\t\t<\/div>\n\t\t<\/div>\n\t\t\t\t\t<\/div>\n\t\t<\/section>\n\t\t\t\t<section class=\"elementor-section elementor-top-section elementor-element elementor-element-56d61d6 elementor-section-boxed elementor-section-height-default elementor-section-height-default\" data-id=\"56d61d6\" data-element_type=\"section\" data-e-type=\"section\">\n\t\t\t\t\t\t<div class=\"elementor-container elementor-column-gap-default\">\n\t\t\t\t\t<div class=\"elementor-column elementor-col-50 elementor-top-column elementor-element elementor-element-86df6ce\" data-id=\"86df6ce\" data-element_type=\"column\" data-e-type=\"column\">\n\t\t\t<div class=\"elementor-widget-wrap elementor-element-populated\">\n\t\t\t\t\t\t<div class=\"elementor-element elementor-element-68b7977 elementor-widget elementor-widget-heading\" data-id=\"68b7977\" data-element_type=\"widget\" data-e-type=\"widget\" data-widget_type=\"heading.default\">\n\t\t\t\t<div class=\"elementor-widget-container\">\n\t\t\t\t\t<h3 class=\"elementor-heading-title elementor-size-default\">Was macht ein Reittourguide eigentlich?<\/h3>\t\t\t\t<\/div>\n\t\t\t\t<\/div>\n\t\t\t\t<div class=\"elementor-element elementor-element-7a4fef2 elementor-widget elementor-widget-text-editor\" data-id=\"7a4fef2\" data-element_type=\"widget\" data-e-type=\"widget\" data-widget_type=\"text-editor.default\">\n\t\t\t\t<div class=\"elementor-widget-container\">\n\t\t\t\t\t\t\t\t\t<p>Als Reittourguide bist du nicht einfach nur &#8222;vorn auf dem Pferd&#8220;. Du bist Ansprechpartner, Verantwortungstr\u00e4ger f\u00fcr die Sicherheit, Wegfinder, Gespr\u00e4chspartner und manchmal auch Seelentr\u00f6ster f\u00fcr nerv\u00f6se Reiter.\u00a0<\/p><p>Neben dem F\u00fchren von Ausritten geh\u00f6ren oft auch klassische Stallarbeiten, das Vorbereiten der Pferde und die Betreuung der G\u00e4ste dazu.\u00a0<br \/>Je nach Ort sind die Anforderungen ganz unterschiedlich &#8211; und genau das macht den Beruf so spannend.<\/p>\t\t\t\t\t\t\t\t<\/div>\n\t\t\t\t<\/div>\n\t\t\t\t<div class=\"elementor-element elementor-element-d1bfa39 elementor-widget elementor-widget-heading\" data-id=\"d1bfa39\" data-element_type=\"widget\" data-e-type=\"widget\" data-widget_type=\"heading.default\">\n\t\t\t\t<div class=\"elementor-widget-container\">\n\t\t\t\t\t<h3 class=\"elementor-heading-title elementor-size-default\">Wo ich schon als Reittourguide gearbeitet habe<\/h3>\t\t\t\t<\/div>\n\t\t\t\t<\/div>\n\t\t\t\t<div class=\"elementor-element elementor-element-f8ccc29 elementor-widget elementor-widget-text-editor\" data-id=\"f8ccc29\" data-element_type=\"widget\" data-e-type=\"widget\" data-widget_type=\"text-editor.default\">\n\t\t\t\t<div class=\"elementor-widget-container\">\n\t\t\t\t\t\t\t\t\t<p>\u00dcber die Jahre war ich in verschiedenen Betrieben im Einsatz &#8211; mal als Unterst\u00fctzung, mal voll Verantworlich f\u00fcr eigene Touren.\u00a0<br \/><br \/>Eine vollst\u00e4ndige \u00dcbersicht findest du hier:<br \/>-&gt; <span style=\"text-decoration: underline;\"><a href=\"https:\/\/tannis-ausritte.de\/praktika\/\">Meine Praktika &amp; Jobs<\/a><\/span><br \/><br \/>Hier ein kleiner Einblick in meine Rollen:<\/p><ul><li>Backup Guide \/ Unterst\u00fctzung<br \/><ul><li>Beachcomber Horse Trails (S\u00fcdafrika)<\/li><li>Erikas Horse Farm (Kos Griechenland)<\/li><li>Finca Estrella (Teneriffa Spanien)<\/li><li>Rancho Bonanza (Mallorca Spanien)<\/li><li>Rocking Horse Ranch (Rhodos Griechenland)<\/li><\/ul><\/li><li>Tourguide (selbstst\u00e4ndig gef\u00fchrt)<br \/><ul><li>Alfa Horse (Griechenland) 1 bis 2 h Ausritte\u00a0<\/li><li>Diogo Silva &#8211; Equestrain Adventure (Azoren Portugal) 1,5 h bis 5 h Ausritte<\/li><li>Hotel Refugio Prategiano (Italien) 1 h Ausritt<\/li><li>Ranch Manippos (Griechenland) 1 h Ausritt<\/li><\/ul><\/li><\/ul><p>Je nach Einsatz habe ich auch spezielle Aufgaben \u00fcbernommen &#8211; wie zum Beispiel das Einsch\u00e4tzen von Reiterfahrungen oder das spontane Anpassen der Touren ans Wetter und Niveau der Reitg\u00e4ste.<\/p>\t\t\t\t\t\t\t\t<\/div>\n\t\t\t\t<\/div>\n\t\t\t\t\t<\/div>\n\t\t<\/div>\n\t\t\t\t<div class=\"elementor-column elementor-col-50 elementor-top-column elementor-element elementor-element-aa446f7\" data-id=\"aa446f7\" data-element_type=\"column\" data-e-type=\"column\">\n\t\t\t<div class=\"elementor-widget-wrap elementor-element-populated\">\n\t\t\t\t\t\t<div class=\"elementor-element elementor-element-3d8445d elementor-widget elementor-widget-image\" data-id=\"3d8445d\" data-element_type=\"widget\" data-e-type=\"widget\" data-widget_type=\"image.default\">\n\t\t\t\t<div class=\"elementor-widget-container\">\n\t\t\t\t\t\t\t\t\t\t\t\t\t\t\t<img decoding=\"async\" width=\"593\" height=\"1024\" src=\"https:\/\/i0.wp.com\/tannis-ausritte.de\/wp-content\/uploads\/2025\/07\/IMG_0933-scaled-e1753976102424.jpeg?fit=593%2C1024&amp;ssl=1\" class=\"attachment-large size-large wp-image-10365\" alt=\"Diogo Silva - Equestrian Adventure, Reittourguide finanzieren\" srcset=\"https:\/\/i0.wp.com\/tannis-ausritte.de\/wp-content\/uploads\/2025\/07\/IMG_0933-scaled-e1753976102424.jpeg?w=1152&amp;ssl=1 1152w, https:\/\/i0.wp.com\/tannis-ausritte.de\/wp-content\/uploads\/2025\/07\/IMG_0933-scaled-e1753976102424.jpeg?resize=174%2C300&amp;ssl=1 174w, https:\/\/i0.wp.com\/tannis-ausritte.de\/wp-content\/uploads\/2025\/07\/IMG_0933-scaled-e1753976102424.jpeg?resize=593%2C1024&amp;ssl=1 593w, https:\/\/i0.wp.com\/tannis-ausritte.de\/wp-content\/uploads\/2025\/07\/IMG_0933-scaled-e1753976102424.jpeg?resize=768%2C1325&amp;ssl=1 768w, https:\/\/i0.wp.com\/tannis-ausritte.de\/wp-content\/uploads\/2025\/07\/IMG_0933-scaled-e1753976102424.jpeg?resize=890%2C1536&amp;ssl=1 890w, https:\/\/i0.wp.com\/tannis-ausritte.de\/wp-content\/uploads\/2025\/07\/IMG_0933-scaled-e1753976102424.jpeg?resize=600%2C1035&amp;ssl=1 600w\" sizes=\"(max-width: 593px) 100vw, 593px\" title=\"\">\t\t\t\t\t\t\t\t\t\t\t\t\t\t\t<\/div>\n\t\t\t\t<\/div>\n\t\t\t\t\t<\/div>\n\t\t<\/div>\n\t\t\t\t\t<\/div>\n\t\t<\/section>\n\t\t\t\t<section class=\"elementor-section elementor-top-section elementor-element elementor-element-015016e elementor-section-boxed elementor-section-height-default elementor-section-height-default\" data-id=\"015016e\" data-element_type=\"section\" data-e-type=\"section\">\n\t\t\t\t\t\t<div class=\"elementor-container elementor-column-gap-default\">\n\t\t\t\t\t<div class=\"elementor-column elementor-col-50 elementor-top-column elementor-element elementor-element-77f5d9b\" data-id=\"77f5d9b\" data-element_type=\"column\" data-e-type=\"column\">\n\t\t\t<div class=\"elementor-widget-wrap elementor-element-populated\">\n\t\t\t\t\t\t<div class=\"elementor-element elementor-element-58c4905 elementor-widget elementor-widget-heading\" data-id=\"58c4905\" data-element_type=\"widget\" data-e-type=\"widget\" data-widget_type=\"heading.default\">\n\t\t\t\t<div class=\"elementor-widget-container\">\n\t\t\t\t\t<h3 class=\"elementor-heading-title elementor-size-default\">Was ich an diesem Beruf liebe<\/h3>\t\t\t\t<\/div>\n\t\t\t\t<\/div>\n\t\t\t\t<div class=\"elementor-element elementor-element-a97b1d0 elementor-widget elementor-widget-text-editor\" data-id=\"a97b1d0\" data-element_type=\"widget\" data-e-type=\"widget\" data-widget_type=\"text-editor.default\">\n\t\t\t\t<div class=\"elementor-widget-container\">\n\t\t\t\t\t\t\t\t\t<p>F\u00fcr mich gibt es nichts Sch\u00f6neres, als die Verbindung zwischen Pferd, Mensch und Natur zu begleiten.\u00a0<br \/>Die Freude in den Augen meiner Reitg\u00e4ste, wenn sie das erste Mal durchs offene Gel\u00e4nde traben &#8211; das ist unbezahlbar.<br \/><br \/>Nat\u00fcrlich gibt es auch Herausforderungen &#8211; von Wetterchaos bis hin zu unsicheren Reitern. Aber genau das macht diesen Job lebendig und besonders.<\/p>\t\t\t\t\t\t\t\t<\/div>\n\t\t\t\t<\/div>\n\t\t\t\t<div class=\"elementor-element elementor-element-dbc1985 elementor-widget elementor-widget-heading\" data-id=\"dbc1985\" data-element_type=\"widget\" data-e-type=\"widget\" data-widget_type=\"heading.default\">\n\t\t\t\t<div class=\"elementor-widget-container\">\n\t\t\t\t\t<h3 class=\"elementor-heading-title elementor-size-default\">M\u00f6chtest du selbst Reittourguide werden?<\/h3>\t\t\t\t<\/div>\n\t\t\t\t<\/div>\n\t\t\t\t<div class=\"elementor-element elementor-element-dda3ad5 elementor-widget elementor-widget-text-editor\" data-id=\"dda3ad5\" data-element_type=\"widget\" data-e-type=\"widget\" data-widget_type=\"text-editor.default\">\n\t\t\t\t<div class=\"elementor-widget-container\">\n\t\t\t\t\t\t\t\t\t<p>Falls du noch davon tr\u00e4umst, selbst als Guide zu arbeiten, dann wirf gerne einen Blick in meine <span style=\"text-decoration: underline;\"><a href=\"https:\/\/tannis-ausritte.de\/checkliste-reitpraktikum\/\">Checkliste f\u00fcrs Reitpraktikum<\/a><\/span> oder lies in <span style=\"text-decoration: underline;\"><a href=\"https:\/\/tannis-ausritte.de\/praktika\/\">meinen Berichten<\/a><\/span> nach, wie ein typischer Arbeitstag aussehen kann.\u00a0<\/p>\t\t\t\t\t\t\t\t<\/div>\n\t\t\t\t<\/div>\n\t\t\t\t\t<\/div>\n\t\t<\/div>\n\t\t\t\t<div class=\"elementor-column elementor-col-50 elementor-top-column elementor-element elementor-element-0c007c1\" data-id=\"0c007c1\" data-element_type=\"column\" data-e-type=\"column\">\n\t\t\t<div class=\"elementor-widget-wrap elementor-element-populated\">\n\t\t\t\t\t\t<div class=\"elementor-element elementor-element-63708b6 elementor-widget elementor-widget-image\" data-id=\"63708b6\" data-element_type=\"widget\" data-e-type=\"widget\" data-widget_type=\"image.default\">\n\t\t\t\t<div class=\"elementor-widget-container\">\n\t\t\t\t\t\t\t\t\t\t\t\t\t\t\t<img decoding=\"async\" width=\"807\" height=\"1024\" src=\"https:\/\/i0.wp.com\/tannis-ausritte.de\/wp-content\/uploads\/2025\/02\/IMG_2615-e1739783720789.png?fit=807%2C1024&amp;ssl=1\" class=\"attachment-large size-large wp-image-8385\" alt=\"Said Cavali 5 h Berge und Strand, Reittourguide Erfahrungen\" srcset=\"https:\/\/i0.wp.com\/tannis-ausritte.de\/wp-content\/uploads\/2025\/02\/IMG_2615-e1739783720789.png?w=1044&amp;ssl=1 1044w, https:\/\/i0.wp.com\/tannis-ausritte.de\/wp-content\/uploads\/2025\/02\/IMG_2615-e1739783720789.png?resize=236%2C300&amp;ssl=1 236w, https:\/\/i0.wp.com\/tannis-ausritte.de\/wp-content\/uploads\/2025\/02\/IMG_2615-e1739783720789.png?resize=807%2C1024&amp;ssl=1 807w, https:\/\/i0.wp.com\/tannis-ausritte.de\/wp-content\/uploads\/2025\/02\/IMG_2615-e1739783720789.png?resize=768%2C975&amp;ssl=1 768w, https:\/\/i0.wp.com\/tannis-ausritte.de\/wp-content\/uploads\/2025\/02\/IMG_2615-e1739783720789.png?resize=600%2C761&amp;ssl=1 600w\" sizes=\"(max-width: 807px) 100vw, 807px\" title=\"\">\t\t\t\t\t\t\t\t\t\t\t\t\t\t\t<\/div>\n\t\t\t\t<\/div>\n\t\t\t\t\t<\/div>\n\t\t<\/div>\n\t\t\t\t\t<\/div>\n\t\t<\/section>\n\t\t\t\t<section class=\"elementor-section elementor-top-section elementor-element elementor-element-1eb8b71 elementor-section-boxed elementor-section-height-default elementor-section-height-default\" data-id=\"1eb8b71\" data-element_type=\"section\" data-e-type=\"section\">\n\t\t\t\t\t\t<div class=\"elementor-container elementor-column-gap-default\">\n\t\t\t\t\t<div class=\"elementor-column elementor-col-100 elementor-top-column elementor-element elementor-element-a327172\" data-id=\"a327172\" data-element_type=\"column\" data-e-type=\"column\">\n\t\t\t<div class=\"elementor-widget-wrap elementor-element-populated\">\n\t\t\t\t\t\t<div class=\"elementor-element elementor-element-2ff5204 elementor-widget elementor-widget-text-editor\" data-id=\"2ff5204\" data-element_type=\"widget\" data-e-type=\"widget\" data-widget_type=\"text-editor.default\">\n\t\t\t\t<div class=\"elementor-widget-container\">\n\t\t\t\t\t\t\t\t\t<p>* Affiliate Link \/ Werbung<\/p>\t\t\t\t\t\t\t\t<\/div>\n\t\t\t\t<\/div>\n\t\t\t\t\t<\/div>\n\t\t<\/div>\n\t\t\t\t\t<\/div>\n\t\t<\/section>\n\t\t\t\t<\/div>\n\t\t","protected":false},"excerpt":{"rendered":"<p>Meine Reittourguide Erfahrungen &#8211; Arbeiten mit Pferden weltweit Inhaltsverzeichnis Wie alles begann Pferde begleiten mich schon mein ganzes Leben &#8211; und irgendwann war mir klar: Ich will nicht nur reiten, ich will Menschen besondere Erlebnisse im Sattel erm\u00f6glichen.\u00a0 So habe ich nach und nach meine Leidenschaft zum Beruf gemacht &#8211; als Reittourguide.\u00a0In verschiedenen L\u00e4ndern und &#8230; <a title=\"Riding Tour Guide Experiences\" class=\"read-more\" href=\"https:\/\/tannis-ausritte.de\/en\/reittourguide-erfahrungen\/\" aria-label=\"Read more about Reittourguide Erfahrungen\">Read more<\/a><\/p>","protected":false},"author":1,"featured_media":0,"parent":0,"menu_order":0,"comment_status":"closed","ping_status":"closed","template":"","meta":{"footnotes":""},"class_list":["post-10595","page","type-page","status-publish"],"jetpack_sharing_enabled":true,"_links":{"self":[{"href":"https:\/\/tannis-ausritte.de\/en\/wp-json\/wp\/v2\/pages\/10595","targetHints":{"allow":["GET"]}}],"collection":[{"href":"https:\/\/tannis-ausritte.de\/en\/wp-json\/wp\/v2\/pages"}],"about":[{"href":"https:\/\/tannis-ausritte.de\/en\/wp-json\/wp\/v2\/types\/page"}],"author":[{"embeddable":true,"href":"https:\/\/tannis-ausritte.de\/en\/wp-json\/wp\/v2\/users\/1"}],"replies":[{"embeddable":true,"href":"https:\/\/tannis-ausritte.de\/en\/wp-json\/wp\/v2\/comments?post=10595"}],"version-history":[{"count":14,"href":"https:\/\/tannis-ausritte.de\/en\/wp-json\/wp\/v2\/pages\/10595\/revisions"}],"predecessor-version":[{"id":10615,"href":"https:\/\/tannis-ausritte.de\/en\/wp-json\/wp\/v2\/pages\/10595\/revisions\/10615"}],"wp:attachment":[{"href":"https:\/\/tannis-ausritte.de\/en\/wp-json\/wp\/v2\/media?parent=10595"}],"curies":[{"name":"wp","href":"https:\/\/api.w.org\/{rel}","templated":true}]}}